{"id":3392,"date":"2024-06-10T13:55:34","date_gmt":"2024-06-10T12:55:34","guid":{"rendered":"https:\/\/ortopediagot.net\/?post_type=product&#038;p=3392"},"modified":"2024-06-10T13:55:35","modified_gmt":"2024-06-10T12:55:35","slug":"taburete-de-ducha-plegable-bora","status":"publish","type":"product","link":"https:\/\/ortopediagot.net\/Inicio\/producto\/taburete-de-ducha-plegable-bora\/","title":{"rendered":"TABURETE DE DUCHA PLEGABLE BORA"},"content":{"rendered":"<p>TABURETE DE DUCHA PLEGABLE BORA (812031, 812031.GRIS)<\/p>\n<div class=\"tsf-campo-acf-titulo tsf-campo-acf-titulo-caracteristicas tsf_campo-acf tsf_caracteristicas\"><strong>Caracter\u00edsticas<\/strong><\/div>\n<div><\/div>\n<div class=\"tsf-campo-acf-valores tsf-campo-acf-valores-caracteristicas tsf_campo-acf tsf_caracteristicas\">Una versi\u00f3n plegable del taburete Bora para un f\u00e1cil almacenamiento despu\u00e9s del uso.<br \/>\nF\u00e1cil ajuste de altura en 3 posiciones.<br \/>\n2 colores: blanco o gris.<br \/>\nDimensiones del suelo: ancho. 53 x prof. 43\/47 cm.<br \/>\nDimensiones de asiento: ancho 51 x prof. 30 x alto. 43\/47 cm.<br \/>\nAsiento con asas pr\u00e1cticas.<br \/>\nAltura ajustable.<\/div>\n<div class=\"tsf-campo-acf-titulo tsf-campo-acf-titulo-pa_colores tsf_campo-acf tsf_pa_colores\"><\/div>\n<div><strong>Color<\/strong><\/div>\n<div><\/div>\n<div class=\"tsf-campo-acf-valores tsf-campo-acf-valores-pa_colores tsf_campo-acf tsf_pa_colores\">BLANCO, GRIS<\/div>\n","protected":false},"excerpt":{"rendered":"<p>TABURETE DE DUCHA PLEGABLE BORA (812031, 812031.GRIS) Caracter\u00edsticas Una versi\u00f3n plegable del taburete Bora para un f\u00e1cil almacenamiento despu\u00e9s del uso. F\u00e1cil ajuste de altura en 3 posiciones. 2 colores: blanco o gris. Dimensiones del suelo: ancho. 53 x prof. 43\/47 cm. Dimensiones de asiento: ancho 51 x prof. 30 x alto. 43\/47 cm. Asiento [&hellip;]<\/p>\n","protected":false},"featured_media":3393,"comment_status":"open","ping_status":"closed","template":"","meta":{"saved_in_kubio":false},"product_brand":[],"product_cat":[85],"product_tag":[118],"class_list":{"0":"post-3392","1":"product","2":"type-product","3":"status-publish","4":"has-post-thumbnail","6":"product_cat-sillas-y-taburetes-de-duchas","7":"product_tag-emo","9":"first","10":"instock","11":"shipping-taxable","12":"product-type-simple"},"_links":{"self":[{"href":"https:\/\/ortopediagot.net\/Inicio\/wp-json\/wp\/v2\/product\/3392"}],"collection":[{"href":"https:\/\/ortopediagot.net\/Inicio\/wp-json\/wp\/v2\/product"}],"about":[{"href":"https:\/\/ortopediagot.net\/Inicio\/wp-json\/wp\/v2\/types\/product"}],"replies":[{"embeddable":true,"href":"https:\/\/ortopediagot.net\/Inicio\/wp-json\/wp\/v2\/comments?post=3392"}],"wp:featuredmedia":[{"embeddable":true,"href":"https:\/\/ortopediagot.net\/Inicio\/wp-json\/wp\/v2\/media\/3393"}],"wp:attachment":[{"href":"https:\/\/ortopediagot.net\/Inicio\/wp-json\/wp\/v2\/media?parent=3392"}],"wp:term":[{"taxonomy":"product_brand","embeddable":true,"href":"https:\/\/ortopediagot.net\/Inicio\/wp-json\/wp\/v2\/product_brand?post=3392"},{"taxonomy":"product_cat","embeddable":true,"href":"https:\/\/ortopediagot.net\/Inicio\/wp-json\/wp\/v2\/product_cat?post=3392"},{"taxonomy":"product_tag","embeddable":true,"href":"https:\/\/ortopediagot.net\/Inicio\/wp-json\/wp\/v2\/product_tag?post=3392"}],"curies":[{"name":"wp","href":"https:\/\/api.w.org\/{rel}","templated":true}]}}