{"id":3396,"date":"2024-06-10T13:58:17","date_gmt":"2024-06-10T12:58:17","guid":{"rendered":"https:\/\/ortopediagot.net\/?post_type=product&#038;p=3396"},"modified":"2024-06-10T13:58:18","modified_gmt":"2024-06-10T12:58:18","slug":"silla-de-ducha-bora","status":"publish","type":"product","link":"https:\/\/ortopediagot.net\/Inicio\/producto\/silla-de-ducha-bora\/","title":{"rendered":"SILLA DE DUCHA BORA"},"content":{"rendered":"<p>SILLA DE DUCHA BORA (812033.B, 812033.G)<\/p>\n<div class=\"tsf-campo-acf-titulo tsf-campo-acf-titulo-caracteristicas tsf_campo-acf tsf_caracteristicas\"><strong>Caracter\u00edsticas<\/strong><\/div>\n<div><\/div>\n<div class=\"tsf-campo-acf-valores tsf-campo-acf-valores-caracteristicas tsf_campo-acf tsf_caracteristicas\">Nuestra silla de ducha Bora le permitir\u00e1 ducharse de forma c\u00f3moda y segura.<br \/>\nSu amplio asiento anat\u00f3mico est\u00e1 equipado con orificios de desag\u00fce, 2 asas para levantarlo, una superficie antideslizante de grano y 2 espacios para fijar el grifoducha.<br \/>\nMontaje mediante 5 ruedas sin herramientas en pocos minutos.<br \/>\nAltura del asiento regulable en 8 posiciones.<br \/>\nAsiento con abertura anat\u00f3mica en la parte delantera.<br \/>\nAsas laterales anat\u00f3micas.<br \/>\nAltura ajustable.<br \/>\nSuperficie: anchura 43 x profundidad 44 a 49,5 cm.<br \/>\nPeso 2,6 kg.<br \/>\nDimensiones del asiento: anchura 48,5 x profundidad 33 x altura de 35 a 53 cm.<br \/>\nDimensiones del respaldo: ancho 38 x alto 22 cm.<br \/>\nAltura desde el asiento 33 cm.<br \/>\n2 colores: blanco y gris.<br \/>\nPeso m\u00e1ximo usuario 100 kg.<\/div>\n<div class=\"tsf-campo-acf-titulo tsf-campo-acf-titulo-pa_colores tsf_campo-acf tsf_pa_colores\"><\/div>\n<div><strong>Color<\/strong><\/div>\n<div><\/div>\n<div class=\"tsf-campo-acf-valores tsf-campo-acf-valores-pa_colores tsf_campo-acf tsf_pa_colores\">BLANCO, GRIS<\/div>\n","protected":false},"excerpt":{"rendered":"<p>SILLA DE DUCHA BORA (812033.B, 812033.G) Caracter\u00edsticas Nuestra silla de ducha Bora le permitir\u00e1 ducharse de forma c\u00f3moda y segura. Su amplio asiento anat\u00f3mico est\u00e1 equipado con orificios de desag\u00fce, 2 asas para levantarlo, una superficie antideslizante de grano y 2 espacios para fijar el grifoducha. Montaje mediante 5 ruedas sin herramientas en pocos minutos. [&hellip;]<\/p>\n","protected":false},"featured_media":3397,"comment_status":"open","ping_status":"closed","template":"","meta":{"saved_in_kubio":false},"product_brand":[],"product_cat":[85],"product_tag":[118],"class_list":{"0":"post-3396","1":"product","2":"type-product","3":"status-publish","4":"has-post-thumbnail","6":"product_cat-sillas-y-taburetes-de-duchas","7":"product_tag-emo","9":"first","10":"instock","11":"shipping-taxable","12":"product-type-simple"},"_links":{"self":[{"href":"https:\/\/ortopediagot.net\/Inicio\/wp-json\/wp\/v2\/product\/3396"}],"collection":[{"href":"https:\/\/ortopediagot.net\/Inicio\/wp-json\/wp\/v2\/product"}],"about":[{"href":"https:\/\/ortopediagot.net\/Inicio\/wp-json\/wp\/v2\/types\/product"}],"replies":[{"embeddable":true,"href":"https:\/\/ortopediagot.net\/Inicio\/wp-json\/wp\/v2\/comments?post=3396"}],"wp:featuredmedia":[{"embeddable":true,"href":"https:\/\/ortopediagot.net\/Inicio\/wp-json\/wp\/v2\/media\/3397"}],"wp:attachment":[{"href":"https:\/\/ortopediagot.net\/Inicio\/wp-json\/wp\/v2\/media?parent=3396"}],"wp:term":[{"taxonomy":"product_brand","embeddable":true,"href":"https:\/\/ortopediagot.net\/Inicio\/wp-json\/wp\/v2\/product_brand?post=3396"},{"taxonomy":"product_cat","embeddable":true,"href":"https:\/\/ortopediagot.net\/Inicio\/wp-json\/wp\/v2\/product_cat?post=3396"},{"taxonomy":"product_tag","embeddable":true,"href":"https:\/\/ortopediagot.net\/Inicio\/wp-json\/wp\/v2\/product_tag?post=3396"}],"curies":[{"name":"wp","href":"https:\/\/api.w.org\/{rel}","templated":true}]}}