{"id":3406,"date":"2024-06-11T10:59:13","date_gmt":"2024-06-11T09:59:13","guid":{"rendered":"https:\/\/ortopediagot.net\/?post_type=product&#038;p=3406"},"modified":"2024-06-11T10:59:13","modified_gmt":"2024-06-11T09:59:13","slug":"taburete-de-ducha-oasis","status":"publish","type":"product","link":"https:\/\/ortopediagot.net\/Inicio\/producto\/taburete-de-ducha-oasis\/","title":{"rendered":"TABURETE DE DUCHA OASIS"},"content":{"rendered":"<p>TABURETE DE DUCHA OASIS (812004)<\/p>\n<div class=\"tsf-campo-acf-titulo tsf-campo-acf-titulo-caracteristicas tsf_campo-acf tsf_caracteristicas\"><strong>Caracter\u00edsticas<\/strong><\/div>\n<div><\/div>\n<div class=\"tsf-campo-acf-valores tsf-campo-acf-valores-caracteristicas tsf_campo-acf tsf_caracteristicas\">El taburete de ducha Oasis le permite sentarse c\u00f3modamente en un peque\u00f1o plato de ducha, mientras que el taburete est\u00e1 equipado con reposabrazos, que es muy pr\u00e1ctico para ayudar a personas mayores con problemas de movilidad.<br \/>\nEl asiento es desmontable para facilitar su limpieza.<br \/>\nLa amplitud entre los reposabrazos (52 cm) permite sentarse a personas anchas.<br \/>\nTaburete ultraestable y resistente gracias a su estructura reforzada.<br \/>\nDimensiones del suelo: ancho. 48 x prof. 47 cm.<br \/>\nDimensiones del asiento: ancho 42 x prof. 28 cm.<br \/>\nAsiento regulable en altura de 48 a 63 cm.<br \/>\nPeso m\u00e1ximo usuario de 154 kg.<\/div>\n","protected":false},"excerpt":{"rendered":"<p>TABURETE DE DUCHA OASIS (812004) Caracter\u00edsticas El taburete de ducha Oasis le permite sentarse c\u00f3modamente en un peque\u00f1o plato de ducha, mientras que el taburete est\u00e1 equipado con reposabrazos, que es muy pr\u00e1ctico para ayudar a personas mayores con problemas de movilidad. El asiento es desmontable para facilitar su limpieza. La amplitud entre los reposabrazos [&hellip;]<\/p>\n","protected":false},"featured_media":3407,"comment_status":"open","ping_status":"closed","template":"","meta":{"saved_in_kubio":false},"product_brand":[],"product_cat":[85],"product_tag":[118],"class_list":{"0":"post-3406","1":"product","2":"type-product","3":"status-publish","4":"has-post-thumbnail","6":"product_cat-sillas-y-taburetes-de-duchas","7":"product_tag-emo","9":"first","10":"instock","11":"shipping-taxable","12":"product-type-simple"},"_links":{"self":[{"href":"https:\/\/ortopediagot.net\/Inicio\/wp-json\/wp\/v2\/product\/3406"}],"collection":[{"href":"https:\/\/ortopediagot.net\/Inicio\/wp-json\/wp\/v2\/product"}],"about":[{"href":"https:\/\/ortopediagot.net\/Inicio\/wp-json\/wp\/v2\/types\/product"}],"replies":[{"embeddable":true,"href":"https:\/\/ortopediagot.net\/Inicio\/wp-json\/wp\/v2\/comments?post=3406"}],"wp:featuredmedia":[{"embeddable":true,"href":"https:\/\/ortopediagot.net\/Inicio\/wp-json\/wp\/v2\/media\/3407"}],"wp:attachment":[{"href":"https:\/\/ortopediagot.net\/Inicio\/wp-json\/wp\/v2\/media?parent=3406"}],"wp:term":[{"taxonomy":"product_brand","embeddable":true,"href":"https:\/\/ortopediagot.net\/Inicio\/wp-json\/wp\/v2\/product_brand?post=3406"},{"taxonomy":"product_cat","embeddable":true,"href":"https:\/\/ortopediagot.net\/Inicio\/wp-json\/wp\/v2\/product_cat?post=3406"},{"taxonomy":"product_tag","embeddable":true,"href":"https:\/\/ortopediagot.net\/Inicio\/wp-json\/wp\/v2\/product_tag?post=3406"}],"curies":[{"name":"wp","href":"https:\/\/api.w.org\/{rel}","templated":true}]}}