{"id":3411,"date":"2024-06-11T11:02:45","date_gmt":"2024-06-11T10:02:45","guid":{"rendered":"https:\/\/ortopediagot.net\/?post_type=product&#038;p=3411"},"modified":"2024-06-11T11:02:46","modified_gmt":"2024-06-11T10:02:46","slug":"taburete-de-ducha-smart","status":"publish","type":"product","link":"https:\/\/ortopediagot.net\/Inicio\/producto\/taburete-de-ducha-smart\/","title":{"rendered":"TABURETE DE DUCHA SMART"},"content":{"rendered":"<p>TABURETE DE DUCHA SMART (812215, 812214)<\/p>\n<div class=\"tsf-campo-acf-titulo tsf-campo-acf-titulo-caracteristicas tsf_campo-acf tsf_caracteristicas\"><strong>Caracter\u00edsticas<\/strong><\/div>\n<div><\/div>\n<div class=\"tsf-campo-acf-valores tsf-campo-acf-valores-caracteristicas tsf_campo-acf tsf_caracteristicas\">Estructura de aluminio.<br \/>\nAjuste de altura f\u00e1cil y preciso.<br \/>\nResistencia a la corrosi\u00f3n.<br \/>\nOrificios para dejar fluir el agua.<br \/>\nDimensiones totales: 49,5 x53,5cm.<br \/>\nDimensiones asiento: ancho 43 x prof 38 x alto 42 a 57 cm.<br \/>\nPeso 3,15 kg.<br \/>\nPeso m\u00e1ximo usuario 150 kg.<\/p>\n<\/div>\n<div class=\"tsf-campo-acf-titulo tsf-campo-acf-titulo-pa_colores tsf_campo-acf tsf_pa_colores\"><b><i>Color<\/i><\/b><\/div>\n<div><\/div>\n<div class=\"tsf-campo-acf-valores tsf-campo-acf-valores-pa_colores tsf_campo-acf tsf_pa_colores\">AZUL, GRIS<\/div>\n","protected":false},"excerpt":{"rendered":"<p>TABURETE DE DUCHA SMART (812215, 812214) Caracter\u00edsticas Estructura de aluminio. Ajuste de altura f\u00e1cil y preciso. Resistencia a la corrosi\u00f3n. Orificios para dejar fluir el agua. Dimensiones totales: 49,5 x53,5cm. Dimensiones asiento: ancho 43 x prof 38 x alto 42 a 57 cm. Peso 3,15 kg. Peso m\u00e1ximo usuario 150 kg. Color AZUL, GRIS<\/p>\n","protected":false},"featured_media":3412,"comment_status":"open","ping_status":"closed","template":"","meta":{"saved_in_kubio":false},"product_brand":[],"product_cat":[85],"product_tag":[118],"class_list":{"0":"post-3411","1":"product","2":"type-product","3":"status-publish","4":"has-post-thumbnail","6":"product_cat-sillas-y-taburetes-de-duchas","7":"product_tag-emo","9":"first","10":"instock","11":"shipping-taxable","12":"product-type-simple"},"_links":{"self":[{"href":"https:\/\/ortopediagot.net\/Inicio\/wp-json\/wp\/v2\/product\/3411"}],"collection":[{"href":"https:\/\/ortopediagot.net\/Inicio\/wp-json\/wp\/v2\/product"}],"about":[{"href":"https:\/\/ortopediagot.net\/Inicio\/wp-json\/wp\/v2\/types\/product"}],"replies":[{"embeddable":true,"href":"https:\/\/ortopediagot.net\/Inicio\/wp-json\/wp\/v2\/comments?post=3411"}],"wp:featuredmedia":[{"embeddable":true,"href":"https:\/\/ortopediagot.net\/Inicio\/wp-json\/wp\/v2\/media\/3412"}],"wp:attachment":[{"href":"https:\/\/ortopediagot.net\/Inicio\/wp-json\/wp\/v2\/media?parent=3411"}],"wp:term":[{"taxonomy":"product_brand","embeddable":true,"href":"https:\/\/ortopediagot.net\/Inicio\/wp-json\/wp\/v2\/product_brand?post=3411"},{"taxonomy":"product_cat","embeddable":true,"href":"https:\/\/ortopediagot.net\/Inicio\/wp-json\/wp\/v2\/product_cat?post=3411"},{"taxonomy":"product_tag","embeddable":true,"href":"https:\/\/ortopediagot.net\/Inicio\/wp-json\/wp\/v2\/product_tag?post=3411"}],"curies":[{"name":"wp","href":"https:\/\/api.w.org\/{rel}","templated":true}]}}