{"id":3416,"date":"2024-06-11T11:10:02","date_gmt":"2024-06-11T10:10:02","guid":{"rendered":"https:\/\/ortopediagot.net\/?post_type=product&#038;p=3416"},"modified":"2024-06-11T11:10:02","modified_gmt":"2024-06-11T10:10:02","slug":"silla-de-ducha-con-acolchado","status":"publish","type":"product","link":"https:\/\/ortopediagot.net\/Inicio\/producto\/silla-de-ducha-con-acolchado\/","title":{"rendered":"SILLA DE DUCHA CON ACOLCHADO"},"content":{"rendered":"<p>SILLA DE DUCHA CON ACOLCHADO (812057)<\/p>\n<div class=\"tsf-campo-acf-titulo tsf-campo-acf-titulo-caracteristicas tsf_campo-acf tsf_caracteristicas\"><strong>Caracter\u00edsticas<\/strong><\/div>\n<div><\/div>\n<div class=\"tsf-campo-acf-valores tsf-campo-acf-valores-caracteristicas tsf_campo-acf tsf_caracteristicas\">Esta silla alta de ducha ofrece un asiento ligeramente inclinado haceia delante que facilita la incorporaci\u00f3n.<br \/>\nEl asiento y el respaldo est\u00e1n hechos de espuma muy f\u00e1cil de limpiar.<br \/>\nEstructura de acero reforzado y pintado en blanco.<br \/>\nDimensiones generales: ancho 58 x prof. 41 cm.<br \/>\nDimensiones de asiento: ancho 36 x prof. 29 x alto.<br \/>\nAjustable de 52 a 67 cm.<br \/>\nAncho entre los reposabrazos 51 cm.<br \/>\nPeso 5,3 kg.<br \/>\nPeso m\u00e1ximo usuario 160 kg.<\/div>\n<div class=\"tsf-campo-acf-titulo tsf-campo-acf-titulo-pa_colores tsf_campo-acf tsf_pa_colores\"><\/div>\n<div><strong>Color<\/strong><\/div>\n<div><\/div>\n<div class=\"tsf-campo-acf-valores tsf-campo-acf-valores-pa_colores tsf_campo-acf tsf_pa_colores\">AZUL, GRIS<\/div>\n","protected":false},"excerpt":{"rendered":"<p>SILLA DE DUCHA CON ACOLCHADO (812057) Caracter\u00edsticas Esta silla alta de ducha ofrece un asiento ligeramente inclinado haceia delante que facilita la incorporaci\u00f3n. El asiento y el respaldo est\u00e1n hechos de espuma muy f\u00e1cil de limpiar. Estructura de acero reforzado y pintado en blanco. Dimensiones generales: ancho 58 x prof. 41 cm. Dimensiones de asiento: [&hellip;]<\/p>\n","protected":false},"featured_media":3417,"comment_status":"open","ping_status":"closed","template":"","meta":{"saved_in_kubio":false},"product_brand":[],"product_cat":[85],"product_tag":[118],"class_list":{"0":"post-3416","1":"product","2":"type-product","3":"status-publish","4":"has-post-thumbnail","6":"product_cat-sillas-y-taburetes-de-duchas","7":"product_tag-emo","9":"first","10":"instock","11":"shipping-taxable","12":"product-type-simple"},"_links":{"self":[{"href":"https:\/\/ortopediagot.net\/Inicio\/wp-json\/wp\/v2\/product\/3416"}],"collection":[{"href":"https:\/\/ortopediagot.net\/Inicio\/wp-json\/wp\/v2\/product"}],"about":[{"href":"https:\/\/ortopediagot.net\/Inicio\/wp-json\/wp\/v2\/types\/product"}],"replies":[{"embeddable":true,"href":"https:\/\/ortopediagot.net\/Inicio\/wp-json\/wp\/v2\/comments?post=3416"}],"wp:featuredmedia":[{"embeddable":true,"href":"https:\/\/ortopediagot.net\/Inicio\/wp-json\/wp\/v2\/media\/3417"}],"wp:attachment":[{"href":"https:\/\/ortopediagot.net\/Inicio\/wp-json\/wp\/v2\/media?parent=3416"}],"wp:term":[{"taxonomy":"product_brand","embeddable":true,"href":"https:\/\/ortopediagot.net\/Inicio\/wp-json\/wp\/v2\/product_brand?post=3416"},{"taxonomy":"product_cat","embeddable":true,"href":"https:\/\/ortopediagot.net\/Inicio\/wp-json\/wp\/v2\/product_cat?post=3416"},{"taxonomy":"product_tag","embeddable":true,"href":"https:\/\/ortopediagot.net\/Inicio\/wp-json\/wp\/v2\/product_tag?post=3416"}],"curies":[{"name":"wp","href":"https:\/\/api.w.org\/{rel}","templated":true}]}}