{"id":3423,"date":"2024-06-11T11:28:47","date_gmt":"2024-06-11T10:28:47","guid":{"rendered":"https:\/\/ortopediagot.net\/?post_type=product&#038;p=3423"},"modified":"2024-06-11T11:28:47","modified_gmt":"2024-06-11T10:28:47","slug":"taburete-de-ducha-con-acolchado","status":"publish","type":"product","link":"https:\/\/ortopediagot.net\/Inicio\/producto\/taburete-de-ducha-con-acolchado\/","title":{"rendered":"TABURETE DE DUCHA CON ACOLCHADO"},"content":{"rendered":"<p>TABURETE DE DUCHA CON ACOLCHADO (812135)<\/p>\n<div class=\"tsf-campo-acf-titulo tsf-campo-acf-titulo-caracteristicas tsf_campo-acf tsf_caracteristicas\"><strong>Caracter\u00edsticas<\/strong><\/div>\n<div><\/div>\n<div class=\"tsf-campo-acf-valores tsf-campo-acf-valores-caracteristicas tsf_campo-acf tsf_caracteristicas\">Esta silla alta de ducha ofrece un asiento ligeramente inclinado hacia delante que facilita la incorporaci\u00f3n.<br \/>\nEl asiento y el respaldo est\u00e1n hechos de espuma muy f\u00e1cil de limpiar.<br \/>\nEstructura de acero reforzado y pintado en blanco.<br \/>\nDimensiones generales: ancho 58 x prof. 41 cm.<br \/>\nDimensiones de asiento: ancho 36 x prof. 29 x alto ajustable de 52 a 67 cm.<br \/>\nAncho entre reposabrazos 47 cm.<br \/>\nPeso 4,7 kg.<br \/>\nPeso m\u00e1ximo usuario 160 kg.<\/div>\n","protected":false},"excerpt":{"rendered":"<p>TABURETE DE DUCHA CON ACOLCHADO (812135) Caracter\u00edsticas Esta silla alta de ducha ofrece un asiento ligeramente inclinado hacia delante que facilita la incorporaci\u00f3n. El asiento y el respaldo est\u00e1n hechos de espuma muy f\u00e1cil de limpiar. Estructura de acero reforzado y pintado en blanco. Dimensiones generales: ancho 58 x prof. 41 cm. Dimensiones de asiento: [&hellip;]<\/p>\n","protected":false},"featured_media":3424,"comment_status":"open","ping_status":"closed","template":"","meta":{"saved_in_kubio":false},"product_brand":[],"product_cat":[85],"product_tag":[118],"class_list":{"0":"post-3423","1":"product","2":"type-product","3":"status-publish","4":"has-post-thumbnail","6":"product_cat-sillas-y-taburetes-de-duchas","7":"product_tag-emo","9":"first","10":"instock","11":"shipping-taxable","12":"product-type-simple"},"_links":{"self":[{"href":"https:\/\/ortopediagot.net\/Inicio\/wp-json\/wp\/v2\/product\/3423"}],"collection":[{"href":"https:\/\/ortopediagot.net\/Inicio\/wp-json\/wp\/v2\/product"}],"about":[{"href":"https:\/\/ortopediagot.net\/Inicio\/wp-json\/wp\/v2\/types\/product"}],"replies":[{"embeddable":true,"href":"https:\/\/ortopediagot.net\/Inicio\/wp-json\/wp\/v2\/comments?post=3423"}],"wp:featuredmedia":[{"embeddable":true,"href":"https:\/\/ortopediagot.net\/Inicio\/wp-json\/wp\/v2\/media\/3424"}],"wp:attachment":[{"href":"https:\/\/ortopediagot.net\/Inicio\/wp-json\/wp\/v2\/media?parent=3423"}],"wp:term":[{"taxonomy":"product_brand","embeddable":true,"href":"https:\/\/ortopediagot.net\/Inicio\/wp-json\/wp\/v2\/product_brand?post=3423"},{"taxonomy":"product_cat","embeddable":true,"href":"https:\/\/ortopediagot.net\/Inicio\/wp-json\/wp\/v2\/product_cat?post=3423"},{"taxonomy":"product_tag","embeddable":true,"href":"https:\/\/ortopediagot.net\/Inicio\/wp-json\/wp\/v2\/product_tag?post=3423"}],"curies":[{"name":"wp","href":"https:\/\/api.w.org\/{rel}","templated":true}]}}