{"id":3425,"date":"2024-06-11T11:30:21","date_gmt":"2024-06-11T10:30:21","guid":{"rendered":"https:\/\/ortopediagot.net\/?post_type=product&#038;p=3425"},"modified":"2024-06-11T11:30:22","modified_gmt":"2024-06-11T10:30:22","slug":"taburete-de-ducha-cap-vert","status":"publish","type":"product","link":"https:\/\/ortopediagot.net\/Inicio\/producto\/taburete-de-ducha-cap-vert\/","title":{"rendered":"TABURETE DE DUCHA CAP VERT"},"content":{"rendered":"<p>TABURETE DE DUCHA CAP VERT (812216, 812217, 812218)<\/p>\n<div class=\"tsf-campo-acf-titulo tsf-campo-acf-titulo-caracteristicas tsf_campo-acf tsf_caracteristicas\"><strong>Caracter\u00edsticas<\/strong><\/div>\n<div><\/div>\n<div class=\"tsf-campo-acf-valores tsf-campo-acf-valores-caracteristicas tsf_campo-acf tsf_caracteristicas\">Nuestro taburete de ducha Cap Vert garantiza una ducha c\u00f3moda en su ducha, y gracias a su asiento flexible y c\u00f3modo, estar\u00e1 bien posicionado para relajarse.<br \/>\nSu robusta estructura de aluminio est\u00e1 garantizada contra la corrosi\u00f3n.<br \/>\nEl recorte anat\u00f3mico del asiento es muy pr\u00e1ctico.<br \/>\nDimensiones generales: ancho 52.5 x prof. 53.5 x altura. 60 a 77 cm.<br \/>\nDimensiones de asiento: ancho 42 x prof. 34 x alto. 42 a 59 cm.<br \/>\nPeso 2,7 kg.<br \/>\nPeso m\u00e1ximo usuario 150 kg.<br \/>\nRespaldo Cap Vert disponible como opci\u00f3n.<br \/>\nTres anchuras de asiento: 42 cm, 47 cm, 52 cm.<\/div>\n<div class=\"tsf-campo-acf-titulo tsf-campo-acf-titulo-pa_medidas tsf_campo-acf tsf_pa_medidas\"><\/div>\n<div><strong>Medidas<\/strong><\/div>\n<div><\/div>\n<div class=\"tsf-campo-acf-valores tsf-campo-acf-valores-pa_medidas tsf_campo-acf tsf_pa_medidas\">42 CM, 47 CM, 52 CM<\/div>\n","protected":false},"excerpt":{"rendered":"<p>TABURETE DE DUCHA CAP VERT (812216, 812217, 812218) Caracter\u00edsticas Nuestro taburete de ducha Cap Vert garantiza una ducha c\u00f3moda en su ducha, y gracias a su asiento flexible y c\u00f3modo, estar\u00e1 bien posicionado para relajarse. Su robusta estructura de aluminio est\u00e1 garantizada contra la corrosi\u00f3n. El recorte anat\u00f3mico del asiento es muy pr\u00e1ctico. Dimensiones generales: [&hellip;]<\/p>\n","protected":false},"featured_media":3426,"comment_status":"open","ping_status":"closed","template":"","meta":{"saved_in_kubio":false},"product_brand":[],"product_cat":[85],"product_tag":[118],"class_list":{"0":"post-3425","1":"product","2":"type-product","3":"status-publish","4":"has-post-thumbnail","6":"product_cat-sillas-y-taburetes-de-duchas","7":"product_tag-emo","9":"first","10":"instock","11":"shipping-taxable","12":"product-type-simple"},"_links":{"self":[{"href":"https:\/\/ortopediagot.net\/Inicio\/wp-json\/wp\/v2\/product\/3425"}],"collection":[{"href":"https:\/\/ortopediagot.net\/Inicio\/wp-json\/wp\/v2\/product"}],"about":[{"href":"https:\/\/ortopediagot.net\/Inicio\/wp-json\/wp\/v2\/types\/product"}],"replies":[{"embeddable":true,"href":"https:\/\/ortopediagot.net\/Inicio\/wp-json\/wp\/v2\/comments?post=3425"}],"wp:featuredmedia":[{"embeddable":true,"href":"https:\/\/ortopediagot.net\/Inicio\/wp-json\/wp\/v2\/media\/3426"}],"wp:attachment":[{"href":"https:\/\/ortopediagot.net\/Inicio\/wp-json\/wp\/v2\/media?parent=3425"}],"wp:term":[{"taxonomy":"product_brand","embeddable":true,"href":"https:\/\/ortopediagot.net\/Inicio\/wp-json\/wp\/v2\/product_brand?post=3425"},{"taxonomy":"product_cat","embeddable":true,"href":"https:\/\/ortopediagot.net\/Inicio\/wp-json\/wp\/v2\/product_cat?post=3425"},{"taxonomy":"product_tag","embeddable":true,"href":"https:\/\/ortopediagot.net\/Inicio\/wp-json\/wp\/v2\/product_tag?post=3425"}],"curies":[{"name":"wp","href":"https:\/\/api.w.org\/{rel}","templated":true}]}}