{"id":3445,"date":"2024-06-11T11:48:13","date_gmt":"2024-06-11T10:48:13","guid":{"rendered":"https:\/\/ortopediagot.net\/?post_type=product&#038;p=3445"},"modified":"2024-06-11T11:48:14","modified_gmt":"2024-06-11T10:48:14","slug":"asiento-de-ducha-honolulu-2","status":"publish","type":"product","link":"https:\/\/ortopediagot.net\/Inicio\/producto\/asiento-de-ducha-honolulu-2\/","title":{"rendered":"ASIENTO DE DUCHA HONOLULU"},"content":{"rendered":"<p>ASIENTO DE DUCHA HONOLULU (812125, 812126)<\/p>\n<div class=\"tsf-campo-acf-titulo tsf-campo-acf-titulo-caracteristicas tsf_campo-acf tsf_caracteristicas\"><strong>Caracter\u00edsticas<\/strong><\/div>\n<div><\/div>\n<div class=\"tsf-campo-acf-valores tsf-campo-acf-valores-caracteristicas tsf_campo-acf tsf_caracteristicas\">Este asiento de ducha muy robusto est\u00e1 fabricado completamente en acero inoxidable tratado con epoxi para garantizar una perfecta protecci\u00f3n contra la corrosi\u00f3n.<br \/>\nEl asiento anat\u00f3mico est\u00e1 acolchado para una comodidad de uso excepcional, su corte anat\u00f3mico permite una higiene \u00edntima m\u00e1s f\u00e1cil.<br \/>\nLa unidad puede abatirse contra la pared para permitir el libre acceso.<br \/>\nModelo ancho ideal para personas fuertes u obesas.<br \/>\nDimensiones totales: ancho 54 x profundidad 53 cm.<br \/>\nMedidas del asiento: Ancho 54 x Profundidad 43 x Alto 39 a 64 cm. Peso m\u00e1ximo usuario 253 kg.<\/div>\n<div class=\"tsf-campo-acf-titulo tsf-campo-acf-titulo-pa_tallas tsf_campo-acf tsf_pa_tallas\"><\/div>\n<div><strong>Tallas<\/strong><\/div>\n<div><\/div>\n<div class=\"tsf-campo-acf-valores tsf-campo-acf-valores-pa_tallas tsf_campo-acf tsf_pa_tallas\">NORMAL, L<\/div>\n","protected":false},"excerpt":{"rendered":"<p>ASIENTO DE DUCHA HONOLULU (812125, 812126) Caracter\u00edsticas Este asiento de ducha muy robusto est\u00e1 fabricado completamente en acero inoxidable tratado con epoxi para garantizar una perfecta protecci\u00f3n contra la corrosi\u00f3n. El asiento anat\u00f3mico est\u00e1 acolchado para una comodidad de uso excepcional, su corte anat\u00f3mico permite una higiene \u00edntima m\u00e1s f\u00e1cil. La unidad puede abatirse contra [&hellip;]<\/p>\n","protected":false},"featured_media":3446,"comment_status":"open","ping_status":"closed","template":"","meta":{"saved_in_kubio":false},"product_brand":[],"product_cat":[85],"product_tag":[118],"class_list":{"0":"post-3445","1":"product","2":"type-product","3":"status-publish","4":"has-post-thumbnail","6":"product_cat-sillas-y-taburetes-de-duchas","7":"product_tag-emo","9":"first","10":"instock","11":"shipping-taxable","12":"product-type-simple"},"_links":{"self":[{"href":"https:\/\/ortopediagot.net\/Inicio\/wp-json\/wp\/v2\/product\/3445"}],"collection":[{"href":"https:\/\/ortopediagot.net\/Inicio\/wp-json\/wp\/v2\/product"}],"about":[{"href":"https:\/\/ortopediagot.net\/Inicio\/wp-json\/wp\/v2\/types\/product"}],"replies":[{"embeddable":true,"href":"https:\/\/ortopediagot.net\/Inicio\/wp-json\/wp\/v2\/comments?post=3445"}],"wp:featuredmedia":[{"embeddable":true,"href":"https:\/\/ortopediagot.net\/Inicio\/wp-json\/wp\/v2\/media\/3446"}],"wp:attachment":[{"href":"https:\/\/ortopediagot.net\/Inicio\/wp-json\/wp\/v2\/media?parent=3445"}],"wp:term":[{"taxonomy":"product_brand","embeddable":true,"href":"https:\/\/ortopediagot.net\/Inicio\/wp-json\/wp\/v2\/product_brand?post=3445"},{"taxonomy":"product_cat","embeddable":true,"href":"https:\/\/ortopediagot.net\/Inicio\/wp-json\/wp\/v2\/product_cat?post=3445"},{"taxonomy":"product_tag","embeddable":true,"href":"https:\/\/ortopediagot.net\/Inicio\/wp-json\/wp\/v2\/product_tag?post=3445"}],"curies":[{"name":"wp","href":"https:\/\/api.w.org\/{rel}","templated":true}]}}