{"id":3450,"date":"2024-06-11T11:51:04","date_gmt":"2024-06-11T10:51:04","guid":{"rendered":"https:\/\/ortopediagot.net\/?post_type=product&#038;p=3450"},"modified":"2024-06-11T11:51:05","modified_gmt":"2024-06-11T10:51:05","slug":"silla-de-ducha-maldivas-wc","status":"publish","type":"product","link":"https:\/\/ortopediagot.net\/Inicio\/producto\/silla-de-ducha-maldivas-wc\/","title":{"rendered":"SILLA DE DUCHA MALDIVAS WC"},"content":{"rendered":"<p>SILLA DE DUCHA MALDIVAS WC (812028, 812029)<\/p>\n<div class=\"tsf-campo-acf-titulo tsf-campo-acf-titulo-caracteristicas tsf_campo-acf tsf_caracteristicas\"><strong>Caracter\u00edsticas<\/strong><\/div>\n<div><\/div>\n<div class=\"tsf-campo-acf-valores tsf-campo-acf-valores-caracteristicas tsf_campo-acf tsf_caracteristicas\">Nuestra silla de ducha Maldivas est\u00e1 equipada con un asiento y respaldo acolchados de espuma para brindar una comodidad de asiento excepcional para personas con movilidad reducida, y sus reposabrazos elevadores son muy \u00fatiles para apoyarse y levantarse m\u00e1s f\u00e1cilmente.<br \/>\nToda la unidad se puede abatir para dejar la cabina de ducha libre para otras personas de la familia Modelo con asiento completo.<br \/>\nNo est\u00e1 dise\u00f1ado para transferencias laterales repetidas.<br \/>\nEstructura de acero inoxidable tratada con epoxi.<br \/>\nDimensiones generales: ancho 60 x prof. 58,5 x 81\/106.<br \/>\nDimensiones de asiento: ancho 46 x prof. 45 x alto. 39\/64 cm.<br \/>\nAncho entre los reposabrazos 48 cm.<br \/>\nProfundidad plegada 255 mm.<br \/>\nPeso m\u00e1ximo usuario 253 kg.<\/div>\n<div class=\"tsf-campo-acf-titulo tsf-campo-acf-titulo-pa_tallas tsf_campo-acf tsf_pa_tallas\"><\/div>\n<div><strong>Tallas<\/strong><\/div>\n<div><\/div>\n<div class=\"tsf-campo-acf-valores tsf-campo-acf-valores-pa_tallas tsf_campo-acf tsf_pa_tallas\">NORMAL, L<\/div>\n","protected":false},"excerpt":{"rendered":"<p>SILLA DE DUCHA MALDIVAS WC (812028, 812029) Caracter\u00edsticas Nuestra silla de ducha Maldivas est\u00e1 equipada con un asiento y respaldo acolchados de espuma para brindar una comodidad de asiento excepcional para personas con movilidad reducida, y sus reposabrazos elevadores son muy \u00fatiles para apoyarse y levantarse m\u00e1s f\u00e1cilmente. Toda la unidad se puede abatir para [&hellip;]<\/p>\n","protected":false},"featured_media":3451,"comment_status":"open","ping_status":"closed","template":"","meta":{"saved_in_kubio":false},"product_brand":[],"product_cat":[85],"product_tag":[118],"class_list":{"0":"post-3450","1":"product","2":"type-product","3":"status-publish","4":"has-post-thumbnail","6":"product_cat-sillas-y-taburetes-de-duchas","7":"product_tag-emo","9":"first","10":"instock","11":"shipping-taxable","12":"product-type-simple"},"_links":{"self":[{"href":"https:\/\/ortopediagot.net\/Inicio\/wp-json\/wp\/v2\/product\/3450"}],"collection":[{"href":"https:\/\/ortopediagot.net\/Inicio\/wp-json\/wp\/v2\/product"}],"about":[{"href":"https:\/\/ortopediagot.net\/Inicio\/wp-json\/wp\/v2\/types\/product"}],"replies":[{"embeddable":true,"href":"https:\/\/ortopediagot.net\/Inicio\/wp-json\/wp\/v2\/comments?post=3450"}],"wp:featuredmedia":[{"embeddable":true,"href":"https:\/\/ortopediagot.net\/Inicio\/wp-json\/wp\/v2\/media\/3451"}],"wp:attachment":[{"href":"https:\/\/ortopediagot.net\/Inicio\/wp-json\/wp\/v2\/media?parent=3450"}],"wp:term":[{"taxonomy":"product_brand","embeddable":true,"href":"https:\/\/ortopediagot.net\/Inicio\/wp-json\/wp\/v2\/product_brand?post=3450"},{"taxonomy":"product_cat","embeddable":true,"href":"https:\/\/ortopediagot.net\/Inicio\/wp-json\/wp\/v2\/product_cat?post=3450"},{"taxonomy":"product_tag","embeddable":true,"href":"https:\/\/ortopediagot.net\/Inicio\/wp-json\/wp\/v2\/product_tag?post=3450"}],"curies":[{"name":"wp","href":"https:\/\/api.w.org\/{rel}","templated":true}]}}