{"id":3463,"date":"2024-06-11T11:56:39","date_gmt":"2024-06-11T10:56:39","guid":{"rendered":"https:\/\/ortopediagot.net\/?post_type=product&#038;p=3463"},"modified":"2024-06-11T11:56:40","modified_gmt":"2024-06-11T10:56:40","slug":"silla-de-ducha-kulan","status":"publish","type":"product","link":"https:\/\/ortopediagot.net\/Inicio\/producto\/silla-de-ducha-kulan\/","title":{"rendered":"SILLA DE DUCHA KULAN"},"content":{"rendered":"<p>SILLA DE DUCHA KULAN (812011)<\/p>\n<div class=\"tsf-campo-acf-titulo tsf-campo-acf-titulo-caracteristicas tsf_campo-acf tsf_caracteristicas\"><strong>Caracter\u00edsticas<\/strong><\/div>\n<div><\/div>\n<div class=\"tsf-campo-acf-valores tsf-campo-acf-valores-caracteristicas tsf_campo-acf tsf_caracteristicas\">La silla de ducha Kulan le permite tomar su ducha c\u00f3modamente sentada.<br \/>\nEst\u00e1 equipada con un asiento con un recorte en la parte delantera muy pr\u00e1ctico para la higiene intima y un respaldo anat\u00f3mico c\u00f3modo.<br \/>\nEstructura de acero con pintura epoxi de color blanco.Dimensiones generales: ancho 57 x prof. 45 cm.<br \/>\nDimensiones del asiento: ancho 43 x prof. 40 x alto ajustable de 45 a 55 cm.<br \/>\nAltura de los reposabrazos 17 cm.<br \/>\nAncho entre reposabrazos 52 cm.<br \/>\nPeso 4,8 kg.<br \/>\nPeso m\u00e1ximo usuario 130 kg.<\/div>\n","protected":false},"excerpt":{"rendered":"<p>SILLA DE DUCHA KULAN (812011) Caracter\u00edsticas La silla de ducha Kulan le permite tomar su ducha c\u00f3modamente sentada. Est\u00e1 equipada con un asiento con un recorte en la parte delantera muy pr\u00e1ctico para la higiene intima y un respaldo anat\u00f3mico c\u00f3modo. Estructura de acero con pintura epoxi de color blanco.Dimensiones generales: ancho 57 x prof. [&hellip;]<\/p>\n","protected":false},"featured_media":3464,"comment_status":"open","ping_status":"closed","template":"","meta":{"saved_in_kubio":false},"product_brand":[],"product_cat":[85],"product_tag":[118],"class_list":{"0":"post-3463","1":"product","2":"type-product","3":"status-publish","4":"has-post-thumbnail","6":"product_cat-sillas-y-taburetes-de-duchas","7":"product_tag-emo","9":"first","10":"instock","11":"shipping-taxable","12":"product-type-simple"},"_links":{"self":[{"href":"https:\/\/ortopediagot.net\/Inicio\/wp-json\/wp\/v2\/product\/3463"}],"collection":[{"href":"https:\/\/ortopediagot.net\/Inicio\/wp-json\/wp\/v2\/product"}],"about":[{"href":"https:\/\/ortopediagot.net\/Inicio\/wp-json\/wp\/v2\/types\/product"}],"replies":[{"embeddable":true,"href":"https:\/\/ortopediagot.net\/Inicio\/wp-json\/wp\/v2\/comments?post=3463"}],"wp:featuredmedia":[{"embeddable":true,"href":"https:\/\/ortopediagot.net\/Inicio\/wp-json\/wp\/v2\/media\/3464"}],"wp:attachment":[{"href":"https:\/\/ortopediagot.net\/Inicio\/wp-json\/wp\/v2\/media?parent=3463"}],"wp:term":[{"taxonomy":"product_brand","embeddable":true,"href":"https:\/\/ortopediagot.net\/Inicio\/wp-json\/wp\/v2\/product_brand?post=3463"},{"taxonomy":"product_cat","embeddable":true,"href":"https:\/\/ortopediagot.net\/Inicio\/wp-json\/wp\/v2\/product_cat?post=3463"},{"taxonomy":"product_tag","embeddable":true,"href":"https:\/\/ortopediagot.net\/Inicio\/wp-json\/wp\/v2\/product_tag?post=3463"}],"curies":[{"name":"wp","href":"https:\/\/api.w.org\/{rel}","templated":true}]}}