{"id":3469,"date":"2024-06-11T12:01:02","date_gmt":"2024-06-11T11:01:02","guid":{"rendered":"https:\/\/ortopediagot.net\/?post_type=product&#038;p=3469"},"modified":"2024-06-11T12:01:03","modified_gmt":"2024-06-11T11:01:03","slug":"silla-de-ducha-plegable-tobago","status":"publish","type":"product","link":"https:\/\/ortopediagot.net\/Inicio\/producto\/silla-de-ducha-plegable-tobago\/","title":{"rendered":"SILLA DE DUCHA PLEGABLE TOBAGO"},"content":{"rendered":"<p>SILLA DE DUCHA PLEGABLE TOBAGO (812180)<\/p>\n<div class=\"tsf-campo-acf-titulo tsf-campo-acf-titulo-caracteristicas tsf_campo-acf tsf_caracteristicas\"><strong>Caracter\u00edsticas<\/strong><\/div>\n<div><\/div>\n<div class=\"tsf-campo-acf-valores tsf-campo-acf-valores-caracteristicas tsf_campo-acf tsf_caracteristicas\">La silla de ducha Tobago le permite relajarse durante su ducha, c\u00f3modamente sentado.<br \/>\nEst\u00e1 equipado con un asiento anat\u00f3mico con un recorte en la parte delantera para facilitar la higiene \u00edntima.<br \/>\nSu respaldo est\u00e1 equipado con un asa de transporte muy pr\u00e1ctica.<br \/>\nSe pliega en segundos.<br \/>\nModelo regulable en altura (Opci\u00f3n con ruedas).<br \/>\nDimensiones de asiento: ancho 41 x prof. 40 x alto. 46\/53 cm.<br \/>\nAltura de los reposabrazos 20 cm.<br \/>\nAncho entre reposabrazos 48 cm.<br \/>\nDimensiones totales: Ancho 53 x profundidad 50 cm.<br \/>\nDimensiones plegadas: longitud 46,5 cm altura 76 cm.<br \/>\nDimensiones del respaldo: longitud 47,5 cm altura 21 cm.<br \/>\nPeso m\u00e1ximo usuario 110 kg.<\/div>\n","protected":false},"excerpt":{"rendered":"<p>SILLA DE DUCHA PLEGABLE TOBAGO (812180) Caracter\u00edsticas La silla de ducha Tobago le permite relajarse durante su ducha, c\u00f3modamente sentado. Est\u00e1 equipado con un asiento anat\u00f3mico con un recorte en la parte delantera para facilitar la higiene \u00edntima. Su respaldo est\u00e1 equipado con un asa de transporte muy pr\u00e1ctica. Se pliega en segundos. Modelo regulable [&hellip;]<\/p>\n","protected":false},"featured_media":3470,"comment_status":"open","ping_status":"closed","template":"","meta":{"saved_in_kubio":false},"product_brand":[],"product_cat":[85],"product_tag":[118],"class_list":{"0":"post-3469","1":"product","2":"type-product","3":"status-publish","4":"has-post-thumbnail","6":"product_cat-sillas-y-taburetes-de-duchas","7":"product_tag-emo","9":"first","10":"instock","11":"shipping-taxable","12":"product-type-simple"},"_links":{"self":[{"href":"https:\/\/ortopediagot.net\/Inicio\/wp-json\/wp\/v2\/product\/3469"}],"collection":[{"href":"https:\/\/ortopediagot.net\/Inicio\/wp-json\/wp\/v2\/product"}],"about":[{"href":"https:\/\/ortopediagot.net\/Inicio\/wp-json\/wp\/v2\/types\/product"}],"replies":[{"embeddable":true,"href":"https:\/\/ortopediagot.net\/Inicio\/wp-json\/wp\/v2\/comments?post=3469"}],"wp:featuredmedia":[{"embeddable":true,"href":"https:\/\/ortopediagot.net\/Inicio\/wp-json\/wp\/v2\/media\/3470"}],"wp:attachment":[{"href":"https:\/\/ortopediagot.net\/Inicio\/wp-json\/wp\/v2\/media?parent=3469"}],"wp:term":[{"taxonomy":"product_brand","embeddable":true,"href":"https:\/\/ortopediagot.net\/Inicio\/wp-json\/wp\/v2\/product_brand?post=3469"},{"taxonomy":"product_cat","embeddable":true,"href":"https:\/\/ortopediagot.net\/Inicio\/wp-json\/wp\/v2\/product_cat?post=3469"},{"taxonomy":"product_tag","embeddable":true,"href":"https:\/\/ortopediagot.net\/Inicio\/wp-json\/wp\/v2\/product_tag?post=3469"}],"curies":[{"name":"wp","href":"https:\/\/api.w.org\/{rel}","templated":true}]}}