{"id":3482,"date":"2024-06-11T12:07:00","date_gmt":"2024-06-11T11:07:00","guid":{"rendered":"https:\/\/ortopediagot.net\/?post_type=product&#038;p=3482"},"modified":"2024-06-11T12:16:14","modified_gmt":"2024-06-11T11:16:14","slug":"silla-de-ducha-wc-bonn","status":"publish","type":"product","link":"https:\/\/ortopediagot.net\/Inicio\/producto\/silla-de-ducha-wc-bonn\/","title":{"rendered":"SILLA DE DUCHA \/ WC BONN"},"content":{"rendered":"<p>SILLA DE DUCHA \/ WC BONN (811100, 811100.G)<\/p>\n<div class=\"tsf-campo-acf-titulo tsf-campo-acf-titulo-caracteristicas tsf_campo-acf tsf_caracteristicas\"><strong>Caracter\u00edsticas<\/strong><\/div>\n<div><\/div>\n<div class=\"tsf-campo-acf-valores tsf-campo-acf-valores-caracteristicas tsf_campo-acf tsf_caracteristicas\">La silla de ducha\/ WC Bonn ha sido dise\u00f1ada para un uso intensivo y cuenta con 4 ruedas giratorias, 2 de las cuales tienen frenos, los reposapi\u00e9s tambi\u00e9n son abatibles para transferencias frontales, respaldo ergon\u00f3mico y reposapi\u00e9s ajustable.<br \/>\nAsiento r\u00edgido y asiento flexible<br \/>\nDimensiones generales: ancho 56 x prof. 87 cm.<br \/>\nDimensiones de asiento: ancho 46 x prof. 45 x alto. 53 cm.<br \/>\nPeso de 14,5 kg.<br \/>\nPeso m\u00e1ximo usuario 130 kg.<br \/>\nDos colores: azul o gris.<\/div>\n<div class=\"tsf-campo-acf-titulo tsf-campo-acf-titulo-pa_colores tsf_campo-acf tsf_pa_colores\"><\/div>\n<div><strong>Color<\/strong><\/div>\n<div><\/div>\n<div class=\"tsf-campo-acf-valores tsf-campo-acf-valores-pa_colores tsf_campo-acf tsf_pa_colores\">AZUL, GRIS<\/div>\n","protected":false},"excerpt":{"rendered":"<p>SILLA DE DUCHA \/ WC BONN (811100, 811100.G) Caracter\u00edsticas La silla de ducha\/ WC Bonn ha sido dise\u00f1ada para un uso intensivo y cuenta con 4 ruedas giratorias, 2 de las cuales tienen frenos, los reposapi\u00e9s tambi\u00e9n son abatibles para transferencias frontales, respaldo ergon\u00f3mico y reposapi\u00e9s ajustable. Asiento r\u00edgido y asiento flexible Dimensiones generales: ancho [&hellip;]<\/p>\n","protected":false},"featured_media":3483,"comment_status":"open","ping_status":"closed","template":"","meta":{"saved_in_kubio":false},"product_brand":[],"product_cat":[86,88],"product_tag":[118],"class_list":{"0":"post-3482","1":"product","2":"type-product","3":"status-publish","4":"has-post-thumbnail","6":"product_cat-sillas-con-inodoros","7":"product_cat-sillas-de-ducha-con-ruedas","8":"product_tag-emo","10":"first","11":"instock","12":"shipping-taxable","13":"product-type-simple"},"_links":{"self":[{"href":"https:\/\/ortopediagot.net\/Inicio\/wp-json\/wp\/v2\/product\/3482"}],"collection":[{"href":"https:\/\/ortopediagot.net\/Inicio\/wp-json\/wp\/v2\/product"}],"about":[{"href":"https:\/\/ortopediagot.net\/Inicio\/wp-json\/wp\/v2\/types\/product"}],"replies":[{"embeddable":true,"href":"https:\/\/ortopediagot.net\/Inicio\/wp-json\/wp\/v2\/comments?post=3482"}],"wp:featuredmedia":[{"embeddable":true,"href":"https:\/\/ortopediagot.net\/Inicio\/wp-json\/wp\/v2\/media\/3483"}],"wp:attachment":[{"href":"https:\/\/ortopediagot.net\/Inicio\/wp-json\/wp\/v2\/media?parent=3482"}],"wp:term":[{"taxonomy":"product_brand","embeddable":true,"href":"https:\/\/ortopediagot.net\/Inicio\/wp-json\/wp\/v2\/product_brand?post=3482"},{"taxonomy":"product_cat","embeddable":true,"href":"https:\/\/ortopediagot.net\/Inicio\/wp-json\/wp\/v2\/product_cat?post=3482"},{"taxonomy":"product_tag","embeddable":true,"href":"https:\/\/ortopediagot.net\/Inicio\/wp-json\/wp\/v2\/product_tag?post=3482"}],"curies":[{"name":"wp","href":"https:\/\/api.w.org\/{rel}","templated":true}]}}