{"id":3494,"date":"2024-06-11T12:20:17","date_gmt":"2024-06-11T11:20:17","guid":{"rendered":"https:\/\/ortopediagot.net\/?post_type=product&#038;p=3494"},"modified":"2024-06-11T12:20:18","modified_gmt":"2024-06-11T11:20:18","slug":"silla-de-ducha-reclinable-phoenix","status":"publish","type":"product","link":"https:\/\/ortopediagot.net\/Inicio\/producto\/silla-de-ducha-reclinable-phoenix\/","title":{"rendered":"SILLA DE DUCHA RECLINABLE PHOENIX"},"content":{"rendered":"<p>SILLA DE DUCHA RECLINABLE PHOENIX (822241)<\/p>\n<div class=\"tsf-campo-acf-titulo tsf-campo-acf-titulo-caracteristicas tsf_campo-acf tsf_caracteristicas\"><strong>Caracter\u00edsticas<\/strong><\/div>\n<div><\/div>\n<div class=\"tsf-campo-acf-valores tsf-campo-acf-valores-caracteristicas tsf_campo-acf tsf_caracteristicas\">Nuestra silla de ducha reclinable Phoenix hace que sea f\u00e1cil y relajante el aseo de personas dependientes.<br \/>\nLa inclinaci\u00f3n es f\u00e1cil de regular gracias a la palanca lateral.<br \/>\nDispone de un reposacabezas flexible que se puede ajustar en altura para adaptarse a todas las necesidades.<br \/>\nSu asiento blando est\u00e1 dise\u00f1ado con un recorte para la hiegiene \u00edntima.<br \/>\nSe incluye un portacubetas para usar en la versi\u00f3n de ba\u00f1o.<br \/>\nCuatro ruedas multidireccionales.<br \/>\nEquipado con frenos.<br \/>\nEquipado con un pr\u00e1ctico soporte de empuje muy c\u00f3modo.<br \/>\nCuando est\u00e1 en posici\u00f3n normal el asiento y el respaldo est\u00e1n en un \u00e1ngulo de 100 \u00b0, y al reclinarla, el \u00e1ngulo sube a 130 \u00b0 con la elevaci\u00f3n del reposapiernas flexible.<br \/>\nEstructura en material compuesto sin metal evitando cualquier corrosi\u00f3n.<br \/>\nDimensiones en posici\u00f3n normal: ancho. 65 x prof. 110 x alto. 105 cm.<br \/>\nPeso de 29,4 kg.<br \/>\nDimensiones en posici\u00f3n reclinada: Ancho 65 x prof. 140 x alto. 90 cm.<br \/>\nDimensiones de asiento: ancho 55 x prof. 42 x alto. 55 cm.<\/div>\n","protected":false},"excerpt":{"rendered":"<p>SILLA DE DUCHA RECLINABLE PHOENIX (822241) Caracter\u00edsticas Nuestra silla de ducha reclinable Phoenix hace que sea f\u00e1cil y relajante el aseo de personas dependientes. La inclinaci\u00f3n es f\u00e1cil de regular gracias a la palanca lateral. Dispone de un reposacabezas flexible que se puede ajustar en altura para adaptarse a todas las necesidades. Su asiento blando [&hellip;]<\/p>\n","protected":false},"featured_media":3498,"comment_status":"open","ping_status":"closed","template":"","meta":{"saved_in_kubio":false},"product_brand":[],"product_cat":[86,88],"product_tag":[118],"class_list":{"0":"post-3494","1":"product","2":"type-product","3":"status-publish","4":"has-post-thumbnail","6":"product_cat-sillas-con-inodoros","7":"product_cat-sillas-de-ducha-con-ruedas","8":"product_tag-emo","10":"first","11":"instock","12":"shipping-taxable","13":"product-type-simple"},"_links":{"self":[{"href":"https:\/\/ortopediagot.net\/Inicio\/wp-json\/wp\/v2\/product\/3494"}],"collection":[{"href":"https:\/\/ortopediagot.net\/Inicio\/wp-json\/wp\/v2\/product"}],"about":[{"href":"https:\/\/ortopediagot.net\/Inicio\/wp-json\/wp\/v2\/types\/product"}],"replies":[{"embeddable":true,"href":"https:\/\/ortopediagot.net\/Inicio\/wp-json\/wp\/v2\/comments?post=3494"}],"wp:featuredmedia":[{"embeddable":true,"href":"https:\/\/ortopediagot.net\/Inicio\/wp-json\/wp\/v2\/media\/3498"}],"wp:attachment":[{"href":"https:\/\/ortopediagot.net\/Inicio\/wp-json\/wp\/v2\/media?parent=3494"}],"wp:term":[{"taxonomy":"product_brand","embeddable":true,"href":"https:\/\/ortopediagot.net\/Inicio\/wp-json\/wp\/v2\/product_brand?post=3494"},{"taxonomy":"product_cat","embeddable":true,"href":"https:\/\/ortopediagot.net\/Inicio\/wp-json\/wp\/v2\/product_cat?post=3494"},{"taxonomy":"product_tag","embeddable":true,"href":"https:\/\/ortopediagot.net\/Inicio\/wp-json\/wp\/v2\/product_tag?post=3494"}],"curies":[{"name":"wp","href":"https:\/\/api.w.org\/{rel}","templated":true}]}}