{"id":3507,"date":"2024-06-11T12:26:46","date_gmt":"2024-06-11T11:26:46","guid":{"rendered":"https:\/\/ortopediagot.net\/?post_type=product&#038;p=3507"},"modified":"2024-06-11T12:26:47","modified_gmt":"2024-06-11T11:26:47","slug":"barra-de-retencion-clean","status":"publish","type":"product","link":"https:\/\/ortopediagot.net\/Inicio\/producto\/barra-de-retencion-clean\/","title":{"rendered":"BARRA DE RETENCI\u00d3N CLEAN"},"content":{"rendered":"<p>BARRA DE RETENCI\u00d3N CLEAN (822029)<\/p>\n<div class=\"tsf-campo-acf-titulo tsf-campo-acf-titulo-caracteristicas tsf_campo-acf tsf_caracteristicas\"><b>Caracter\u00edsticas<\/b><\/div>\n<div><\/div>\n<div class=\"tsf-campo-acf-valores tsf-campo-acf-valores-caracteristicas tsf_campo-acf tsf_caracteristicas\">Barra de seguridad opcional para la silla de ducha Clean.<br \/>\nLa barra de retenci\u00f3n encaja en los reposabrazos para evitar que el usuario se deslice hacia adelante.<\/div>\n","protected":false},"excerpt":{"rendered":"<p>BARRA DE RETENCI\u00d3N CLEAN (822029) Caracter\u00edsticas Barra de seguridad opcional para la silla de ducha Clean. La barra de retenci\u00f3n encaja en los reposabrazos para evitar que el usuario se deslice hacia adelante.<\/p>\n","protected":false},"featured_media":3509,"comment_status":"open","ping_status":"closed","template":"","meta":{"saved_in_kubio":false},"product_brand":[],"product_cat":[120],"product_tag":[118],"class_list":{"0":"post-3507","1":"product","2":"type-product","3":"status-publish","4":"has-post-thumbnail","6":"product_cat-repuestos","7":"product_tag-emo","9":"first","10":"instock","11":"shipping-taxable","12":"product-type-simple"},"_links":{"self":[{"href":"https:\/\/ortopediagot.net\/Inicio\/wp-json\/wp\/v2\/product\/3507"}],"collection":[{"href":"https:\/\/ortopediagot.net\/Inicio\/wp-json\/wp\/v2\/product"}],"about":[{"href":"https:\/\/ortopediagot.net\/Inicio\/wp-json\/wp\/v2\/types\/product"}],"replies":[{"embeddable":true,"href":"https:\/\/ortopediagot.net\/Inicio\/wp-json\/wp\/v2\/comments?post=3507"}],"wp:featuredmedia":[{"embeddable":true,"href":"https:\/\/ortopediagot.net\/Inicio\/wp-json\/wp\/v2\/media\/3509"}],"wp:attachment":[{"href":"https:\/\/ortopediagot.net\/Inicio\/wp-json\/wp\/v2\/media?parent=3507"}],"wp:term":[{"taxonomy":"product_brand","embeddable":true,"href":"https:\/\/ortopediagot.net\/Inicio\/wp-json\/wp\/v2\/product_brand?post=3507"},{"taxonomy":"product_cat","embeddable":true,"href":"https:\/\/ortopediagot.net\/Inicio\/wp-json\/wp\/v2\/product_cat?post=3507"},{"taxonomy":"product_tag","embeddable":true,"href":"https:\/\/ortopediagot.net\/Inicio\/wp-json\/wp\/v2\/product_tag?post=3507"}],"curies":[{"name":"wp","href":"https:\/\/api.w.org\/{rel}","templated":true}]}}