{"id":3530,"date":"2024-06-11T12:59:57","date_gmt":"2024-06-11T11:59:57","guid":{"rendered":"https:\/\/ortopediagot.net\/?post_type=product&#038;p=3530"},"modified":"2024-06-11T12:59:58","modified_gmt":"2024-06-11T11:59:58","slug":"elevador-del-inodoro-blando","status":"publish","type":"product","link":"https:\/\/ortopediagot.net\/Inicio\/producto\/elevador-del-inodoro-blando\/","title":{"rendered":"ELEVADOR DEL INODORO BLANDO"},"content":{"rendered":"<p>ELEVADOR DEL INODORO BLANDO (811126)<\/p>\n<div class=\"tsf-campo-acf-titulo tsf-campo-acf-titulo-caracteristicas tsf_campo-acf tsf_caracteristicas\"><strong>Caracter\u00edsticas<\/strong><\/div>\n<div><\/div>\n<div class=\"tsf-campo-acf-valores tsf-campo-acf-valores-caracteristicas tsf_campo-acf tsf_caracteristicas\">Nuestra nuevo elevador para inodoro blando le permite elevar f\u00e1cilmente su inodoro existente simplemente deslizando las canaletas directamente sobre la inodoro y fij\u00e1ndola.<br \/>\nEl material flexible de EVA le permite aumentar su comodidad al sentarse.<br \/>\nSuperficie impermeable y desinfectable para un f\u00e1cil mantenimiento.<br \/>\nEspacio de 45 mm para un ajuste impecable en la taza.Dimensiones: Ancho 41 x prof. 44 x alto. 16 cm.<br \/>\nEleva 11 cm desde el borde del inodoro.<br \/>\nOrificio central: 26 x 21,5 cm.<br \/>\nPeso 1,9 kg.<br \/>\nPeso m\u00e1ximo de usuario 180 kg.<\/div>\n","protected":false},"excerpt":{"rendered":"<p>ELEVADOR DEL INODORO BLANDO (811126) Caracter\u00edsticas Nuestra nuevo elevador para inodoro blando le permite elevar f\u00e1cilmente su inodoro existente simplemente deslizando las canaletas directamente sobre la inodoro y fij\u00e1ndola. El material flexible de EVA le permite aumentar su comodidad al sentarse. Superficie impermeable y desinfectable para un f\u00e1cil mantenimiento. Espacio de 45 mm para un [&hellip;]<\/p>\n","protected":false},"featured_media":3531,"comment_status":"open","ping_status":"closed","template":"","meta":{"saved_in_kubio":false},"product_brand":[],"product_cat":[83],"product_tag":[118],"class_list":{"0":"post-3530","1":"product","2":"type-product","3":"status-publish","4":"has-post-thumbnail","6":"product_cat-elevadores","7":"product_tag-emo","9":"first","10":"instock","11":"shipping-taxable","12":"product-type-simple"},"_links":{"self":[{"href":"https:\/\/ortopediagot.net\/Inicio\/wp-json\/wp\/v2\/product\/3530"}],"collection":[{"href":"https:\/\/ortopediagot.net\/Inicio\/wp-json\/wp\/v2\/product"}],"about":[{"href":"https:\/\/ortopediagot.net\/Inicio\/wp-json\/wp\/v2\/types\/product"}],"replies":[{"embeddable":true,"href":"https:\/\/ortopediagot.net\/Inicio\/wp-json\/wp\/v2\/comments?post=3530"}],"wp:featuredmedia":[{"embeddable":true,"href":"https:\/\/ortopediagot.net\/Inicio\/wp-json\/wp\/v2\/media\/3531"}],"wp:attachment":[{"href":"https:\/\/ortopediagot.net\/Inicio\/wp-json\/wp\/v2\/media?parent=3530"}],"wp:term":[{"taxonomy":"product_brand","embeddable":true,"href":"https:\/\/ortopediagot.net\/Inicio\/wp-json\/wp\/v2\/product_brand?post=3530"},{"taxonomy":"product_cat","embeddable":true,"href":"https:\/\/ortopediagot.net\/Inicio\/wp-json\/wp\/v2\/product_cat?post=3530"},{"taxonomy":"product_tag","embeddable":true,"href":"https:\/\/ortopediagot.net\/Inicio\/wp-json\/wp\/v2\/product_tag?post=3530"}],"curies":[{"name":"wp","href":"https:\/\/api.w.org\/{rel}","templated":true}]}}