{"id":3535,"date":"2024-06-11T13:09:13","date_gmt":"2024-06-11T12:09:13","guid":{"rendered":"https:\/\/ortopediagot.net\/?post_type=product&#038;p=3535"},"modified":"2024-06-11T13:09:14","modified_gmt":"2024-06-11T12:09:14","slug":"silla-de-ducha-wc-aston","status":"publish","type":"product","link":"https:\/\/ortopediagot.net\/Inicio\/producto\/silla-de-ducha-wc-aston\/","title":{"rendered":"SILLA DE DUCHA \/ WC ASTON"},"content":{"rendered":"<p>SILLA DE DUCHA \/ WC ASTON (822165)<\/p>\n<div class=\"tsf-campo-acf-titulo tsf-campo-acf-titulo-caracteristicas tsf_campo-acf tsf_caracteristicas\"><strong>Caracter\u00edsticas<\/strong><\/div>\n<div><\/div>\n<div class=\"tsf-campo-acf-valores tsf-campo-acf-valores-caracteristicas tsf_campo-acf tsf_caracteristicas\">Nuestra silla de ducha \/ WC Aston brinda funcionalidad, comodidad y calidad a la ducha de su paciente.<br \/>\nSe puede usar como ducha e inodoro gracias a su equipamiento. Cuenta con todos los avances en maniobrabilidad y comodidad: cuatro ruedas multidireccionales con frenos, reposabrazos f\u00e1ciles de abatir, reposapi\u00e9s extra\u00edbles, abatibles, desmontables y ajustables en altura, asiento suave con interior extra\u00edble para usar en el inodoro.<br \/>\nLos asientos est\u00e1n fabricados de espuma de alta densidad, indeformable, impermeable y desinfectable.<br \/>\nLa cubeta de gran capacidad (5 litros) con tapa es desmontable desde la parte posterior.<br \/>\nEl respaldo se puede desmontar para facilitar el transporte. Estructura de aluminio pintado de pintura.<br \/>\nDimensiones generales: ancho 56 x prof. 87 x alto. 97\/102 cm. Dimensiones de asiento: ancho 46 x prof. 43 x alto. 48\/53 cm. Altura del respaldo 47 cm.<br \/>\nAltura debajo del asiento 43\/48 cm.<br \/>\nPeso 13.4 kg.<br \/>\nPeso m\u00e1ximo usuario 160 kg.<\/div>\n","protected":false},"excerpt":{"rendered":"<p>SILLA DE DUCHA \/ WC ASTON (822165) Caracter\u00edsticas Nuestra silla de ducha \/ WC Aston brinda funcionalidad, comodidad y calidad a la ducha de su paciente. Se puede usar como ducha e inodoro gracias a su equipamiento. Cuenta con todos los avances en maniobrabilidad y comodidad: cuatro ruedas multidireccionales con frenos, reposabrazos f\u00e1ciles de abatir, [&hellip;]<\/p>\n","protected":false},"featured_media":3536,"comment_status":"open","ping_status":"closed","template":"","meta":{"saved_in_kubio":false},"product_brand":[],"product_cat":[86,88],"product_tag":[118],"class_list":{"0":"post-3535","1":"product","2":"type-product","3":"status-publish","4":"has-post-thumbnail","6":"product_cat-sillas-con-inodoros","7":"product_cat-sillas-de-ducha-con-ruedas","8":"product_tag-emo","10":"first","11":"instock","12":"shipping-taxable","13":"product-type-simple"},"_links":{"self":[{"href":"https:\/\/ortopediagot.net\/Inicio\/wp-json\/wp\/v2\/product\/3535"}],"collection":[{"href":"https:\/\/ortopediagot.net\/Inicio\/wp-json\/wp\/v2\/product"}],"about":[{"href":"https:\/\/ortopediagot.net\/Inicio\/wp-json\/wp\/v2\/types\/product"}],"replies":[{"embeddable":true,"href":"https:\/\/ortopediagot.net\/Inicio\/wp-json\/wp\/v2\/comments?post=3535"}],"wp:featuredmedia":[{"embeddable":true,"href":"https:\/\/ortopediagot.net\/Inicio\/wp-json\/wp\/v2\/media\/3536"}],"wp:attachment":[{"href":"https:\/\/ortopediagot.net\/Inicio\/wp-json\/wp\/v2\/media?parent=3535"}],"wp:term":[{"taxonomy":"product_brand","embeddable":true,"href":"https:\/\/ortopediagot.net\/Inicio\/wp-json\/wp\/v2\/product_brand?post=3535"},{"taxonomy":"product_cat","embeddable":true,"href":"https:\/\/ortopediagot.net\/Inicio\/wp-json\/wp\/v2\/product_cat?post=3535"},{"taxonomy":"product_tag","embeddable":true,"href":"https:\/\/ortopediagot.net\/Inicio\/wp-json\/wp\/v2\/product_tag?post=3535"}],"curies":[{"name":"wp","href":"https:\/\/api.w.org\/{rel}","templated":true}]}}