{"id":3537,"date":"2024-06-11T13:11:35","date_gmt":"2024-06-11T12:11:35","guid":{"rendered":"https:\/\/ortopediagot.net\/?post_type=product&#038;p=3537"},"modified":"2024-06-11T13:11:36","modified_gmt":"2024-06-11T12:11:36","slug":"ruedas-grandes-para-silla-aston","status":"publish","type":"product","link":"https:\/\/ortopediagot.net\/Inicio\/producto\/ruedas-grandes-para-silla-aston\/","title":{"rendered":"RUEDAS GRANDES PARA SILLA ASTON"},"content":{"rendered":"<div>RUEDAS GRANDES PARA SILLA ASTON (822166)<\/div>\n<div><\/div>\n<div class=\"tsf-campo-acf-titulo tsf-campo-acf-titulo-caracteristicas tsf_campo-acf tsf_caracteristicas\"><strong>Caracter\u00edsticas<\/strong><\/div>\n<div><\/div>\n<div class=\"tsf-campo-acf-valores tsf-campo-acf-valores-caracteristicas tsf_campo-acf tsf_caracteristicas\">Transforme su silla Aston en una silla autopropulsable con este par de ruedas grandes de 61 cm hechas de material pl\u00e1stico anticorrosivo.<br \/>\nFijaci\u00f3n r\u00e1pida.<br \/>\nFrenos de aluminio.<\/div>\n","protected":false},"excerpt":{"rendered":"<p>RUEDAS GRANDES PARA SILLA ASTON (822166) Caracter\u00edsticas Transforme su silla Aston en una silla autopropulsable con este par de ruedas grandes de 61 cm hechas de material pl\u00e1stico anticorrosivo. Fijaci\u00f3n r\u00e1pida. Frenos de aluminio.<\/p>\n","protected":false},"featured_media":3539,"comment_status":"open","ping_status":"closed","template":"","meta":{"saved_in_kubio":false},"product_brand":[],"product_cat":[120],"product_tag":[118],"class_list":{"0":"post-3537","1":"product","2":"type-product","3":"status-publish","4":"has-post-thumbnail","6":"product_cat-repuestos","7":"product_tag-emo","9":"first","10":"instock","11":"shipping-taxable","12":"product-type-simple"},"_links":{"self":[{"href":"https:\/\/ortopediagot.net\/Inicio\/wp-json\/wp\/v2\/product\/3537"}],"collection":[{"href":"https:\/\/ortopediagot.net\/Inicio\/wp-json\/wp\/v2\/product"}],"about":[{"href":"https:\/\/ortopediagot.net\/Inicio\/wp-json\/wp\/v2\/types\/product"}],"replies":[{"embeddable":true,"href":"https:\/\/ortopediagot.net\/Inicio\/wp-json\/wp\/v2\/comments?post=3537"}],"wp:featuredmedia":[{"embeddable":true,"href":"https:\/\/ortopediagot.net\/Inicio\/wp-json\/wp\/v2\/media\/3539"}],"wp:attachment":[{"href":"https:\/\/ortopediagot.net\/Inicio\/wp-json\/wp\/v2\/media?parent=3537"}],"wp:term":[{"taxonomy":"product_brand","embeddable":true,"href":"https:\/\/ortopediagot.net\/Inicio\/wp-json\/wp\/v2\/product_brand?post=3537"},{"taxonomy":"product_cat","embeddable":true,"href":"https:\/\/ortopediagot.net\/Inicio\/wp-json\/wp\/v2\/product_cat?post=3537"},{"taxonomy":"product_tag","embeddable":true,"href":"https:\/\/ortopediagot.net\/Inicio\/wp-json\/wp\/v2\/product_tag?post=3537"}],"curies":[{"name":"wp","href":"https:\/\/api.w.org\/{rel}","templated":true}]}}