{"id":3552,"date":"2024-06-11T13:21:54","date_gmt":"2024-06-11T12:21:54","guid":{"rendered":"https:\/\/ortopediagot.net\/?post_type=product&#038;p=3552"},"modified":"2024-06-11T13:21:55","modified_gmt":"2024-06-11T12:21:55","slug":"silla-de-ducha-wc-y-transferencia-moovy","status":"publish","type":"product","link":"https:\/\/ortopediagot.net\/Inicio\/producto\/silla-de-ducha-wc-y-transferencia-moovy\/","title":{"rendered":"SILLA DE DUCHA\/WC Y TRANSFERENCIA MOOVY"},"content":{"rendered":"<p>SILLA DE DUCHA\/WC Y TRANSFERENCIA MOOVY (822011)<\/p>\n<div class=\"tsf-campo-acf-titulo tsf-campo-acf-titulo-caracteristicas tsf_campo-acf tsf_caracteristicas\"><strong>Caracteristicas<\/strong><\/div>\n<div><\/div>\n<div class=\"tsf-campo-acf-valores tsf-campo-acf-valores-caracteristicas tsf_campo-acf tsf_caracteristicas\">La silla Moovy es un compa\u00f1ero ideal para el hogar o la comunidad para transportar a la gente a la zona de la ducha o el ba\u00f1o. De hecho, su dise\u00f1o permite recoger a un paciente sentado en su cama. El asiento se abre 360\u00b0 en la parte del respaldo para deslizarse a ambos lados debajo del paciente. Una vez que el asiento est\u00e9 ajustado y el respaldo asegurado por el cintur\u00f3n de doble hebilla (doble seguridad), podr\u00e1 trasladar al paciente con total seguridad. La persona est\u00e1 c\u00f3modamente sentada gracias al suave respaldo de poliuretano, el asiento ergon\u00f3mico y los reposapi\u00e9s. Equipado con un soporte para recibir el gotero. Las asas son muy agradables y ergon\u00f3micas para los cuidadores. 4 ruedas silenciosas de resistencia m\u00e9dica con frenos. (di\u00e1metro de las ruedas delanteras 12,5 cm y di\u00e1metro de las ruedas traseras 7,5 cm). Viene con un cintur\u00f3n p\u00e9lvico, un cubeta extraible y un asiento c\u00f3modo. Marco de acero galvanizado pintado 2.0, asiento de ABS y respaldo de espuma de poliuretano. Asas de goma. Dimensiones generales: ancho 53,5 x profundidad 70 x altura 76\/94 cm. Altura de separaci\u00f3n del suelo 12 cm. Dimensiones del asiento: ancho 42,5 x profundidad 42 x altura. 42\/60 cm. Peso 21 kg. Peso m\u00e1ximo de usuario 120 kg.<\/div>\n","protected":false},"excerpt":{"rendered":"<p>SILLA DE DUCHA\/WC Y TRANSFERENCIA MOOVY (822011) Caracteristicas La silla Moovy es un compa\u00f1ero ideal para el hogar o la comunidad para transportar a la gente a la zona de la ducha o el ba\u00f1o. De hecho, su dise\u00f1o permite recoger a un paciente sentado en su cama. El asiento se abre 360\u00b0 en la [&hellip;]<\/p>\n","protected":false},"featured_media":3553,"comment_status":"open","ping_status":"closed","template":"","meta":{"saved_in_kubio":false},"product_brand":[],"product_cat":[86,88],"product_tag":[118],"class_list":{"0":"post-3552","1":"product","2":"type-product","3":"status-publish","4":"has-post-thumbnail","6":"product_cat-sillas-con-inodoros","7":"product_cat-sillas-de-ducha-con-ruedas","8":"product_tag-emo","10":"first","11":"instock","12":"shipping-taxable","13":"product-type-simple"},"_links":{"self":[{"href":"https:\/\/ortopediagot.net\/Inicio\/wp-json\/wp\/v2\/product\/3552"}],"collection":[{"href":"https:\/\/ortopediagot.net\/Inicio\/wp-json\/wp\/v2\/product"}],"about":[{"href":"https:\/\/ortopediagot.net\/Inicio\/wp-json\/wp\/v2\/types\/product"}],"replies":[{"embeddable":true,"href":"https:\/\/ortopediagot.net\/Inicio\/wp-json\/wp\/v2\/comments?post=3552"}],"wp:featuredmedia":[{"embeddable":true,"href":"https:\/\/ortopediagot.net\/Inicio\/wp-json\/wp\/v2\/media\/3553"}],"wp:attachment":[{"href":"https:\/\/ortopediagot.net\/Inicio\/wp-json\/wp\/v2\/media?parent=3552"}],"wp:term":[{"taxonomy":"product_brand","embeddable":true,"href":"https:\/\/ortopediagot.net\/Inicio\/wp-json\/wp\/v2\/product_brand?post=3552"},{"taxonomy":"product_cat","embeddable":true,"href":"https:\/\/ortopediagot.net\/Inicio\/wp-json\/wp\/v2\/product_cat?post=3552"},{"taxonomy":"product_tag","embeddable":true,"href":"https:\/\/ortopediagot.net\/Inicio\/wp-json\/wp\/v2\/product_tag?post=3552"}],"curies":[{"name":"wp","href":"https:\/\/api.w.org\/{rel}","templated":true}]}}