{"id":3563,"date":"2024-06-11T13:27:57","date_gmt":"2024-06-11T12:27:57","guid":{"rendered":"https:\/\/ortopediagot.net\/?post_type=product&#038;p=3563"},"modified":"2024-06-11T13:27:58","modified_gmt":"2024-06-11T12:27:58","slug":"silla-de-ducha-wc-ouessant","status":"publish","type":"product","link":"https:\/\/ortopediagot.net\/Inicio\/producto\/silla-de-ducha-wc-ouessant\/","title":{"rendered":"SILLA DE DUCHA\/WC OUESSANT"},"content":{"rendered":"<p>SILLA DE DUCHA\/WC OUESSANT (822328.L, 822328.T)<\/p>\n<div class=\"tsf-campo-acf-titulo tsf-campo-acf-titulo-caracteristicas tsf_campo-acf tsf_caracteristicas\"><strong>Caracter\u00edsticas<\/strong><\/div>\n<div><\/div>\n<div class=\"tsf-campo-acf-valores tsf-campo-acf-valores-caracteristicas tsf_campo-acf tsf_caracteristicas\">Desarrollado 100% por Identit\u00e9s<br \/>\n100% de calidad de fabricaci\u00f3n francesa<br \/>\nAsiento de espuma blanda extra\u00edble<br \/>\nNuestra silla de ducha Ouessant lleva el dise\u00f1o al entorno de la ducha. Se puede usar en la ducha, pero tambi\u00e9n en la versi\u00f3n de WC gracias a su cubeta extra\u00edble, y tambi\u00e9n encima de una taza de inodoro existente, aunque est\u00e9 elevada.<br \/>\nSu asiento se lleva ligeramente hacia adelante para que sea m\u00e1s f\u00e1cil sentarse y levan tarse.<br \/>\nLa silla Ouessant tiene apoyabrazos removibles hacia abajo para facilitar el acceso lateral, simplemente tire del pasador lateral y se reajusta autom\u00e1ticamente en la posici\u00f3n elevada. Est\u00e1 equipado con 4 grandes ruedas multidireccionales con frenos para una muy buena maniobrabilidad. Sus reposapi\u00e9s retr\u00e1ctiles est\u00e1n especialmente dise\u00f1ados para la comodidad y la seguridad.<br \/>\nLas espumas impermeables del asiento y del respaldo se pueden retirar. Equipado con una pr\u00e1ctica barra de empuje. Entregado con una cubeta extra\u00edble por la parte de atr\u00e1s.<br \/>\nEstructura integral de aluminio con partes de contacto de acero inoxidable.<br \/>\nDimensiones generales: anchura 57 x profundidad 66,2 x altura. 105 cm. Altura \u00fatil bajo la estructura 49,5 cm. Peso 13,4 kg.<br \/>\nDimensiones del asiento: anchura 45 x profundidad 43 x altura 54,6 cm. Altura de los apoyabrazos 17,5 cm.<br \/>\nRespaldo c\u00f3modo de espuma suave disponible como opci\u00f3n.<\/div>\n<div class=\"tsf-campo-acf-titulo tsf-campo-acf-titulo-pa_colores tsf_campo-acf tsf_pa_colores\"><\/div>\n<div><strong>Color<\/strong><\/div>\n<div><\/div>\n<div class=\"tsf-campo-acf-valores tsf-campo-acf-valores-pa_colores tsf_campo-acf tsf_pa_colores\">LAGUNA, TAUPE<\/div>\n","protected":false},"excerpt":{"rendered":"<p>SILLA DE DUCHA\/WC OUESSANT (822328.L, 822328.T) Caracter\u00edsticas Desarrollado 100% por Identit\u00e9s 100% de calidad de fabricaci\u00f3n francesa Asiento de espuma blanda extra\u00edble Nuestra silla de ducha Ouessant lleva el dise\u00f1o al entorno de la ducha. Se puede usar en la ducha, pero tambi\u00e9n en la versi\u00f3n de WC gracias a su cubeta extra\u00edble, y tambi\u00e9n [&hellip;]<\/p>\n","protected":false},"featured_media":3564,"comment_status":"open","ping_status":"closed","template":"","meta":{"saved_in_kubio":false},"product_brand":[],"product_cat":[86,88],"product_tag":[118],"class_list":{"0":"post-3563","1":"product","2":"type-product","3":"status-publish","4":"has-post-thumbnail","6":"product_cat-sillas-con-inodoros","7":"product_cat-sillas-de-ducha-con-ruedas","8":"product_tag-emo","10":"first","11":"instock","12":"shipping-taxable","13":"product-type-simple"},"_links":{"self":[{"href":"https:\/\/ortopediagot.net\/Inicio\/wp-json\/wp\/v2\/product\/3563"}],"collection":[{"href":"https:\/\/ortopediagot.net\/Inicio\/wp-json\/wp\/v2\/product"}],"about":[{"href":"https:\/\/ortopediagot.net\/Inicio\/wp-json\/wp\/v2\/types\/product"}],"replies":[{"embeddable":true,"href":"https:\/\/ortopediagot.net\/Inicio\/wp-json\/wp\/v2\/comments?post=3563"}],"wp:featuredmedia":[{"embeddable":true,"href":"https:\/\/ortopediagot.net\/Inicio\/wp-json\/wp\/v2\/media\/3564"}],"wp:attachment":[{"href":"https:\/\/ortopediagot.net\/Inicio\/wp-json\/wp\/v2\/media?parent=3563"}],"wp:term":[{"taxonomy":"product_brand","embeddable":true,"href":"https:\/\/ortopediagot.net\/Inicio\/wp-json\/wp\/v2\/product_brand?post=3563"},{"taxonomy":"product_cat","embeddable":true,"href":"https:\/\/ortopediagot.net\/Inicio\/wp-json\/wp\/v2\/product_cat?post=3563"},{"taxonomy":"product_tag","embeddable":true,"href":"https:\/\/ortopediagot.net\/Inicio\/wp-json\/wp\/v2\/product_tag?post=3563"}],"curies":[{"name":"wp","href":"https:\/\/api.w.org\/{rel}","templated":true}]}}