{"id":3570,"date":"2024-06-11T13:30:40","date_gmt":"2024-06-11T12:30:40","guid":{"rendered":"https:\/\/ortopediagot.net\/?post_type=product&#038;p=3570"},"modified":"2024-06-11T13:30:41","modified_gmt":"2024-06-11T12:30:41","slug":"taburete-giratorio-capri","status":"publish","type":"product","link":"https:\/\/ortopediagot.net\/Inicio\/producto\/taburete-giratorio-capri\/","title":{"rendered":"TABURETE GIRATORIO CAPRI"},"content":{"rendered":"<p>TABURETE GIRATORIO CAPRI (812066)<\/p>\n<div class=\"tsf-campo-acf-titulo tsf-campo-acf-titulo-caracteristicas tsf_campo-acf tsf_caracteristicas\"><strong>Caracter\u00edsticas<\/strong><\/div>\n<div><\/div>\n<div class=\"tsf-campo-acf-valores tsf-campo-acf-valores-caracteristicas tsf_campo-acf tsf_caracteristicas\">&#8211; Pr\u00e1ctico asiento giratorio para acceder a la ducha<br \/>\nducha<br \/>\n&#8211; Coj\u00edn de confort opcional<br \/>\nEl asiento giratorio de 360\u00b0 facilita la entrada y salida de la cabina de ducha. Asiento giratorio extra\u00edble para su limpieza.<br \/>\nArmaz\u00f3n de aluminio de alta calidad, ultraligero y resistente a la corrosi\u00f3n. Muy f\u00e1cil de ajustar en altura.<br \/>\nDimensiones del asiento: di\u00e1metro 33 cm (di\u00e1metro giratorio 28 cm). Altura regulable de 39,5 a 54,5 cm en 7 posiciones. Peso 1,5 kg.<br \/>\nCoj\u00edn de confort impermeable disponible como opci\u00f3n, que se adapta perfectamente a la forma del taburete. Peso 150 gr.<br \/>\nPeso m\u00e1ximo usuario 120 kg<\/div>\n","protected":false},"excerpt":{"rendered":"<p>TABURETE GIRATORIO CAPRI (812066) Caracter\u00edsticas &#8211; Pr\u00e1ctico asiento giratorio para acceder a la ducha ducha &#8211; Coj\u00edn de confort opcional El asiento giratorio de 360\u00b0 facilita la entrada y salida de la cabina de ducha. Asiento giratorio extra\u00edble para su limpieza. Armaz\u00f3n de aluminio de alta calidad, ultraligero y resistente a la corrosi\u00f3n. Muy f\u00e1cil [&hellip;]<\/p>\n","protected":false},"featured_media":3571,"comment_status":"open","ping_status":"closed","template":"","meta":{"saved_in_kubio":false},"product_brand":[],"product_cat":[85],"product_tag":[118],"class_list":{"0":"post-3570","1":"product","2":"type-product","3":"status-publish","4":"has-post-thumbnail","6":"product_cat-sillas-y-taburetes-de-duchas","7":"product_tag-emo","9":"first","10":"instock","11":"shipping-taxable","12":"product-type-simple"},"_links":{"self":[{"href":"https:\/\/ortopediagot.net\/Inicio\/wp-json\/wp\/v2\/product\/3570"}],"collection":[{"href":"https:\/\/ortopediagot.net\/Inicio\/wp-json\/wp\/v2\/product"}],"about":[{"href":"https:\/\/ortopediagot.net\/Inicio\/wp-json\/wp\/v2\/types\/product"}],"replies":[{"embeddable":true,"href":"https:\/\/ortopediagot.net\/Inicio\/wp-json\/wp\/v2\/comments?post=3570"}],"wp:featuredmedia":[{"embeddable":true,"href":"https:\/\/ortopediagot.net\/Inicio\/wp-json\/wp\/v2\/media\/3571"}],"wp:attachment":[{"href":"https:\/\/ortopediagot.net\/Inicio\/wp-json\/wp\/v2\/media?parent=3570"}],"wp:term":[{"taxonomy":"product_brand","embeddable":true,"href":"https:\/\/ortopediagot.net\/Inicio\/wp-json\/wp\/v2\/product_brand?post=3570"},{"taxonomy":"product_cat","embeddable":true,"href":"https:\/\/ortopediagot.net\/Inicio\/wp-json\/wp\/v2\/product_cat?post=3570"},{"taxonomy":"product_tag","embeddable":true,"href":"https:\/\/ortopediagot.net\/Inicio\/wp-json\/wp\/v2\/product_tag?post=3570"}],"curies":[{"name":"wp","href":"https:\/\/api.w.org\/{rel}","templated":true}]}}