{"id":3575,"date":"2024-06-11T13:32:24","date_gmt":"2024-06-11T12:32:24","guid":{"rendered":"https:\/\/ortopediagot.net\/?post_type=product&#038;p=3575"},"modified":"2024-06-11T13:32:24","modified_gmt":"2024-06-11T12:32:24","slug":"asiento-de-ducha-abatible-azores","status":"publish","type":"product","link":"https:\/\/ortopediagot.net\/Inicio\/producto\/asiento-de-ducha-abatible-azores\/","title":{"rendered":"ASIENTO DE DUCHA ABATIBLE AZORES"},"content":{"rendered":"<p>ASIENTO DE DUCHA ABATIBLE AZORES (812298)<\/p>\n<div class=\"tsf-campo-acf-titulo tsf-campo-acf-titulo-caracteristicas tsf_campo-acf tsf_caracteristicas\"><strong>Caracter\u00edsticas<\/strong><\/div>\n<div><\/div>\n<div class=\"tsf-campo-acf-valores tsf-campo-acf-valores-caracteristicas tsf_campo-acf tsf_caracteristicas\">&#8211; Se pliega contra la pared para dejar<br \/>\nel espacio libre a otros ocupantes<br \/>\n&#8211; Estructura de aluminio anticorrosi\u00f3n<br \/>\nEl asiento de ducha abatible Azores le permite sentarse c\u00f3modamente mientras se ducha.<br \/>\nEl asiento tiene un recorte anat\u00f3mico para facilitar el aseo. Sus 2 pies en el suelo, con conteras de goma antideslizantes, garantizan robustez y un apoyo seguro. Asiento perforado para facilitar la evacuaci\u00f3n del agua.<br \/>\n2 fijaciones murales ABS de 4 puntos.<br \/>\nDimensiones totales: anchura 47 x profundidad 50,5 cm.<br \/>\nAnchura de los pies al suelo: 40 cm.<br \/>\nDimensiones del asiento: anchura 41 x profundidad 41,5 x altura 49 a 57 cm en 4 posiciones.<br \/>\nPeso m\u00e1ximo usuario 130 kg<\/div>\n","protected":false},"excerpt":{"rendered":"<p>ASIENTO DE DUCHA ABATIBLE AZORES (812298) Caracter\u00edsticas &#8211; Se pliega contra la pared para dejar el espacio libre a otros ocupantes &#8211; Estructura de aluminio anticorrosi\u00f3n El asiento de ducha abatible Azores le permite sentarse c\u00f3modamente mientras se ducha. El asiento tiene un recorte anat\u00f3mico para facilitar el aseo. Sus 2 pies en el suelo, [&hellip;]<\/p>\n","protected":false},"featured_media":3576,"comment_status":"open","ping_status":"closed","template":"","meta":{"saved_in_kubio":false},"product_brand":[],"product_cat":[85],"product_tag":[118],"class_list":{"0":"post-3575","1":"product","2":"type-product","3":"status-publish","4":"has-post-thumbnail","6":"product_cat-sillas-y-taburetes-de-duchas","7":"product_tag-emo","9":"first","10":"instock","11":"shipping-taxable","12":"product-type-simple"},"_links":{"self":[{"href":"https:\/\/ortopediagot.net\/Inicio\/wp-json\/wp\/v2\/product\/3575"}],"collection":[{"href":"https:\/\/ortopediagot.net\/Inicio\/wp-json\/wp\/v2\/product"}],"about":[{"href":"https:\/\/ortopediagot.net\/Inicio\/wp-json\/wp\/v2\/types\/product"}],"replies":[{"embeddable":true,"href":"https:\/\/ortopediagot.net\/Inicio\/wp-json\/wp\/v2\/comments?post=3575"}],"wp:featuredmedia":[{"embeddable":true,"href":"https:\/\/ortopediagot.net\/Inicio\/wp-json\/wp\/v2\/media\/3576"}],"wp:attachment":[{"href":"https:\/\/ortopediagot.net\/Inicio\/wp-json\/wp\/v2\/media?parent=3575"}],"wp:term":[{"taxonomy":"product_brand","embeddable":true,"href":"https:\/\/ortopediagot.net\/Inicio\/wp-json\/wp\/v2\/product_brand?post=3575"},{"taxonomy":"product_cat","embeddable":true,"href":"https:\/\/ortopediagot.net\/Inicio\/wp-json\/wp\/v2\/product_cat?post=3575"},{"taxonomy":"product_tag","embeddable":true,"href":"https:\/\/ortopediagot.net\/Inicio\/wp-json\/wp\/v2\/product_tag?post=3575"}],"curies":[{"name":"wp","href":"https:\/\/api.w.org\/{rel}","templated":true}]}}