{"id":3582,"date":"2024-06-11T13:46:14","date_gmt":"2024-06-11T12:46:14","guid":{"rendered":"https:\/\/ortopediagot.net\/?post_type=product&#038;p=3582"},"modified":"2024-06-11T13:46:14","modified_gmt":"2024-06-11T12:46:14","slug":"asiento-de-banera-key-west","status":"publish","type":"product","link":"https:\/\/ortopediagot.net\/Inicio\/producto\/asiento-de-banera-key-west\/","title":{"rendered":"ASIENTO DE BA\u00d1ERA KEY WEST"},"content":{"rendered":"<p>ASIENTO DE BA\u00d1ERA KEY WEST (812251)<\/p>\n<div class=\"tsf-campo-acf-titulo tsf-campo-acf-titulo-caracteristicas tsf_campo-acf tsf_caracteristicas\"><strong>Caracter\u00edsticas<\/strong><\/div>\n<div><\/div>\n<div class=\"tsf-campo-acf-valores tsf-campo-acf-valores-caracteristicas tsf_campo-acf tsf_caracteristicas\">Haga su aseo personal c\u00f3modamente sentado en su ba\u00f1o con nuestro asiento de ba\u00f1era Key West,<br \/>\nSe sujeta de forma sencilla mediante 4 ventosas en la parte inferior de la ba\u00f1era.<br \/>\nPolipropileno blanco.<br \/>\nDimensiones: Ancho 40.5 x prof. 31 x alto. 21 cm.<br \/>\nPeso 1,3 kg.<br \/>\nResistencia 160 kg.<\/div>\n","protected":false},"excerpt":{"rendered":"<p>ASIENTO DE BA\u00d1ERA KEY WEST (812251) Caracter\u00edsticas Haga su aseo personal c\u00f3modamente sentado en su ba\u00f1o con nuestro asiento de ba\u00f1era Key West, Se sujeta de forma sencilla mediante 4 ventosas en la parte inferior de la ba\u00f1era. Polipropileno blanco. Dimensiones: Ancho 40.5 x prof. 31 x alto. 21 cm. Peso 1,3 kg. Resistencia 160 [&hellip;]<\/p>\n","protected":false},"featured_media":3583,"comment_status":"open","ping_status":"closed","template":"","meta":{"saved_in_kubio":false},"product_brand":[],"product_cat":[87],"product_tag":[118],"class_list":{"0":"post-3582","1":"product","2":"type-product","3":"status-publish","4":"has-post-thumbnail","6":"product_cat-asientos-y-tablas-de-baneras","7":"product_tag-emo","9":"first","10":"instock","11":"shipping-taxable","12":"product-type-simple"},"_links":{"self":[{"href":"https:\/\/ortopediagot.net\/Inicio\/wp-json\/wp\/v2\/product\/3582"}],"collection":[{"href":"https:\/\/ortopediagot.net\/Inicio\/wp-json\/wp\/v2\/product"}],"about":[{"href":"https:\/\/ortopediagot.net\/Inicio\/wp-json\/wp\/v2\/types\/product"}],"replies":[{"embeddable":true,"href":"https:\/\/ortopediagot.net\/Inicio\/wp-json\/wp\/v2\/comments?post=3582"}],"wp:featuredmedia":[{"embeddable":true,"href":"https:\/\/ortopediagot.net\/Inicio\/wp-json\/wp\/v2\/media\/3583"}],"wp:attachment":[{"href":"https:\/\/ortopediagot.net\/Inicio\/wp-json\/wp\/v2\/media?parent=3582"}],"wp:term":[{"taxonomy":"product_brand","embeddable":true,"href":"https:\/\/ortopediagot.net\/Inicio\/wp-json\/wp\/v2\/product_brand?post=3582"},{"taxonomy":"product_cat","embeddable":true,"href":"https:\/\/ortopediagot.net\/Inicio\/wp-json\/wp\/v2\/product_cat?post=3582"},{"taxonomy":"product_tag","embeddable":true,"href":"https:\/\/ortopediagot.net\/Inicio\/wp-json\/wp\/v2\/product_tag?post=3582"}],"curies":[{"name":"wp","href":"https:\/\/api.w.org\/{rel}","templated":true}]}}