{"id":3587,"date":"2024-06-11T13:56:07","date_gmt":"2024-06-11T12:56:07","guid":{"rendered":"https:\/\/ortopediagot.net\/?post_type=product&#038;p=3587"},"modified":"2024-06-11T13:56:08","modified_gmt":"2024-06-11T12:56:08","slug":"asiento-de-banera-zanzibar","status":"publish","type":"product","link":"https:\/\/ortopediagot.net\/Inicio\/producto\/asiento-de-banera-zanzibar\/","title":{"rendered":"ASIENTO DE BA\u00d1ERA ZANZIBAR"},"content":{"rendered":"<p>ASIENTO DE BA\u00d1ERA ZANZIBAR (812240)<\/p>\n<div class=\"tsf-campo-acf-titulo tsf-campo-acf-titulo-caracteristicas tsf_campo-acf tsf_caracteristicas\"><strong>Caracter\u00edsticas<\/strong><\/div>\n<div><\/div>\n<div class=\"tsf-campo-acf-valores tsf-campo-acf-valores-caracteristicas tsf_campo-acf tsf_caracteristicas\">Asiento de ba\u00f1era el cual apoya en los bordes de su ba\u00f1era y le permite sentarse c\u00f3modamente durante el ba\u00f1o.<br \/>\nLos bordes est\u00e1n acolchados con antideslizante resistente a la abrasi\u00f3n.<br \/>\nMuy ligeros y muy f\u00e1ciles de retirar despu\u00e9s de cada uso.<br \/>\nEstructura de aluminio.<br \/>\nAsiento de polietileno muy resistente.<br \/>\nTama\u00f1o del asiento: Ancho 40 x prof. 23 cm. Longitud total de 76 cm.Dimensi\u00f3n de inmersi\u00f3n: 20 cm.<br \/>\nPara ser utilizado en ba\u00f1eras con un ancho exterior de hasta 74 cm, ancho interno m\u00e1ximo de 60 cm min 40 cm.<br \/>\nPeso m\u00e1ximo usuario 100 kg.<\/div>\n","protected":false},"excerpt":{"rendered":"<p>ASIENTO DE BA\u00d1ERA ZANZIBAR (812240) Caracter\u00edsticas Asiento de ba\u00f1era el cual apoya en los bordes de su ba\u00f1era y le permite sentarse c\u00f3modamente durante el ba\u00f1o. Los bordes est\u00e1n acolchados con antideslizante resistente a la abrasi\u00f3n. Muy ligeros y muy f\u00e1ciles de retirar despu\u00e9s de cada uso. Estructura de aluminio. Asiento de polietileno muy resistente. [&hellip;]<\/p>\n","protected":false},"featured_media":3588,"comment_status":"open","ping_status":"closed","template":"","meta":{"saved_in_kubio":false},"product_brand":[],"product_cat":[87],"product_tag":[118],"class_list":{"0":"post-3587","1":"product","2":"type-product","3":"status-publish","4":"has-post-thumbnail","6":"product_cat-asientos-y-tablas-de-baneras","7":"product_tag-emo","9":"first","10":"instock","11":"shipping-taxable","12":"product-type-simple"},"_links":{"self":[{"href":"https:\/\/ortopediagot.net\/Inicio\/wp-json\/wp\/v2\/product\/3587"}],"collection":[{"href":"https:\/\/ortopediagot.net\/Inicio\/wp-json\/wp\/v2\/product"}],"about":[{"href":"https:\/\/ortopediagot.net\/Inicio\/wp-json\/wp\/v2\/types\/product"}],"replies":[{"embeddable":true,"href":"https:\/\/ortopediagot.net\/Inicio\/wp-json\/wp\/v2\/comments?post=3587"}],"wp:featuredmedia":[{"embeddable":true,"href":"https:\/\/ortopediagot.net\/Inicio\/wp-json\/wp\/v2\/media\/3588"}],"wp:attachment":[{"href":"https:\/\/ortopediagot.net\/Inicio\/wp-json\/wp\/v2\/media?parent=3587"}],"wp:term":[{"taxonomy":"product_brand","embeddable":true,"href":"https:\/\/ortopediagot.net\/Inicio\/wp-json\/wp\/v2\/product_brand?post=3587"},{"taxonomy":"product_cat","embeddable":true,"href":"https:\/\/ortopediagot.net\/Inicio\/wp-json\/wp\/v2\/product_cat?post=3587"},{"taxonomy":"product_tag","embeddable":true,"href":"https:\/\/ortopediagot.net\/Inicio\/wp-json\/wp\/v2\/product_tag?post=3587"}],"curies":[{"name":"wp","href":"https:\/\/api.w.org\/{rel}","templated":true}]}}