{"id":3589,"date":"2024-06-11T13:59:13","date_gmt":"2024-06-11T12:59:13","guid":{"rendered":"https:\/\/ortopediagot.net\/?post_type=product&#038;p=3589"},"modified":"2024-06-11T13:59:13","modified_gmt":"2024-06-11T12:59:13","slug":"barra-de-acceso-a-banera-con-escalon-acceo","status":"publish","type":"product","link":"https:\/\/ortopediagot.net\/Inicio\/producto\/barra-de-acceso-a-banera-con-escalon-acceo\/","title":{"rendered":"BARRA DE ACCESO A BA\u00d1ERA CON ESCAL\u00d3N ACCEO"},"content":{"rendered":"<p>BARRA DE ACCESO A BA\u00d1ERA CON ESCAL\u00d3N ACCEO (812086)<\/p>\n<div class=\"tsf-campo-acf-titulo tsf-campo-acf-titulo-caracteristicas tsf_campo-acf tsf_caracteristicas\"><strong>Caracter\u00edsticas<\/strong><\/div>\n<div><\/div>\n<div class=\"tsf-campo-acf-valores tsf-campo-acf-valores-caracteristicas tsf_campo-acf tsf_caracteristicas\">Combina un escal\u00f3n y un soporte para facilitar el acceso al ba\u00f1o para personas con movilidad reducida.<br \/>\nFijaci\u00f3n sin herramientas en el borde de la ba\u00f1era, muy seguro y estable.<br \/>\nEl soporte se coloca a la izquierda o la derecha del paso, seg\u00fan lo desee, en funci\u00f3n de la configuraci\u00f3n de su ba\u00f1o.<br \/>\nEstructura en acero tratado epoxi y escal\u00f3n en madera de teca.<br \/>\nAdecuado para bordes de ba\u00f1era entre 7,5 cm y 14 cm m\u00e1ximo.<br \/>\nAltura 106 cm. Ancho de soporte parcial 33 cm.<br \/>\nDimensiones a pie: ancho. 39 x prof. 28 x alto 24 cm.<br \/>\nPeso m\u00e1ximo usuario 150 kg<\/div>\n","protected":false},"excerpt":{"rendered":"<p>BARRA DE ACCESO A BA\u00d1ERA CON ESCAL\u00d3N ACCEO (812086) Caracter\u00edsticas Combina un escal\u00f3n y un soporte para facilitar el acceso al ba\u00f1o para personas con movilidad reducida. Fijaci\u00f3n sin herramientas en el borde de la ba\u00f1era, muy seguro y estable. El soporte se coloca a la izquierda o la derecha del paso, seg\u00fan lo desee, [&hellip;]<\/p>\n","protected":false},"featured_media":3590,"comment_status":"open","ping_status":"closed","template":"","meta":{"saved_in_kubio":false},"product_brand":[],"product_cat":[84],"product_tag":[118],"class_list":{"0":"post-3589","1":"product","2":"type-product","3":"status-publish","4":"has-post-thumbnail","6":"product_cat-asideros","7":"product_tag-emo","9":"first","10":"instock","11":"shipping-taxable","12":"product-type-simple"},"_links":{"self":[{"href":"https:\/\/ortopediagot.net\/Inicio\/wp-json\/wp\/v2\/product\/3589"}],"collection":[{"href":"https:\/\/ortopediagot.net\/Inicio\/wp-json\/wp\/v2\/product"}],"about":[{"href":"https:\/\/ortopediagot.net\/Inicio\/wp-json\/wp\/v2\/types\/product"}],"replies":[{"embeddable":true,"href":"https:\/\/ortopediagot.net\/Inicio\/wp-json\/wp\/v2\/comments?post=3589"}],"wp:featuredmedia":[{"embeddable":true,"href":"https:\/\/ortopediagot.net\/Inicio\/wp-json\/wp\/v2\/media\/3590"}],"wp:attachment":[{"href":"https:\/\/ortopediagot.net\/Inicio\/wp-json\/wp\/v2\/media?parent=3589"}],"wp:term":[{"taxonomy":"product_brand","embeddable":true,"href":"https:\/\/ortopediagot.net\/Inicio\/wp-json\/wp\/v2\/product_brand?post=3589"},{"taxonomy":"product_cat","embeddable":true,"href":"https:\/\/ortopediagot.net\/Inicio\/wp-json\/wp\/v2\/product_cat?post=3589"},{"taxonomy":"product_tag","embeddable":true,"href":"https:\/\/ortopediagot.net\/Inicio\/wp-json\/wp\/v2\/product_tag?post=3589"}],"curies":[{"name":"wp","href":"https:\/\/api.w.org\/{rel}","templated":true}]}}