{"id":3592,"date":"2024-06-12T10:32:42","date_gmt":"2024-06-12T09:32:42","guid":{"rendered":"https:\/\/ortopediagot.net\/?post_type=product&#038;p=3592"},"modified":"2024-06-12T10:32:43","modified_gmt":"2024-06-12T09:32:43","slug":"asiento-de-banera-profilo","status":"publish","type":"product","link":"https:\/\/ortopediagot.net\/Inicio\/producto\/asiento-de-banera-profilo\/","title":{"rendered":"ASIENTO DE BA\u00d1ERA PROFILO"},"content":{"rendered":"<p>ASIENTO DE BA\u00d1ERA PROFILO (812138)<\/p>\n<div class=\"tsf-campo-acf-titulo tsf-campo-acf-titulo-caracteristicas tsf_campo-acf tsf_caracteristicas\"><strong>Caracter\u00edsticas<\/strong><\/div>\n<div><\/div>\n<div class=\"tsf-campo-acf-valores tsf-campo-acf-valores-caracteristicas tsf_campo-acf tsf_caracteristicas\">El asiento de ba\u00f1era Profilo le permite sentarse y descansar c\u00f3modamente.<br \/>\nPuede elegir entre 3 alturas de asiento: el asiento alto (foto 1) es especialmente adecuado para personas con movilidad reducida lo que les facilitar\u00e1 sobrepasar los bordes de la ba\u00f1era.<br \/>\nSe puede ajustar la posici\u00f3n de la tabla del asiento dos niveles por debajo del borde de la ba\u00f1era.<br \/>\nSe instala de forma sencilla, sin herramientas, en los bordes de la ba\u00f1era y se sujeta firmemente sin moverse.<br \/>\nLos soportes laterales del asiento son ajustables en anchura, por lo<br \/>\nque se adapta a la mayor\u00eda de los modelos de ba\u00f1o.<br \/>\nDimensiones del asiento: ancho 42 x prof. 38 cm.<br \/>\nAltura de la llanta -3 cm, posici\u00f3n media -10 cm y posici\u00f3n baja &#8211; 22 cm.Ancho de los soportes de 65 a 72 cm.<br \/>\nAncho interno de 44 a 51 cm.<br \/>\nAltura total 27 cm.<br \/>\nPeso m\u00e1ximo usuario 110 kg<\/div>\n","protected":false},"excerpt":{"rendered":"<p>ASIENTO DE BA\u00d1ERA PROFILO (812138) Caracter\u00edsticas El asiento de ba\u00f1era Profilo le permite sentarse y descansar c\u00f3modamente. Puede elegir entre 3 alturas de asiento: el asiento alto (foto 1) es especialmente adecuado para personas con movilidad reducida lo que les facilitar\u00e1 sobrepasar los bordes de la ba\u00f1era. Se puede ajustar la posici\u00f3n de la tabla [&hellip;]<\/p>\n","protected":false},"featured_media":3593,"comment_status":"open","ping_status":"closed","template":"","meta":{"saved_in_kubio":false},"product_brand":[],"product_cat":[87],"product_tag":[118],"class_list":{"0":"post-3592","1":"product","2":"type-product","3":"status-publish","4":"has-post-thumbnail","6":"product_cat-asientos-y-tablas-de-baneras","7":"product_tag-emo","9":"first","10":"instock","11":"shipping-taxable","12":"product-type-simple"},"_links":{"self":[{"href":"https:\/\/ortopediagot.net\/Inicio\/wp-json\/wp\/v2\/product\/3592"}],"collection":[{"href":"https:\/\/ortopediagot.net\/Inicio\/wp-json\/wp\/v2\/product"}],"about":[{"href":"https:\/\/ortopediagot.net\/Inicio\/wp-json\/wp\/v2\/types\/product"}],"replies":[{"embeddable":true,"href":"https:\/\/ortopediagot.net\/Inicio\/wp-json\/wp\/v2\/comments?post=3592"}],"wp:featuredmedia":[{"embeddable":true,"href":"https:\/\/ortopediagot.net\/Inicio\/wp-json\/wp\/v2\/media\/3593"}],"wp:attachment":[{"href":"https:\/\/ortopediagot.net\/Inicio\/wp-json\/wp\/v2\/media?parent=3592"}],"wp:term":[{"taxonomy":"product_brand","embeddable":true,"href":"https:\/\/ortopediagot.net\/Inicio\/wp-json\/wp\/v2\/product_brand?post=3592"},{"taxonomy":"product_cat","embeddable":true,"href":"https:\/\/ortopediagot.net\/Inicio\/wp-json\/wp\/v2\/product_cat?post=3592"},{"taxonomy":"product_tag","embeddable":true,"href":"https:\/\/ortopediagot.net\/Inicio\/wp-json\/wp\/v2\/product_tag?post=3592"}],"curies":[{"name":"wp","href":"https:\/\/api.w.org\/{rel}","templated":true}]}}