{"id":3602,"date":"2024-06-12T10:35:33","date_gmt":"2024-06-12T09:35:33","guid":{"rendered":"https:\/\/ortopediagot.net\/?post_type=product&#038;p=3602"},"modified":"2024-06-12T10:35:34","modified_gmt":"2024-06-12T09:35:34","slug":"asiento-de-banera-mayotte","status":"publish","type":"product","link":"https:\/\/ortopediagot.net\/Inicio\/producto\/asiento-de-banera-mayotte\/","title":{"rendered":"ASIENTO DE BA\u00d1ERA MAYOTTE"},"content":{"rendered":"<p>ASIENTO DE BA\u00d1ERA MAYOTTE (812206)<\/p>\n<div class=\"tsf-campo-acf-titulo tsf-campo-acf-titulo-caracteristicas tsf_campo-acf tsf_caracteristicas\"><strong>Caracter\u00edsticas<\/strong><\/div>\n<div><\/div>\n<div class=\"tsf-campo-acf-valores tsf-campo-acf-valores-caracteristicas tsf_campo-acf tsf_caracteristicas\">Permite sentarse en su ba\u00f1era para poder realizar su higiene personal.<br \/>\nLos extremos se asientan en los bordes del ba\u00f1o y son antideslizantes.<br \/>\nEl asiento est\u00e1 compuesto de listones que permiten que el agua fluya f\u00e1cilmente.<br \/>\nSe adapta a una ba\u00f1era con un ancho interno de 62 cm a 69 cm.<br \/>\nModelo suspendido con asiento a 12 cm debajo de las llantas de ba\u00f1o.<br \/>\nEstructura de aluminio pintado.<br \/>\nDimensiones de asiento: ancho 34 x prof. 32,5 cm.<br \/>\nPeso m\u00e1ximo usuario 100 kg<\/div>\n","protected":false},"excerpt":{"rendered":"<p>ASIENTO DE BA\u00d1ERA MAYOTTE (812206) Caracter\u00edsticas Permite sentarse en su ba\u00f1era para poder realizar su higiene personal. Los extremos se asientan en los bordes del ba\u00f1o y son antideslizantes. El asiento est\u00e1 compuesto de listones que permiten que el agua fluya f\u00e1cilmente. Se adapta a una ba\u00f1era con un ancho interno de 62 cm a [&hellip;]<\/p>\n","protected":false},"featured_media":3603,"comment_status":"open","ping_status":"closed","template":"","meta":{"saved_in_kubio":false},"product_brand":[],"product_cat":[87],"product_tag":[118],"class_list":{"0":"post-3602","1":"product","2":"type-product","3":"status-publish","4":"has-post-thumbnail","6":"product_cat-asientos-y-tablas-de-baneras","7":"product_tag-emo","9":"first","10":"instock","11":"shipping-taxable","12":"product-type-simple"},"_links":{"self":[{"href":"https:\/\/ortopediagot.net\/Inicio\/wp-json\/wp\/v2\/product\/3602"}],"collection":[{"href":"https:\/\/ortopediagot.net\/Inicio\/wp-json\/wp\/v2\/product"}],"about":[{"href":"https:\/\/ortopediagot.net\/Inicio\/wp-json\/wp\/v2\/types\/product"}],"replies":[{"embeddable":true,"href":"https:\/\/ortopediagot.net\/Inicio\/wp-json\/wp\/v2\/comments?post=3602"}],"wp:featuredmedia":[{"embeddable":true,"href":"https:\/\/ortopediagot.net\/Inicio\/wp-json\/wp\/v2\/media\/3603"}],"wp:attachment":[{"href":"https:\/\/ortopediagot.net\/Inicio\/wp-json\/wp\/v2\/media?parent=3602"}],"wp:term":[{"taxonomy":"product_brand","embeddable":true,"href":"https:\/\/ortopediagot.net\/Inicio\/wp-json\/wp\/v2\/product_brand?post=3602"},{"taxonomy":"product_cat","embeddable":true,"href":"https:\/\/ortopediagot.net\/Inicio\/wp-json\/wp\/v2\/product_cat?post=3602"},{"taxonomy":"product_tag","embeddable":true,"href":"https:\/\/ortopediagot.net\/Inicio\/wp-json\/wp\/v2\/product_tag?post=3602"}],"curies":[{"name":"wp","href":"https:\/\/api.w.org\/{rel}","templated":true}]}}