{"id":3604,"date":"2024-06-12T10:36:41","date_gmt":"2024-06-12T09:36:41","guid":{"rendered":"https:\/\/ortopediagot.net\/?post_type=product&#038;p=3604"},"modified":"2024-06-12T10:36:41","modified_gmt":"2024-06-12T09:36:41","slug":"asiento-de-banera-cap-vert","status":"publish","type":"product","link":"https:\/\/ortopediagot.net\/Inicio\/producto\/asiento-de-banera-cap-vert\/","title":{"rendered":"ASIENTO DE BA\u00d1ERA CAP VERT"},"content":{"rendered":"<p>ASIENTO DE BA\u00d1ERA CAP VERT (812211)<\/p>\n<div class=\"tsf-campo-acf-titulo tsf-campo-acf-titulo-caracteristicas tsf_campo-acf tsf_caracteristicas\"><strong>Caracter\u00edsticas<\/strong><\/div>\n<div><\/div>\n<div class=\"tsf-campo-acf-valores tsf-campo-acf-valores-caracteristicas tsf_campo-acf tsf_caracteristicas\">Asiento de ba\u00f1era que se coloca directamente en los bordes de la ba\u00f1era y garantiza comodidad y seguridad unos 17 cm m\u00e1s bajo que sus bordes\u00bb.<br \/>\nSu asiento flexible es c\u00f3modo incluso en uso prolongado.<br \/>\nFijaci\u00f3n sin herramienta en la mayor\u00eda de ba\u00f1eras est\u00e1ndar de hasta 66 cm de ancho interno.<br \/>\nEstructura de aluminio anticorrosi\u00f3n.<br \/>\nRespaldo opcional Cap Vert, ref. 812212.<br \/>\nDimensiones generales: ancho 71 x prof. 54 x alto. 23 cm.<br \/>\nDimensiones de asiento: ancho 41 x prof. 34 cm.<br \/>\nPeso 2,6 kg.<br \/>\nPeso m\u00e1ximo usuario 150 kg.<\/div>\n","protected":false},"excerpt":{"rendered":"<p>ASIENTO DE BA\u00d1ERA CAP VERT (812211) Caracter\u00edsticas Asiento de ba\u00f1era que se coloca directamente en los bordes de la ba\u00f1era y garantiza comodidad y seguridad unos 17 cm m\u00e1s bajo que sus bordes\u00bb. Su asiento flexible es c\u00f3modo incluso en uso prolongado. Fijaci\u00f3n sin herramienta en la mayor\u00eda de ba\u00f1eras est\u00e1ndar de hasta 66 cm [&hellip;]<\/p>\n","protected":false},"featured_media":3605,"comment_status":"open","ping_status":"closed","template":"","meta":{"saved_in_kubio":false},"product_brand":[],"product_cat":[87],"product_tag":[118],"class_list":{"0":"post-3604","1":"product","2":"type-product","3":"status-publish","4":"has-post-thumbnail","6":"product_cat-asientos-y-tablas-de-baneras","7":"product_tag-emo","9":"first","10":"instock","11":"shipping-taxable","12":"product-type-simple"},"_links":{"self":[{"href":"https:\/\/ortopediagot.net\/Inicio\/wp-json\/wp\/v2\/product\/3604"}],"collection":[{"href":"https:\/\/ortopediagot.net\/Inicio\/wp-json\/wp\/v2\/product"}],"about":[{"href":"https:\/\/ortopediagot.net\/Inicio\/wp-json\/wp\/v2\/types\/product"}],"replies":[{"embeddable":true,"href":"https:\/\/ortopediagot.net\/Inicio\/wp-json\/wp\/v2\/comments?post=3604"}],"wp:featuredmedia":[{"embeddable":true,"href":"https:\/\/ortopediagot.net\/Inicio\/wp-json\/wp\/v2\/media\/3605"}],"wp:attachment":[{"href":"https:\/\/ortopediagot.net\/Inicio\/wp-json\/wp\/v2\/media?parent=3604"}],"wp:term":[{"taxonomy":"product_brand","embeddable":true,"href":"https:\/\/ortopediagot.net\/Inicio\/wp-json\/wp\/v2\/product_brand?post=3604"},{"taxonomy":"product_cat","embeddable":true,"href":"https:\/\/ortopediagot.net\/Inicio\/wp-json\/wp\/v2\/product_cat?post=3604"},{"taxonomy":"product_tag","embeddable":true,"href":"https:\/\/ortopediagot.net\/Inicio\/wp-json\/wp\/v2\/product_tag?post=3604"}],"curies":[{"name":"wp","href":"https:\/\/api.w.org\/{rel}","templated":true}]}}