{"id":3606,"date":"2024-06-12T10:37:54","date_gmt":"2024-06-12T09:37:54","guid":{"rendered":"https:\/\/ortopediagot.net\/?post_type=product&#038;p=3606"},"modified":"2024-06-12T10:37:55","modified_gmt":"2024-06-12T09:37:55","slug":"respaldo-para-asiento-cap-vert","status":"publish","type":"product","link":"https:\/\/ortopediagot.net\/Inicio\/producto\/respaldo-para-asiento-cap-vert\/","title":{"rendered":"RESPALDO PARA ASIENTO CAP VERT"},"content":{"rendered":"<p>RESPALDO PARA ASIENTO CAP VERT (812212)<\/p>\n<div class=\"tsf-campo-acf-titulo tsf-campo-acf-titulo-caracteristicas tsf_campo-acf tsf_caracteristicas\"><strong>Caracter\u00edsticas<\/strong><\/div>\n<div><\/div>\n<div class=\"tsf-campo-acf-valores tsf-campo-acf-valores-caracteristicas tsf_campo-acf tsf_caracteristicas\">Respaldo dise\u00f1ado para usarse en el asiento de ba\u00f1era Cap Vert.<br \/>\nSuave y c\u00f3modo.<br \/>\nAltura 38 cm.<br \/>\nEs un accesorio no incluido en la silla.<\/div>\n<div class=\"tsf-campo-acf-titulo tsf-campo-acf-titulo-altura tsf_campo-acf tsf_altura\"><\/div>\n<div><strong>Alturas<\/strong><\/div>\n<div><\/div>\n<div class=\"tsf-campo-acf-valores tsf-campo-acf-valores-altura tsf_campo-acf tsf_altura\">38 CM<\/div>\n","protected":false},"excerpt":{"rendered":"<p>RESPALDO PARA ASIENTO CAP VERT (812212) Caracter\u00edsticas Respaldo dise\u00f1ado para usarse en el asiento de ba\u00f1era Cap Vert. Suave y c\u00f3modo. Altura 38 cm. Es un accesorio no incluido en la silla. Alturas 38 CM<\/p>\n","protected":false},"featured_media":3607,"comment_status":"open","ping_status":"closed","template":"","meta":{"saved_in_kubio":false},"product_brand":[],"product_cat":[87],"product_tag":[118],"class_list":{"0":"post-3606","1":"product","2":"type-product","3":"status-publish","4":"has-post-thumbnail","6":"product_cat-asientos-y-tablas-de-baneras","7":"product_tag-emo","9":"first","10":"instock","11":"shipping-taxable","12":"product-type-simple"},"_links":{"self":[{"href":"https:\/\/ortopediagot.net\/Inicio\/wp-json\/wp\/v2\/product\/3606"}],"collection":[{"href":"https:\/\/ortopediagot.net\/Inicio\/wp-json\/wp\/v2\/product"}],"about":[{"href":"https:\/\/ortopediagot.net\/Inicio\/wp-json\/wp\/v2\/types\/product"}],"replies":[{"embeddable":true,"href":"https:\/\/ortopediagot.net\/Inicio\/wp-json\/wp\/v2\/comments?post=3606"}],"wp:featuredmedia":[{"embeddable":true,"href":"https:\/\/ortopediagot.net\/Inicio\/wp-json\/wp\/v2\/media\/3607"}],"wp:attachment":[{"href":"https:\/\/ortopediagot.net\/Inicio\/wp-json\/wp\/v2\/media?parent=3606"}],"wp:term":[{"taxonomy":"product_brand","embeddable":true,"href":"https:\/\/ortopediagot.net\/Inicio\/wp-json\/wp\/v2\/product_brand?post=3606"},{"taxonomy":"product_cat","embeddable":true,"href":"https:\/\/ortopediagot.net\/Inicio\/wp-json\/wp\/v2\/product_cat?post=3606"},{"taxonomy":"product_tag","embeddable":true,"href":"https:\/\/ortopediagot.net\/Inicio\/wp-json\/wp\/v2\/product_tag?post=3606"}],"curies":[{"name":"wp","href":"https:\/\/api.w.org\/{rel}","templated":true}]}}