{"id":3608,"date":"2024-06-12T10:39:09","date_gmt":"2024-06-12T09:39:09","guid":{"rendered":"https:\/\/ortopediagot.net\/?post_type=product&#038;p=3608"},"modified":"2024-06-12T10:39:10","modified_gmt":"2024-06-12T09:39:10","slug":"asiento-giratorio-de-banera-acolchado","status":"publish","type":"product","link":"https:\/\/ortopediagot.net\/Inicio\/producto\/asiento-giratorio-de-banera-acolchado\/","title":{"rendered":"ASIENTO GIRATORIO DE BA\u00d1ERA ACOLCHADO"},"content":{"rendered":"<p>ASIENTO GIRATORIO DE BA\u00d1ERA ACOLCHADO (812010)<\/p>\n<div class=\"tsf-campo-acf-titulo tsf-campo-acf-titulo-caracteristicas tsf_campo-acf tsf_caracteristicas\"><strong>Caracter\u00edsticas<\/strong><\/div>\n<div><\/div>\n<div class=\"tsf-campo-acf-valores tsf-campo-acf-valores-caracteristicas tsf_campo-acf tsf_caracteristicas\">Asiento, respaldo y reposabrazos de material blando<br \/>\n&#8211; Apoyabrazos abatibles<br \/>\nEste asiento giratorio de ba\u00f1era le permite sentarse c\u00f3mo- damente gracias a sus piezas de espuma impermeable. Se puede ajustar en anchura para adaptarse a la mayor\u00eda de las ba\u00f1eras.<br \/>\nEstructura de aluminio ligero y resistente a la corrosi\u00f3n. Peso 7,4 kg.<br \/>\nDimensiones del asiento: ancho 40 x fondo 33,5 x altura del respaldo 19 cm. Altura de los reposabrazos 27,5 cm. Anchura ajustable de 56 a 66,5 cm. Para ba\u00f1eras de hasta 59 cm.<br \/>\nPeso max. usuario: 120 kg.<\/div>\n","protected":false},"excerpt":{"rendered":"<p>ASIENTO GIRATORIO DE BA\u00d1ERA ACOLCHADO (812010) Caracter\u00edsticas Asiento, respaldo y reposabrazos de material blando &#8211; Apoyabrazos abatibles Este asiento giratorio de ba\u00f1era le permite sentarse c\u00f3mo- damente gracias a sus piezas de espuma impermeable. Se puede ajustar en anchura para adaptarse a la mayor\u00eda de las ba\u00f1eras. Estructura de aluminio ligero y resistente a la [&hellip;]<\/p>\n","protected":false},"featured_media":3609,"comment_status":"open","ping_status":"closed","template":"","meta":{"saved_in_kubio":false},"product_brand":[],"product_cat":[87],"product_tag":[118],"class_list":{"0":"post-3608","1":"product","2":"type-product","3":"status-publish","4":"has-post-thumbnail","6":"product_cat-asientos-y-tablas-de-baneras","7":"product_tag-emo","9":"first","10":"instock","11":"shipping-taxable","12":"product-type-simple"},"_links":{"self":[{"href":"https:\/\/ortopediagot.net\/Inicio\/wp-json\/wp\/v2\/product\/3608"}],"collection":[{"href":"https:\/\/ortopediagot.net\/Inicio\/wp-json\/wp\/v2\/product"}],"about":[{"href":"https:\/\/ortopediagot.net\/Inicio\/wp-json\/wp\/v2\/types\/product"}],"replies":[{"embeddable":true,"href":"https:\/\/ortopediagot.net\/Inicio\/wp-json\/wp\/v2\/comments?post=3608"}],"wp:featuredmedia":[{"embeddable":true,"href":"https:\/\/ortopediagot.net\/Inicio\/wp-json\/wp\/v2\/media\/3609"}],"wp:attachment":[{"href":"https:\/\/ortopediagot.net\/Inicio\/wp-json\/wp\/v2\/media?parent=3608"}],"wp:term":[{"taxonomy":"product_brand","embeddable":true,"href":"https:\/\/ortopediagot.net\/Inicio\/wp-json\/wp\/v2\/product_brand?post=3608"},{"taxonomy":"product_cat","embeddable":true,"href":"https:\/\/ortopediagot.net\/Inicio\/wp-json\/wp\/v2\/product_cat?post=3608"},{"taxonomy":"product_tag","embeddable":true,"href":"https:\/\/ortopediagot.net\/Inicio\/wp-json\/wp\/v2\/product_tag?post=3608"}],"curies":[{"name":"wp","href":"https:\/\/api.w.org\/{rel}","templated":true}]}}