{"id":3610,"date":"2024-06-12T10:44:24","date_gmt":"2024-06-12T09:44:24","guid":{"rendered":"https:\/\/ortopediagot.net\/?post_type=product&#038;p=3610"},"modified":"2024-06-12T10:44:24","modified_gmt":"2024-06-12T09:44:24","slug":"elevador-de-banera-galapagos","status":"publish","type":"product","link":"https:\/\/ortopediagot.net\/Inicio\/producto\/elevador-de-banera-galapagos\/","title":{"rendered":"ELEVADOR DE BA\u00d1ERA GAL\u00c1PAGOS"},"content":{"rendered":"<p>ELEVADOR DE BA\u00d1ERA GAL\u00c1PAGOS (822068)<\/p>\n<div class=\"tsf-campo-acf-titulo tsf-campo-acf-titulo-caracteristicas tsf_campo-acf tsf_caracteristicas\"><strong>Caracter\u00edsticas<\/strong><\/div>\n<div><\/div>\n<div class=\"tsf-campo-acf-valores tsf-campo-acf-valores-caracteristicas tsf_campo-acf tsf_caracteristicas\">Elevador de ba\u00f1era que facilita tomar un ba\u00f1o c\u00f3modamente, ya que este asiento se mueve suavemente hacia el fondo de la ba\u00f1era y le eleva cuando termina.<br \/>\nFaricado con pl\u00e1stico ligero reciclado de calidad.<br \/>\nEsto permite que el elevador de ba\u00f1era sea m\u00e1s f\u00e1cil de transportar o almacenar (y, por lo tanto, retirarlo cuando no est\u00e9 en casa).<br \/>\nLa bater\u00eda de iones de litio que le permite funcionar se encuentra en el control remoto.<br \/>\nEl motor y el control remoto son totalmente impermeables y<br \/>\npueden usarse incluso bajo el agua.<br \/>\nEl chasis es robusto y articulado, lo que permite que el asiento se eleve hasta 48 cm y descienda hasta 8 cm de altura.<\/p>\n<p><strong>Funci\u00f3n de seguridad<\/strong>: el elevador no baja si la bater\u00eda del control remoto no est\u00e1 suficientemente recargada y solo permite elevar el asiento del elevador.Equipado con un acolchado completo, tambi\u00e9n en las superficies laterales.Garant\u00eda de por vida en el motor y la estructura,<br \/>\nGarant\u00eda de 2 a\u00f1os en la bater\u00eda y el control remoto.<br \/>\nDimensiones de asiento: ancho 40 x prof. 50 x alto. 8 a 48 cm.<br \/>\nAncho con placas laterales: 725 cm.<br \/>\nDimensiones del respaldo: ancho. 36 x alto. 65 cm.<br \/>\nDimensiones de la base: ancho 31 x prof. 61.2 cm.<br \/>\nAscenso 45s, descenso 30s.<br \/>\nBateria 15V 2.2Ah.<br \/>\nTiempo de carga 3 horas.<br \/>\n\u00c1ngulo m\u00e1ximo del respaldo 45 \u00b0.<br \/>\nPeso sin mando a distancia de 9,6 kg.<br \/>\nEl producto no requiere ensamblaje y se puede utilizar al recibirlo.<\/div>\n","protected":false},"excerpt":{"rendered":"<p>ELEVADOR DE BA\u00d1ERA GAL\u00c1PAGOS (822068) Caracter\u00edsticas Elevador de ba\u00f1era que facilita tomar un ba\u00f1o c\u00f3modamente, ya que este asiento se mueve suavemente hacia el fondo de la ba\u00f1era y le eleva cuando termina. Faricado con pl\u00e1stico ligero reciclado de calidad. Esto permite que el elevador de ba\u00f1era sea m\u00e1s f\u00e1cil de transportar o almacenar (y, [&hellip;]<\/p>\n","protected":false},"featured_media":3611,"comment_status":"open","ping_status":"closed","template":"","meta":{"saved_in_kubio":false},"product_brand":[],"product_cat":[89],"product_tag":[118],"class_list":{"0":"post-3610","1":"product","2":"type-product","3":"status-publish","4":"has-post-thumbnail","6":"product_cat-elevadores-de-baneras","7":"product_tag-emo","9":"first","10":"instock","11":"shipping-taxable","12":"product-type-simple"},"_links":{"self":[{"href":"https:\/\/ortopediagot.net\/Inicio\/wp-json\/wp\/v2\/product\/3610"}],"collection":[{"href":"https:\/\/ortopediagot.net\/Inicio\/wp-json\/wp\/v2\/product"}],"about":[{"href":"https:\/\/ortopediagot.net\/Inicio\/wp-json\/wp\/v2\/types\/product"}],"replies":[{"embeddable":true,"href":"https:\/\/ortopediagot.net\/Inicio\/wp-json\/wp\/v2\/comments?post=3610"}],"wp:featuredmedia":[{"embeddable":true,"href":"https:\/\/ortopediagot.net\/Inicio\/wp-json\/wp\/v2\/media\/3611"}],"wp:attachment":[{"href":"https:\/\/ortopediagot.net\/Inicio\/wp-json\/wp\/v2\/media?parent=3610"}],"wp:term":[{"taxonomy":"product_brand","embeddable":true,"href":"https:\/\/ortopediagot.net\/Inicio\/wp-json\/wp\/v2\/product_brand?post=3610"},{"taxonomy":"product_cat","embeddable":true,"href":"https:\/\/ortopediagot.net\/Inicio\/wp-json\/wp\/v2\/product_cat?post=3610"},{"taxonomy":"product_tag","embeddable":true,"href":"https:\/\/ortopediagot.net\/Inicio\/wp-json\/wp\/v2\/product_tag?post=3610"}],"curies":[{"name":"wp","href":"https:\/\/api.w.org\/{rel}","templated":true}]}}