{"id":3619,"date":"2024-06-12T10:48:51","date_gmt":"2024-06-12T09:48:51","guid":{"rendered":"https:\/\/ortopediagot.net\/?post_type=product&#038;p=3619"},"modified":"2024-06-12T10:48:51","modified_gmt":"2024-06-12T09:48:51","slug":"asiento-giratorio-de-banera","status":"publish","type":"product","link":"https:\/\/ortopediagot.net\/Inicio\/producto\/asiento-giratorio-de-banera\/","title":{"rendered":"ASIENTO GIRATORIO DE BA\u00d1ERA"},"content":{"rendered":"<p>ASIENTO GIRATORIO DE BA\u00d1ERA (812174)<\/p>\n<div class=\"tsf-campo-acf-titulo tsf-campo-acf-titulo-caracteristicas tsf_campo-acf tsf_caracteristicas\"><strong>Caracter\u00edsticas<\/strong><\/div>\n<div><\/div>\n<div class=\"tsf-campo-acf-valores tsf-campo-acf-valores-caracteristicas tsf_campo-acf tsf_caracteristicas\">El asiento gira 360 \u00b0 para facilitar el acceso a la ba\u00f1era para personas con movilidad reducida, lo que le permite sentarse fuera de la ba\u00f1era y girarla suavemente 90 \u00b0 para entrar.<br \/>\nLevantar la palanca lateral para girarla para que pueda ducharse de manera segura y c\u00f3moda.<br \/>\nInstalaci\u00f3n sin la ayuda de ninguna herramienta, el asiento simplemente cae en los bordes de la ba\u00f1era y se asegura con dos estabilizadores laterales antideslizantes.<br \/>\nSu asiento envolvente est\u00e1 equipado con orificios que facilitan el flujo de agua.<br \/>\nDimensiones del asiento: ancho 46 x prof. 43 x alto.<\/p>\n<p>Respaldo 36 cm. Ancho entre reposabrazos: 50 cm.<br \/>\nAtenci\u00f3n: Para ser utilizado en cualquier ba\u00f1era con un ancho externo m\u00e1ximo de 71 cm y un ancho interno m\u00e1ximo de 58 cm.<br \/>\nPeso m\u00e1ximo usuario 113 kg.<\/p><\/div>\n","protected":false},"excerpt":{"rendered":"<p>ASIENTO GIRATORIO DE BA\u00d1ERA (812174) Caracter\u00edsticas El asiento gira 360 \u00b0 para facilitar el acceso a la ba\u00f1era para personas con movilidad reducida, lo que le permite sentarse fuera de la ba\u00f1era y girarla suavemente 90 \u00b0 para entrar. Levantar la palanca lateral para girarla para que pueda ducharse de manera segura y c\u00f3moda. Instalaci\u00f3n [&hellip;]<\/p>\n","protected":false},"featured_media":3620,"comment_status":"open","ping_status":"closed","template":"","meta":{"saved_in_kubio":false},"product_brand":[],"product_cat":[87],"product_tag":[118],"class_list":{"0":"post-3619","1":"product","2":"type-product","3":"status-publish","4":"has-post-thumbnail","6":"product_cat-asientos-y-tablas-de-baneras","7":"product_tag-emo","9":"first","10":"instock","11":"shipping-taxable","12":"product-type-simple"},"_links":{"self":[{"href":"https:\/\/ortopediagot.net\/Inicio\/wp-json\/wp\/v2\/product\/3619"}],"collection":[{"href":"https:\/\/ortopediagot.net\/Inicio\/wp-json\/wp\/v2\/product"}],"about":[{"href":"https:\/\/ortopediagot.net\/Inicio\/wp-json\/wp\/v2\/types\/product"}],"replies":[{"embeddable":true,"href":"https:\/\/ortopediagot.net\/Inicio\/wp-json\/wp\/v2\/comments?post=3619"}],"wp:featuredmedia":[{"embeddable":true,"href":"https:\/\/ortopediagot.net\/Inicio\/wp-json\/wp\/v2\/media\/3620"}],"wp:attachment":[{"href":"https:\/\/ortopediagot.net\/Inicio\/wp-json\/wp\/v2\/media?parent=3619"}],"wp:term":[{"taxonomy":"product_brand","embeddable":true,"href":"https:\/\/ortopediagot.net\/Inicio\/wp-json\/wp\/v2\/product_brand?post=3619"},{"taxonomy":"product_cat","embeddable":true,"href":"https:\/\/ortopediagot.net\/Inicio\/wp-json\/wp\/v2\/product_cat?post=3619"},{"taxonomy":"product_tag","embeddable":true,"href":"https:\/\/ortopediagot.net\/Inicio\/wp-json\/wp\/v2\/product_tag?post=3619"}],"curies":[{"name":"wp","href":"https:\/\/api.w.org\/{rel}","templated":true}]}}