{"id":3628,"date":"2024-06-12T10:53:04","date_gmt":"2024-06-12T09:53:04","guid":{"rendered":"https:\/\/ortopediagot.net\/?post_type=product&#038;p=3628"},"modified":"2024-06-12T10:53:04","modified_gmt":"2024-06-12T09:53:04","slug":"elevador-de-banera-inflable-dulceo","status":"publish","type":"product","link":"https:\/\/ortopediagot.net\/Inicio\/producto\/elevador-de-banera-inflable-dulceo\/","title":{"rendered":"ELEVADOR DE BA\u00d1ERA INFLABLE DULCEO"},"content":{"rendered":"<p>ELEVADOR DE BA\u00d1ERA INFLABLE DULCEO (822183)<\/p>\n<div class=\"tsf-campo-acf-titulo tsf-campo-acf-titulo-caracteristicas tsf_campo-acf tsf_caracteristicas\"><strong>Caracter\u00edsticas<\/strong><\/div>\n<div><\/div>\n<div class=\"tsf-campo-acf-valores tsf-campo-acf-valores-caracteristicas tsf_campo-acf tsf_caracteristicas\">El elevador de ba\u00f1era inflable que funciona mediante presi\u00f3n de aire e inflado de cojines para subir y bajar el asiento.<br \/>\nEl asiento y el respaldo hinchable garantizan un alto nivel de confort y seguridad gracias a la suavidad de los cojines.<br \/>\nLas operaciones se realizan por control remoto.<br \/>\nSe suministra con un compresor de baja presi\u00f3n que permanece fuera del ba\u00f1o, sin cable el\u00e9ctrico sumergido.<br \/>\nSistema de seguridad que permite levantarse por \u00faltima vez en cualquier caso.<br \/>\nElevaci\u00f3n suave y natural.<\/p>\n<p>Aseg\u00farese de que la parte inferior de la ba\u00f1era sea lisa para una buena adhesi\u00f3n de las ventosas<br \/>\nAltura variable de 2 a 40 cm.<br \/>\nAltura del respaldo 33 cm.<br \/>\nAsiento inflable 58 x 44 cm.<br \/>\nGarant\u00eda 3 a\u00f1os excepto en bater\u00eda (6 meses).<br \/>\nPeso m\u00e1ximo usuario 150 kg<\/p><\/div>\n","protected":false},"excerpt":{"rendered":"<p>ELEVADOR DE BA\u00d1ERA INFLABLE DULCEO (822183) Caracter\u00edsticas El elevador de ba\u00f1era inflable que funciona mediante presi\u00f3n de aire e inflado de cojines para subir y bajar el asiento. El asiento y el respaldo hinchable garantizan un alto nivel de confort y seguridad gracias a la suavidad de los cojines. Las operaciones se realizan por control [&hellip;]<\/p>\n","protected":false},"featured_media":3629,"comment_status":"open","ping_status":"closed","template":"","meta":{"saved_in_kubio":false},"product_brand":[],"product_cat":[89],"product_tag":[118],"class_list":{"0":"post-3628","1":"product","2":"type-product","3":"status-publish","4":"has-post-thumbnail","6":"product_cat-elevadores-de-baneras","7":"product_tag-emo","9":"first","10":"instock","11":"shipping-taxable","12":"product-type-simple"},"_links":{"self":[{"href":"https:\/\/ortopediagot.net\/Inicio\/wp-json\/wp\/v2\/product\/3628"}],"collection":[{"href":"https:\/\/ortopediagot.net\/Inicio\/wp-json\/wp\/v2\/product"}],"about":[{"href":"https:\/\/ortopediagot.net\/Inicio\/wp-json\/wp\/v2\/types\/product"}],"replies":[{"embeddable":true,"href":"https:\/\/ortopediagot.net\/Inicio\/wp-json\/wp\/v2\/comments?post=3628"}],"wp:featuredmedia":[{"embeddable":true,"href":"https:\/\/ortopediagot.net\/Inicio\/wp-json\/wp\/v2\/media\/3629"}],"wp:attachment":[{"href":"https:\/\/ortopediagot.net\/Inicio\/wp-json\/wp\/v2\/media?parent=3628"}],"wp:term":[{"taxonomy":"product_brand","embeddable":true,"href":"https:\/\/ortopediagot.net\/Inicio\/wp-json\/wp\/v2\/product_brand?post=3628"},{"taxonomy":"product_cat","embeddable":true,"href":"https:\/\/ortopediagot.net\/Inicio\/wp-json\/wp\/v2\/product_cat?post=3628"},{"taxonomy":"product_tag","embeddable":true,"href":"https:\/\/ortopediagot.net\/Inicio\/wp-json\/wp\/v2\/product_tag?post=3628"}],"curies":[{"name":"wp","href":"https:\/\/api.w.org\/{rel}","templated":true}]}}