{"id":3643,"date":"2024-06-12T11:00:47","date_gmt":"2024-06-12T10:00:47","guid":{"rendered":"https:\/\/ortopediagot.net\/?post_type=product&#038;p=3643"},"modified":"2024-06-12T11:00:48","modified_gmt":"2024-06-12T10:00:48","slug":"822187-elevador-de-banera-kanjo","status":"publish","type":"product","link":"https:\/\/ortopediagot.net\/Inicio\/producto\/822187-elevador-de-banera-kanjo\/","title":{"rendered":"822187 ELEVADOR DE BA\u00d1ERA KANJO"},"content":{"rendered":"<p>822187 ELEVADOR DE BA\u00d1ERA KANJO (822187)<\/p>\n<div class=\"tsf-campo-acf-titulo tsf-campo-acf-titulo-caracteristicas tsf_campo-acf tsf_caracteristicas\"><strong>Caracter\u00edsticas<\/strong><\/div>\n<div><\/div>\n<div class=\"tsf-campo-acf-valores tsf-campo-acf-valores-caracteristicas tsf_campo-acf tsf_caracteristicas\">Con nuestro elevador de ba\u00f1era Kanjo, podr\u00e1 sentarse y disfrutar de un ba\u00f1o relajante y seguro.<br \/>\nGracias a su mando a distancia flotante y estanco, podr\u00e1 entrar y salir suavemente de la ba\u00f1era.<br \/>\nCuando est\u00e1 en posici\u00f3n elevada, las aletas del asiento se colocan autom\u00e1ticamente en los bordes de la ba\u00f1era, facilitando la salida y la entrada en el asiento.<br \/>\nAl bajar el asiento, el respaldo se reclina hasta 40\u00b0 en la posici\u00f3n de relax.<br \/>\nAsiento y respaldo tapizados en espuma lavable e impermeable.<br \/>\nBater\u00eda de iones de litio de 14,48 V y 2150 mAh recargable en 1 hora.<br \/>\nDimensiones totales: profundidad 90 x altura 110,5 cm. Peso: 10,5 kg.<br \/>\nSuperficie de la base: 53 x 22 cm.<br \/>\nDimensiones del asiento: anchura 37,5 (71 cm con solapas laterales) x profundidad 50 x altura 6,5 a 45,5 cm. Altura del respaldo 68 cm.<br \/>\nPeso m\u00e1x. usuario 140 kg.<\/div>\n","protected":false},"excerpt":{"rendered":"<p>822187 ELEVADOR DE BA\u00d1ERA KANJO (822187) Caracter\u00edsticas Con nuestro elevador de ba\u00f1era Kanjo, podr\u00e1 sentarse y disfrutar de un ba\u00f1o relajante y seguro. Gracias a su mando a distancia flotante y estanco, podr\u00e1 entrar y salir suavemente de la ba\u00f1era. Cuando est\u00e1 en posici\u00f3n elevada, las aletas del asiento se colocan autom\u00e1ticamente en los bordes [&hellip;]<\/p>\n","protected":false},"featured_media":3644,"comment_status":"open","ping_status":"closed","template":"","meta":{"saved_in_kubio":false},"product_brand":[],"product_cat":[89],"product_tag":[118],"class_list":{"0":"post-3643","1":"product","2":"type-product","3":"status-publish","4":"has-post-thumbnail","6":"product_cat-elevadores-de-baneras","7":"product_tag-emo","9":"first","10":"instock","11":"shipping-taxable","12":"product-type-simple"},"_links":{"self":[{"href":"https:\/\/ortopediagot.net\/Inicio\/wp-json\/wp\/v2\/product\/3643"}],"collection":[{"href":"https:\/\/ortopediagot.net\/Inicio\/wp-json\/wp\/v2\/product"}],"about":[{"href":"https:\/\/ortopediagot.net\/Inicio\/wp-json\/wp\/v2\/types\/product"}],"replies":[{"embeddable":true,"href":"https:\/\/ortopediagot.net\/Inicio\/wp-json\/wp\/v2\/comments?post=3643"}],"wp:featuredmedia":[{"embeddable":true,"href":"https:\/\/ortopediagot.net\/Inicio\/wp-json\/wp\/v2\/media\/3644"}],"wp:attachment":[{"href":"https:\/\/ortopediagot.net\/Inicio\/wp-json\/wp\/v2\/media?parent=3643"}],"wp:term":[{"taxonomy":"product_brand","embeddable":true,"href":"https:\/\/ortopediagot.net\/Inicio\/wp-json\/wp\/v2\/product_brand?post=3643"},{"taxonomy":"product_cat","embeddable":true,"href":"https:\/\/ortopediagot.net\/Inicio\/wp-json\/wp\/v2\/product_cat?post=3643"},{"taxonomy":"product_tag","embeddable":true,"href":"https:\/\/ortopediagot.net\/Inicio\/wp-json\/wp\/v2\/product_tag?post=3643"}],"curies":[{"name":"wp","href":"https:\/\/api.w.org\/{rel}","templated":true}]}}