{"id":3649,"date":"2024-06-12T11:13:26","date_gmt":"2024-06-12T10:13:26","guid":{"rendered":"https:\/\/ortopediagot.net\/?post_type=product&#038;p=3649"},"modified":"2024-06-12T11:13:26","modified_gmt":"2024-06-12T10:13:26","slug":"tumbona-de-bano-surfer-bather","status":"publish","type":"product","link":"https:\/\/ortopediagot.net\/Inicio\/producto\/tumbona-de-bano-surfer-bather\/","title":{"rendered":"TUMBONA DE BA\u00d1O SURFER BATHER"},"content":{"rendered":"<p>TUMBONA DE BA\u00d1O SURFER BATHER (822049)<\/p>\n<div class=\"tsf-campo-acf-titulo tsf-campo-acf-titulo-caracteristicas tsf_campo-acf tsf_caracteristicas\"><strong>Caracter\u00edsticas<\/strong><\/div>\n<div><\/div>\n<div class=\"tsf-campo-acf-valores tsf-campo-acf-valores-caracteristicas tsf_campo-acf tsf_caracteristicas\">&#8211; Elevador el\u00e9ctrico de movimiento suave<br \/>\nLa tumbona de ba\u00f1o Surfer Bather es el medio ideal para que los ni\u00f1os se ba\u00f1en con total seguridad. Proporciona un soporte completo para el cuerpo del ni\u00f1o y tiene un reposacabezas blando. Permite a los cuidadores no tener que sostener al ni\u00f1o durante el ba\u00f1o. La tumbona funciona con aire a presi\u00f3n, suministrado por la bater\u00eda externa Airflo. Mando &gt;f\u00e1cil de usar y totalmente impermeable. F\u00e1cil de limpiar. Se adapta a cualquier ba\u00f1era est\u00e1ndar (anchura de plataforma 41 cm).<br \/>\nDimensiones del asiento: anchura 41 x profundidad 62 cm. Altura regulable de 6 a 43 cm. Dimensiones del respaldo: anchura 34 x altura 50 cm. \u00c1ngulo del respaldo hasta 70\u00b0. Altura m\u00e1xima del ni\u00f1o 1,35 m. Peso de la tumbona 8,7 kg. Peso del compresor 5 kg.<br \/>\nPeso m\u00e1ximo usuario: 50 kg.<\/div>\n","protected":false},"excerpt":{"rendered":"<p>TUMBONA DE BA\u00d1O SURFER BATHER (822049) Caracter\u00edsticas &#8211; Elevador el\u00e9ctrico de movimiento suave La tumbona de ba\u00f1o Surfer Bather es el medio ideal para que los ni\u00f1os se ba\u00f1en con total seguridad. Proporciona un soporte completo para el cuerpo del ni\u00f1o y tiene un reposacabezas blando. Permite a los cuidadores no tener que sostener al [&hellip;]<\/p>\n","protected":false},"featured_media":3650,"comment_status":"open","ping_status":"closed","template":"","meta":{"saved_in_kubio":false},"product_brand":[],"product_cat":[90],"product_tag":[118],"class_list":{"0":"post-3649","1":"product","2":"type-product","3":"status-publish","4":"has-post-thumbnail","6":"product_cat-camillas-de-bano","7":"product_tag-emo","9":"first","10":"instock","11":"shipping-taxable","12":"product-type-simple"},"_links":{"self":[{"href":"https:\/\/ortopediagot.net\/Inicio\/wp-json\/wp\/v2\/product\/3649"}],"collection":[{"href":"https:\/\/ortopediagot.net\/Inicio\/wp-json\/wp\/v2\/product"}],"about":[{"href":"https:\/\/ortopediagot.net\/Inicio\/wp-json\/wp\/v2\/types\/product"}],"replies":[{"embeddable":true,"href":"https:\/\/ortopediagot.net\/Inicio\/wp-json\/wp\/v2\/comments?post=3649"}],"wp:featuredmedia":[{"embeddable":true,"href":"https:\/\/ortopediagot.net\/Inicio\/wp-json\/wp\/v2\/media\/3650"}],"wp:attachment":[{"href":"https:\/\/ortopediagot.net\/Inicio\/wp-json\/wp\/v2\/media?parent=3649"}],"wp:term":[{"taxonomy":"product_brand","embeddable":true,"href":"https:\/\/ortopediagot.net\/Inicio\/wp-json\/wp\/v2\/product_brand?post=3649"},{"taxonomy":"product_cat","embeddable":true,"href":"https:\/\/ortopediagot.net\/Inicio\/wp-json\/wp\/v2\/product_cat?post=3649"},{"taxonomy":"product_tag","embeddable":true,"href":"https:\/\/ortopediagot.net\/Inicio\/wp-json\/wp\/v2\/product_tag?post=3649"}],"curies":[{"name":"wp","href":"https:\/\/api.w.org\/{rel}","templated":true}]}}