{"id":3658,"date":"2024-06-12T11:23:53","date_gmt":"2024-06-12T10:23:53","guid":{"rendered":"https:\/\/ortopediagot.net\/?post_type=product&#038;p=3658"},"modified":"2024-06-12T11:23:54","modified_gmt":"2024-06-12T10:23:54","slug":"andador-infantil-foxy-talla-1","status":"publish","type":"product","link":"https:\/\/ortopediagot.net\/Inicio\/producto\/andador-infantil-foxy-talla-1\/","title":{"rendered":"ANDADOR INFANTIL FOXY TALLA 1"},"content":{"rendered":"<p>ANDADOR INFANTIL FOXY TALLA 1 (826020, 826021)<\/p>\n<div class=\"tsf-campo-acf-titulo tsf-campo-acf-titulo-caracteristicas tsf_campo-acf tsf_caracteristicas\"><strong>Caracter\u00edsticas<\/strong><\/div>\n<div><\/div>\n<div class=\"tsf-campo-acf-valores tsf-campo-acf-valores-caracteristicas tsf_campo-acf tsf_caracteristicas\">Este andador est\u00e1 especialmente dise\u00f1ado para ni\u00f1os.<br \/>\nEstructura de aluminio muy ligera y plegable.<br \/>\nColores brillantes y muy atractivos.<br \/>\nDisponible en dos tallas.<br \/>\nAsiento de madera disponible como opci\u00f3n.<br \/>\nDimensiones talla 1 :<br \/>\nDimensiones del asiento: Anchura 42 x Profundidad 17 x Altura 42,5 cm.<br \/>\nPeso 5,2 kg.<br \/>\nDimensiones talla 2 :<br \/>\nDimensiones totales: anchura 57,5 x profundidad 67 x altura 67 x altura regulable 69 a 77 cm.<br \/>\nMedidas del asiento: 42 x profundidad 17 x altura 50 cm.<br \/>\nPeso 5,3 kg.<\/div>\n<div class=\"tsf-campo-acf-titulo tsf-campo-acf-titulo-pa_tallas tsf_campo-acf tsf_pa_tallas\"><\/div>\n<div><strong>Tallas<\/strong><\/div>\n<div><\/div>\n<div class=\"tsf-campo-acf-valores tsf-campo-acf-valores-pa_tallas tsf_campo-acf tsf_pa_tallas\">T.1, T.2<\/div>\n","protected":false},"excerpt":{"rendered":"<p>ANDADOR INFANTIL FOXY TALLA 1 (826020, 826021) Caracter\u00edsticas Este andador est\u00e1 especialmente dise\u00f1ado para ni\u00f1os. Estructura de aluminio muy ligera y plegable. Colores brillantes y muy atractivos. Disponible en dos tallas. Asiento de madera disponible como opci\u00f3n. Dimensiones talla 1 : Dimensiones del asiento: Anchura 42 x Profundidad 17 x Altura 42,5 cm. Peso 5,2 [&hellip;]<\/p>\n","protected":false},"featured_media":3659,"comment_status":"open","ping_status":"closed","template":"","meta":{"saved_in_kubio":false},"product_brand":[],"product_cat":[107],"product_tag":[118],"class_list":{"0":"post-3658","1":"product","2":"type-product","3":"status-publish","4":"has-post-thumbnail","6":"product_cat-andadores-infantiles","7":"product_tag-emo","9":"first","10":"instock","11":"shipping-taxable","12":"product-type-simple"},"_links":{"self":[{"href":"https:\/\/ortopediagot.net\/Inicio\/wp-json\/wp\/v2\/product\/3658"}],"collection":[{"href":"https:\/\/ortopediagot.net\/Inicio\/wp-json\/wp\/v2\/product"}],"about":[{"href":"https:\/\/ortopediagot.net\/Inicio\/wp-json\/wp\/v2\/types\/product"}],"replies":[{"embeddable":true,"href":"https:\/\/ortopediagot.net\/Inicio\/wp-json\/wp\/v2\/comments?post=3658"}],"wp:featuredmedia":[{"embeddable":true,"href":"https:\/\/ortopediagot.net\/Inicio\/wp-json\/wp\/v2\/media\/3659"}],"wp:attachment":[{"href":"https:\/\/ortopediagot.net\/Inicio\/wp-json\/wp\/v2\/media?parent=3658"}],"wp:term":[{"taxonomy":"product_brand","embeddable":true,"href":"https:\/\/ortopediagot.net\/Inicio\/wp-json\/wp\/v2\/product_brand?post=3658"},{"taxonomy":"product_cat","embeddable":true,"href":"https:\/\/ortopediagot.net\/Inicio\/wp-json\/wp\/v2\/product_cat?post=3658"},{"taxonomy":"product_tag","embeddable":true,"href":"https:\/\/ortopediagot.net\/Inicio\/wp-json\/wp\/v2\/product_tag?post=3658"}],"curies":[{"name":"wp","href":"https:\/\/api.w.org\/{rel}","templated":true}]}}