{"id":3664,"date":"2024-06-12T11:28:14","date_gmt":"2024-06-12T10:28:14","guid":{"rendered":"https:\/\/ortopediagot.net\/?post_type=product&#038;p=3664"},"modified":"2024-06-12T11:28:14","modified_gmt":"2024-06-12T10:28:14","slug":"andador-antero-posterior-pivot","status":"publish","type":"product","link":"https:\/\/ortopediagot.net\/Inicio\/producto\/andador-antero-posterior-pivot\/","title":{"rendered":"ANDADOR ANTERO-POSTERIOR PIVOT"},"content":{"rendered":"<p>ANDADOR ANTERO-POSTERIOR PIVOT (826142, 826143, 826144)<\/p>\n<div class=\"tsf-campo-acf-titulo tsf-campo-acf-titulo-caracteristicas tsf_campo-acf tsf_caracteristicas\"><strong>Caracter\u00edsticas<\/strong><\/div>\n<div><\/div>\n<div class=\"tsf-campo-acf-valores tsf-campo-acf-valores-caracteristicas tsf_campo-acf tsf_caracteristicas\">El PIVOT es un andador que se puede utilizar en ambas direcciones de viaje, como un andador cl\u00e1sico o un andador posterior.<br \/>\nTiene varias caracter\u00edsticas de seguridad en su uso: las ruedas giratorias se pueden bloquear en la direcci\u00f3n de la marcha y la facilidad de giro de las ruedas se puede ajustar.<br \/>\nLas ruedas est\u00e1n equipadas con frenos para pausas prolongadas.<br \/>\nBastidor plegable en los tama\u00f1os 2 y 3.<br \/>\nAltura regulable an pasos de 2,5 cm.<br \/>\nPeso de 6 a 8 kg.<br \/>\n3 tallas :<br \/>\nTalla 1 (referencia 826142): Altura: 37,5\/46,25 cm. Ancho: 55.63 cm. Ancho entre barras: 31.25 cm. Longitud: 80 cm. Peso m\u00e1ximo usuario: 34 kg.<br \/>\nTalla 2 (referencia 826143): Altura: 52,5\/65 cm. Ancho: 61.25 cm. Ancho entre barras: 42.50 cm. Longitud: 77,50 cm. Peso m\u00e1ximo usuario: 68 kg.<br \/>\nTalla 3 (referencia 826144): Altura: 72.5\/97.5 cm. Ancho: 66.25 cm. Ancho entre barras: 92.50 cm. Longitud: 77,50 cm. Peso m\u00e1ximo usuario: 91 kg.<\/div>\n<div class=\"tsf-campo-acf-titulo tsf-campo-acf-titulo-pa_tallas tsf_campo-acf tsf_pa_tallas\"><\/div>\n<div><strong>Tallas<\/strong><\/div>\n<div><\/div>\n<div class=\"tsf-campo-acf-valores tsf-campo-acf-valores-pa_tallas tsf_campo-acf tsf_pa_tallas\">T.1, T.2, T.3<\/div>\n","protected":false},"excerpt":{"rendered":"<p>ANDADOR ANTERO-POSTERIOR PIVOT (826142, 826143, 826144) Caracter\u00edsticas El PIVOT es un andador que se puede utilizar en ambas direcciones de viaje, como un andador cl\u00e1sico o un andador posterior. Tiene varias caracter\u00edsticas de seguridad en su uso: las ruedas giratorias se pueden bloquear en la direcci\u00f3n de la marcha y la facilidad de giro de [&hellip;]<\/p>\n","protected":false},"featured_media":3665,"comment_status":"open","ping_status":"closed","template":"","meta":{"saved_in_kubio":false},"product_brand":[],"product_cat":[107],"product_tag":[118],"class_list":{"0":"post-3664","1":"product","2":"type-product","3":"status-publish","4":"has-post-thumbnail","6":"product_cat-andadores-infantiles","7":"product_tag-emo","9":"first","10":"instock","11":"shipping-taxable","12":"product-type-simple"},"_links":{"self":[{"href":"https:\/\/ortopediagot.net\/Inicio\/wp-json\/wp\/v2\/product\/3664"}],"collection":[{"href":"https:\/\/ortopediagot.net\/Inicio\/wp-json\/wp\/v2\/product"}],"about":[{"href":"https:\/\/ortopediagot.net\/Inicio\/wp-json\/wp\/v2\/types\/product"}],"replies":[{"embeddable":true,"href":"https:\/\/ortopediagot.net\/Inicio\/wp-json\/wp\/v2\/comments?post=3664"}],"wp:featuredmedia":[{"embeddable":true,"href":"https:\/\/ortopediagot.net\/Inicio\/wp-json\/wp\/v2\/media\/3665"}],"wp:attachment":[{"href":"https:\/\/ortopediagot.net\/Inicio\/wp-json\/wp\/v2\/media?parent=3664"}],"wp:term":[{"taxonomy":"product_brand","embeddable":true,"href":"https:\/\/ortopediagot.net\/Inicio\/wp-json\/wp\/v2\/product_brand?post=3664"},{"taxonomy":"product_cat","embeddable":true,"href":"https:\/\/ortopediagot.net\/Inicio\/wp-json\/wp\/v2\/product_cat?post=3664"},{"taxonomy":"product_tag","embeddable":true,"href":"https:\/\/ortopediagot.net\/Inicio\/wp-json\/wp\/v2\/product_tag?post=3664"}],"curies":[{"name":"wp","href":"https:\/\/api.w.org\/{rel}","templated":true}]}}