{"id":3668,"date":"2024-06-12T11:31:15","date_gmt":"2024-06-12T10:31:15","guid":{"rendered":"https:\/\/ortopediagot.net\/?post_type=product&#038;p=3668"},"modified":"2024-06-12T11:31:34","modified_gmt":"2024-06-12T10:31:34","slug":"soporte-de-tronco-para-pivot","status":"publish","type":"product","link":"https:\/\/ortopediagot.net\/Inicio\/producto\/soporte-de-tronco-para-pivot\/","title":{"rendered":"SOPORTE DE TRONCO PARA PIVOT"},"content":{"rendered":"<p>SOPORTE DE TRONCO PARA PIVOT (826149, 826150, 826151)<\/p>\n<div class=\"tsf-campo-acf-titulo tsf-campo-acf-titulo-caracteristicas tsf_campo-acf tsf_caracteristicas\"><strong>Caracter\u00edsticas<\/strong><\/div>\n<div><\/div>\n<div class=\"tsf-campo-acf-valores tsf-campo-acf-valores-caracteristicas tsf_campo-acf tsf_caracteristicas\">Este soporte de tronco permite asegurar la parte superior del cuerpo en el \u00e1ngulo deseado.<br \/>\nAjustable en altura, profundidad, anchura y \u00e1ngulo.<br \/>\nAmplia abertura para el posicionamiento en el soporte, sirve como estabilizador p\u00e9lvico en la posici\u00f3n inferior.<br \/>\nC\u00f3modas almohadillas de espuma.<br \/>\n3 tallas disponibles.<\/div>\n<div class=\"tsf-campo-acf-titulo tsf-campo-acf-titulo-pa_tallas tsf_campo-acf tsf_pa_tallas\"><\/div>\n<div><strong>Tallas<\/strong><\/div>\n<div><\/div>\n<div class=\"tsf-campo-acf-valores tsf-campo-acf-valores-pa_tallas tsf_campo-acf tsf_pa_tallas\">T.1, T.2, T.3<\/div>\n","protected":false},"excerpt":{"rendered":"<p>SOPORTE DE TRONCO PARA PIVOT (826149, 826150, 826151) Caracter\u00edsticas Este soporte de tronco permite asegurar la parte superior del cuerpo en el \u00e1ngulo deseado. Ajustable en altura, profundidad, anchura y \u00e1ngulo. Amplia abertura para el posicionamiento en el soporte, sirve como estabilizador p\u00e9lvico en la posici\u00f3n inferior. C\u00f3modas almohadillas de espuma. 3 tallas disponibles. Tallas [&hellip;]<\/p>\n","protected":false},"featured_media":3669,"comment_status":"open","ping_status":"closed","template":"","meta":{"saved_in_kubio":false},"product_brand":[],"product_cat":[120],"product_tag":[118],"class_list":{"0":"post-3668","1":"product","2":"type-product","3":"status-publish","4":"has-post-thumbnail","6":"product_cat-repuestos","7":"product_tag-emo","9":"first","10":"instock","11":"shipping-taxable","12":"product-type-simple"},"_links":{"self":[{"href":"https:\/\/ortopediagot.net\/Inicio\/wp-json\/wp\/v2\/product\/3668"}],"collection":[{"href":"https:\/\/ortopediagot.net\/Inicio\/wp-json\/wp\/v2\/product"}],"about":[{"href":"https:\/\/ortopediagot.net\/Inicio\/wp-json\/wp\/v2\/types\/product"}],"replies":[{"embeddable":true,"href":"https:\/\/ortopediagot.net\/Inicio\/wp-json\/wp\/v2\/comments?post=3668"}],"wp:featuredmedia":[{"embeddable":true,"href":"https:\/\/ortopediagot.net\/Inicio\/wp-json\/wp\/v2\/media\/3669"}],"wp:attachment":[{"href":"https:\/\/ortopediagot.net\/Inicio\/wp-json\/wp\/v2\/media?parent=3668"}],"wp:term":[{"taxonomy":"product_brand","embeddable":true,"href":"https:\/\/ortopediagot.net\/Inicio\/wp-json\/wp\/v2\/product_brand?post=3668"},{"taxonomy":"product_cat","embeddable":true,"href":"https:\/\/ortopediagot.net\/Inicio\/wp-json\/wp\/v2\/product_cat?post=3668"},{"taxonomy":"product_tag","embeddable":true,"href":"https:\/\/ortopediagot.net\/Inicio\/wp-json\/wp\/v2\/product_tag?post=3668"}],"curies":[{"name":"wp","href":"https:\/\/api.w.org\/{rel}","templated":true}]}}