{"id":3670,"date":"2024-06-12T11:33:41","date_gmt":"2024-06-12T10:33:41","guid":{"rendered":"https:\/\/ortopediagot.net\/?post_type=product&#038;p=3670"},"modified":"2024-06-12T11:33:41","modified_gmt":"2024-06-12T10:33:41","slug":"andador-posterior-kaiman","status":"publish","type":"product","link":"https:\/\/ortopediagot.net\/Inicio\/producto\/andador-posterior-kaiman\/","title":{"rendered":"ANDADOR POSTERIOR KAIMAN"},"content":{"rendered":"<p>ANDADOR POSTERIOR KAIMAN (826256)<\/p>\n<div class=\"tsf-campo-acf-titulo tsf-campo-acf-titulo-caracteristicas tsf_campo-acf tsf_caracteristicas\"><strong>Caracteristicas<\/strong><\/div>\n<div><\/div>\n<div class=\"tsf-campo-acf-valores tsf-campo-acf-valores-caracteristicas tsf_campo-acf tsf_caracteristicas\">El andador posterior Kaiman permite una marcha segura con un agarre c\u00f3modo.<br \/>\nEquipada con ruedas delanteras con un di\u00e1metro de 15 cm multidireccionales y ruedas traseras con un di\u00e1metro de 20 cm fijadas con sistema anti-retroceso (se puede desactivar facilmente).<br \/>\nCon empu\u00f1aduras de goma regulable en altura en 12 posiciones. Colores naranja y azul.<br \/>\nDimensiones: Ancho 61 x Profundidad 76 x Alto 50 a 66,5 cm.<br \/>\nPeso 7,5 kg.<br \/>\nAncho del paso 45 cm.<br \/>\nAltura de las empu\u00f1aduras de 52 a 90,5 cm.<br \/>\nOpciones disponibles: culote de asiento con fijaci\u00f3n en cuatro puntos en tres tama\u00f1os, respaldo y sistema antivuelco.<\/div>\n","protected":false},"excerpt":{"rendered":"<p>ANDADOR POSTERIOR KAIMAN (826256) Caracteristicas El andador posterior Kaiman permite una marcha segura con un agarre c\u00f3modo. Equipada con ruedas delanteras con un di\u00e1metro de 15 cm multidireccionales y ruedas traseras con un di\u00e1metro de 20 cm fijadas con sistema anti-retroceso (se puede desactivar facilmente). Con empu\u00f1aduras de goma regulable en altura en 12 posiciones. [&hellip;]<\/p>\n","protected":false},"featured_media":3671,"comment_status":"open","ping_status":"closed","template":"","meta":{"saved_in_kubio":false},"product_brand":[],"product_cat":[107],"product_tag":[118],"class_list":{"0":"post-3670","1":"product","2":"type-product","3":"status-publish","4":"has-post-thumbnail","6":"product_cat-andadores-infantiles","7":"product_tag-emo","9":"first","10":"instock","11":"shipping-taxable","12":"product-type-simple"},"_links":{"self":[{"href":"https:\/\/ortopediagot.net\/Inicio\/wp-json\/wp\/v2\/product\/3670"}],"collection":[{"href":"https:\/\/ortopediagot.net\/Inicio\/wp-json\/wp\/v2\/product"}],"about":[{"href":"https:\/\/ortopediagot.net\/Inicio\/wp-json\/wp\/v2\/types\/product"}],"replies":[{"embeddable":true,"href":"https:\/\/ortopediagot.net\/Inicio\/wp-json\/wp\/v2\/comments?post=3670"}],"wp:featuredmedia":[{"embeddable":true,"href":"https:\/\/ortopediagot.net\/Inicio\/wp-json\/wp\/v2\/media\/3671"}],"wp:attachment":[{"href":"https:\/\/ortopediagot.net\/Inicio\/wp-json\/wp\/v2\/media?parent=3670"}],"wp:term":[{"taxonomy":"product_brand","embeddable":true,"href":"https:\/\/ortopediagot.net\/Inicio\/wp-json\/wp\/v2\/product_brand?post=3670"},{"taxonomy":"product_cat","embeddable":true,"href":"https:\/\/ortopediagot.net\/Inicio\/wp-json\/wp\/v2\/product_cat?post=3670"},{"taxonomy":"product_tag","embeddable":true,"href":"https:\/\/ortopediagot.net\/Inicio\/wp-json\/wp\/v2\/product_tag?post=3670"}],"curies":[{"name":"wp","href":"https:\/\/api.w.org\/{rel}","templated":true}]}}