{"id":3685,"date":"2024-06-12T11:47:01","date_gmt":"2024-06-12T10:47:01","guid":{"rendered":"https:\/\/ortopediagot.net\/?post_type=product&#038;p=3685"},"modified":"2024-06-12T11:47:01","modified_gmt":"2024-06-12T10:47:01","slug":"silla-de-ruedas-infantil-2","status":"publish","type":"product","link":"https:\/\/ortopediagot.net\/Inicio\/producto\/silla-de-ruedas-infantil-2\/","title":{"rendered":"SILLA DE RUEDAS INFANTIL"},"content":{"rendered":"<p>SILLA DE RUEDAS INFANTIL (871003)<\/p>\n<div class=\"tsf-campo-acf-titulo tsf-campo-acf-titulo-caracteristicas tsf_campo-acf tsf_caracteristicas\"><strong>Caracteristicas<\/strong><\/div>\n<div><\/div>\n<div class=\"tsf-campo-acf-valores tsf-campo-acf-valores-caracteristicas tsf_campo-acf tsf_caracteristicas\">Esta silla de ruedas manual est\u00e1 dise\u00f1ada para ni\u00f1os. Totalmente plegable, tiene reposabrazos abatibles, asiento fijo y reposapi\u00e9s abatibles. Las ruedas traseras tienen 51 cm de di\u00e1metro y disponen de pasamanos y frenos. Las ruedas delanteras direccionales son m\u00e1s peque\u00f1as, de 15 cm de di\u00e1metro. Incorpora un cintur\u00f3n para proporcionar una mejor sujeci\u00f3n al usuario. Chasis de acero. Dimensiones totales: anchura 52 x profundidad 90 x altura 84 cm.<br \/>\nPeso: 17,9 kg.<br \/>\nDimensiones del asiento: anchura 35 x profundidad 30 x altura 47 cm. Altura del respaldo 37 cm. Anchura entre reposabrazos 35 cm.<br \/>\nPeso m\u00e1ximo usuario: 80 kg.<\/div>\n","protected":false},"excerpt":{"rendered":"<p>SILLA DE RUEDAS INFANTIL (871003) Caracteristicas Esta silla de ruedas manual est\u00e1 dise\u00f1ada para ni\u00f1os. Totalmente plegable, tiene reposabrazos abatibles, asiento fijo y reposapi\u00e9s abatibles. Las ruedas traseras tienen 51 cm de di\u00e1metro y disponen de pasamanos y frenos. Las ruedas delanteras direccionales son m\u00e1s peque\u00f1as, de 15 cm de di\u00e1metro. Incorpora un cintur\u00f3n para [&hellip;]<\/p>\n","protected":false},"featured_media":3686,"comment_status":"open","ping_status":"closed","template":"","meta":{"saved_in_kubio":false},"product_brand":[],"product_cat":[51],"product_tag":[118],"class_list":{"0":"post-3685","1":"product","2":"type-product","3":"status-publish","4":"has-post-thumbnail","6":"product_cat-sillas-de-ruedas-infantiles","7":"product_tag-emo","9":"first","10":"instock","11":"shipping-taxable","12":"product-type-simple"},"_links":{"self":[{"href":"https:\/\/ortopediagot.net\/Inicio\/wp-json\/wp\/v2\/product\/3685"}],"collection":[{"href":"https:\/\/ortopediagot.net\/Inicio\/wp-json\/wp\/v2\/product"}],"about":[{"href":"https:\/\/ortopediagot.net\/Inicio\/wp-json\/wp\/v2\/types\/product"}],"replies":[{"embeddable":true,"href":"https:\/\/ortopediagot.net\/Inicio\/wp-json\/wp\/v2\/comments?post=3685"}],"wp:featuredmedia":[{"embeddable":true,"href":"https:\/\/ortopediagot.net\/Inicio\/wp-json\/wp\/v2\/media\/3686"}],"wp:attachment":[{"href":"https:\/\/ortopediagot.net\/Inicio\/wp-json\/wp\/v2\/media?parent=3685"}],"wp:term":[{"taxonomy":"product_brand","embeddable":true,"href":"https:\/\/ortopediagot.net\/Inicio\/wp-json\/wp\/v2\/product_brand?post=3685"},{"taxonomy":"product_cat","embeddable":true,"href":"https:\/\/ortopediagot.net\/Inicio\/wp-json\/wp\/v2\/product_cat?post=3685"},{"taxonomy":"product_tag","embeddable":true,"href":"https:\/\/ortopediagot.net\/Inicio\/wp-json\/wp\/v2\/product_tag?post=3685"}],"curies":[{"name":"wp","href":"https:\/\/api.w.org\/{rel}","templated":true}]}}