{"id":3697,"date":"2024-06-12T12:08:18","date_gmt":"2024-06-12T11:08:18","guid":{"rendered":"https:\/\/ortopediagot.net\/?post_type=product&#038;p=3697"},"modified":"2024-06-12T12:08:19","modified_gmt":"2024-06-12T11:08:19","slug":"culote-de-algodon-con-forro-de-pu-talla-34-36","status":"publish","type":"product","link":"https:\/\/ortopediagot.net\/Inicio\/producto\/culote-de-algodon-con-forro-de-pu-talla-34-36\/","title":{"rendered":"CULOTE DE ALGOD\u00d3N CON FORRO DE PU TALLA 34\/36"},"content":{"rendered":"<p>CULOTE DE ALGOD\u00d3N CON FORRO DE PU TALLA 34\/36 (801034.34, 801034.38, 801034.42, 801034.46, 801034.50, 801034.54)<\/p>\n<div class=\"tsf-campo-acf-titulo tsf-campo-acf-titulo-caracteristicas tsf_campo-acf tsf_caracteristicas\"><strong>Caracteristicas<\/strong><\/div>\n<div><\/div>\n<div class=\"tsf-campo-acf-valores tsf-campo-acf-valores-caracteristicas tsf_campo-acf tsf_caracteristicas\">Culote impermeable, muy c\u00f3modo, liviano y flexible.<br \/>\nConfeccionado en poliuretano muy resistente y silencioso.<br \/>\nDe algod\u00f3n 100% y forrado de PU para mayor comodidad.<br \/>\nPrevisto para uso de pa\u00f1ales.<br \/>\nLavable a 60 \u00b0.<\/div>\n<div class=\"tsf-campo-acf-titulo tsf-campo-acf-titulo-pa_tallas tsf_campo-acf tsf_pa_tallas\"><\/div>\n<div><strong>Tallas<\/strong><\/div>\n<div><\/div>\n<div class=\"tsf-campo-acf-valores tsf-campo-acf-valores-pa_tallas tsf_campo-acf tsf_pa_tallas\">34\/36, 38\/40, 42\/44, 46\/48, 50\/52, 54\/56<\/div>\n","protected":false},"excerpt":{"rendered":"<p>CULOTE DE ALGOD\u00d3N CON FORRO DE PU TALLA 34\/36 (801034.34, 801034.38, 801034.42, 801034.46, 801034.50, 801034.54) Caracteristicas Culote impermeable, muy c\u00f3modo, liviano y flexible. Confeccionado en poliuretano muy resistente y silencioso. De algod\u00f3n 100% y forrado de PU para mayor comodidad. Previsto para uso de pa\u00f1ales. Lavable a 60 \u00b0. Tallas 34\/36, 38\/40, 42\/44, 46\/48, 50\/52, [&hellip;]<\/p>\n","protected":false},"featured_media":3698,"comment_status":"open","ping_status":"closed","template":"","meta":{"saved_in_kubio":false},"product_brand":[],"product_cat":[67],"product_tag":[118],"class_list":{"0":"post-3697","1":"product","2":"type-product","3":"status-publish","4":"has-post-thumbnail","6":"product_cat-incontinencia-urinaria","7":"product_tag-emo","9":"first","10":"instock","11":"shipping-taxable","12":"product-type-simple"},"_links":{"self":[{"href":"https:\/\/ortopediagot.net\/Inicio\/wp-json\/wp\/v2\/product\/3697"}],"collection":[{"href":"https:\/\/ortopediagot.net\/Inicio\/wp-json\/wp\/v2\/product"}],"about":[{"href":"https:\/\/ortopediagot.net\/Inicio\/wp-json\/wp\/v2\/types\/product"}],"replies":[{"embeddable":true,"href":"https:\/\/ortopediagot.net\/Inicio\/wp-json\/wp\/v2\/comments?post=3697"}],"wp:featuredmedia":[{"embeddable":true,"href":"https:\/\/ortopediagot.net\/Inicio\/wp-json\/wp\/v2\/media\/3698"}],"wp:attachment":[{"href":"https:\/\/ortopediagot.net\/Inicio\/wp-json\/wp\/v2\/media?parent=3697"}],"wp:term":[{"taxonomy":"product_brand","embeddable":true,"href":"https:\/\/ortopediagot.net\/Inicio\/wp-json\/wp\/v2\/product_brand?post=3697"},{"taxonomy":"product_cat","embeddable":true,"href":"https:\/\/ortopediagot.net\/Inicio\/wp-json\/wp\/v2\/product_cat?post=3697"},{"taxonomy":"product_tag","embeddable":true,"href":"https:\/\/ortopediagot.net\/Inicio\/wp-json\/wp\/v2\/product_tag?post=3697"}],"curies":[{"name":"wp","href":"https:\/\/api.w.org\/{rel}","templated":true}]}}