{"id":3700,"date":"2024-06-12T12:09:51","date_gmt":"2024-06-12T11:09:51","guid":{"rendered":"https:\/\/ortopediagot.net\/?post_type=product&#038;p=3700"},"modified":"2024-06-12T12:09:52","modified_gmt":"2024-06-12T11:09:52","slug":"culote-de-lyocell","status":"publish","type":"product","link":"https:\/\/ortopediagot.net\/Inicio\/producto\/culote-de-lyocell\/","title":{"rendered":"CULOTE DE LYOCELL"},"content":{"rendered":"<p>CULOTE DE LYOCELL (801069.34, 801069.38, 801069.42, 801069.46, 801069.50)<\/p>\n<div class=\"tsf-campo-acf-titulo tsf-campo-acf-titulo-caracteristicas tsf_campo-acf tsf_caracteristicas\"><strong>Caracter\u00edsticas<\/strong><\/div>\n<div><\/div>\n<div class=\"tsf-campo-acf-valores tsf-campo-acf-valores-caracteristicas tsf_campo-acf tsf_caracteristicas\">Material de nueva generaci\u00f3n con propiedades excepcionales: impermeable, silencioso, muy suave al tacto, transpirable, muy suave, act\u00faa como una segunda piel.<br \/>\nAnti-\u00e1caros y anti-bacterias gracias al TencelTM hecha de madera de eucalipto y su pel\u00edcula protectora de poliuretano sin tratamiento qu\u00edmico.<br \/>\nTecnolog\u00eda Dermofresh.<br \/>\nMantenimiento est\u00e1ndar a 95 \u00b0 C, secado m\u00e1ximo 70 \u00b0 C, sin planchado.<br \/>\nCintura el\u00e1stica.<br \/>\n5 tallas disponibles:<\/div>\n<div class=\"tsf-campo-acf-titulo tsf-campo-acf-titulo-pa_tallas tsf_campo-acf tsf_pa_tallas\"><\/div>\n<div><strong>Tallas<\/strong><\/div>\n<div><\/div>\n<div class=\"tsf-campo-acf-valores tsf-campo-acf-valores-pa_tallas tsf_campo-acf tsf_pa_tallas\">34\/36, 38\/40, 42\/44, 46\/48, 50\/52<\/div>\n","protected":false},"excerpt":{"rendered":"<p>CULOTE DE LYOCELL (801069.34, 801069.38, 801069.42, 801069.46, 801069.50) Caracter\u00edsticas Material de nueva generaci\u00f3n con propiedades excepcionales: impermeable, silencioso, muy suave al tacto, transpirable, muy suave, act\u00faa como una segunda piel. Anti-\u00e1caros y anti-bacterias gracias al TencelTM hecha de madera de eucalipto y su pel\u00edcula protectora de poliuretano sin tratamiento qu\u00edmico. Tecnolog\u00eda Dermofresh. Mantenimiento est\u00e1ndar a [&hellip;]<\/p>\n","protected":false},"featured_media":3701,"comment_status":"open","ping_status":"closed","template":"","meta":{"saved_in_kubio":false},"product_brand":[],"product_cat":[67],"product_tag":[118],"class_list":{"0":"post-3700","1":"product","2":"type-product","3":"status-publish","4":"has-post-thumbnail","6":"product_cat-incontinencia-urinaria","7":"product_tag-emo","9":"first","10":"instock","11":"shipping-taxable","12":"product-type-simple"},"_links":{"self":[{"href":"https:\/\/ortopediagot.net\/Inicio\/wp-json\/wp\/v2\/product\/3700"}],"collection":[{"href":"https:\/\/ortopediagot.net\/Inicio\/wp-json\/wp\/v2\/product"}],"about":[{"href":"https:\/\/ortopediagot.net\/Inicio\/wp-json\/wp\/v2\/types\/product"}],"replies":[{"embeddable":true,"href":"https:\/\/ortopediagot.net\/Inicio\/wp-json\/wp\/v2\/comments?post=3700"}],"wp:featuredmedia":[{"embeddable":true,"href":"https:\/\/ortopediagot.net\/Inicio\/wp-json\/wp\/v2\/media\/3701"}],"wp:attachment":[{"href":"https:\/\/ortopediagot.net\/Inicio\/wp-json\/wp\/v2\/media?parent=3700"}],"wp:term":[{"taxonomy":"product_brand","embeddable":true,"href":"https:\/\/ortopediagot.net\/Inicio\/wp-json\/wp\/v2\/product_brand?post=3700"},{"taxonomy":"product_cat","embeddable":true,"href":"https:\/\/ortopediagot.net\/Inicio\/wp-json\/wp\/v2\/product_cat?post=3700"},{"taxonomy":"product_tag","embeddable":true,"href":"https:\/\/ortopediagot.net\/Inicio\/wp-json\/wp\/v2\/product_tag?post=3700"}],"curies":[{"name":"wp","href":"https:\/\/api.w.org\/{rel}","templated":true}]}}