{"id":3702,"date":"2024-06-12T12:11:59","date_gmt":"2024-06-12T11:11:59","guid":{"rendered":"https:\/\/ortopediagot.net\/?post_type=product&#038;p=3702"},"modified":"2024-06-12T12:12:00","modified_gmt":"2024-06-12T11:12:00","slug":"culote-de-lyocell-2","status":"publish","type":"product","link":"https:\/\/ortopediagot.net\/Inicio\/producto\/culote-de-lyocell-2\/","title":{"rendered":"CULOTE DE LYOCELL"},"content":{"rendered":"<p>CULOTE DE LYOCELL (801069.34, 801069.38, 801069.42, 801069.46, 801069.50)<\/p>\n<div class=\"tsf-campo-acf-titulo tsf-campo-acf-titulo-caracteristicas tsf_campo-acf tsf_caracteristicas\"><strong>Caracter\u00edsticas<\/strong><\/div>\n<div><\/div>\n<div class=\"tsf-campo-acf-valores tsf-campo-acf-valores-caracteristicas tsf_campo-acf tsf_caracteristicas\">Los culotes se pueden combinar con todas las formas de protecci\u00f3n, lavable o desechable.<br \/>\nComposici\u00f3n: 83% poli\u00e9ster, 17% poliuretano.<br \/>\n7 tallas disponibles.<\/div>\n<div class=\"tsf-campo-acf-titulo tsf-campo-acf-titulo-pa_tallas tsf_campo-acf tsf_pa_tallas\"><\/div>\n<div><strong>Tallas<\/strong><\/div>\n<div><\/div>\n<div class=\"tsf-campo-acf-valores tsf-campo-acf-valores-pa_tallas tsf_campo-acf tsf_pa_tallas\">T.1, T.2, T.3, T.4, T.5, T.6, T.<\/div>\n","protected":false},"excerpt":{"rendered":"<p>CULOTE DE LYOCELL (801069.34, 801069.38, 801069.42, 801069.46, 801069.50) Caracter\u00edsticas Los culotes se pueden combinar con todas las formas de protecci\u00f3n, lavable o desechable. Composici\u00f3n: 83% poli\u00e9ster, 17% poliuretano. 7 tallas disponibles. Tallas T.1, T.2, T.3, T.4, T.5, T.6, T.<\/p>\n","protected":false},"featured_media":3704,"comment_status":"open","ping_status":"closed","template":"","meta":{"saved_in_kubio":false},"product_brand":[],"product_cat":[67],"product_tag":[118],"class_list":{"0":"post-3702","1":"product","2":"type-product","3":"status-publish","4":"has-post-thumbnail","6":"product_cat-incontinencia-urinaria","7":"product_tag-emo","9":"first","10":"instock","11":"shipping-taxable","12":"product-type-simple"},"_links":{"self":[{"href":"https:\/\/ortopediagot.net\/Inicio\/wp-json\/wp\/v2\/product\/3702"}],"collection":[{"href":"https:\/\/ortopediagot.net\/Inicio\/wp-json\/wp\/v2\/product"}],"about":[{"href":"https:\/\/ortopediagot.net\/Inicio\/wp-json\/wp\/v2\/types\/product"}],"replies":[{"embeddable":true,"href":"https:\/\/ortopediagot.net\/Inicio\/wp-json\/wp\/v2\/comments?post=3702"}],"wp:featuredmedia":[{"embeddable":true,"href":"https:\/\/ortopediagot.net\/Inicio\/wp-json\/wp\/v2\/media\/3704"}],"wp:attachment":[{"href":"https:\/\/ortopediagot.net\/Inicio\/wp-json\/wp\/v2\/media?parent=3702"}],"wp:term":[{"taxonomy":"product_brand","embeddable":true,"href":"https:\/\/ortopediagot.net\/Inicio\/wp-json\/wp\/v2\/product_brand?post=3702"},{"taxonomy":"product_cat","embeddable":true,"href":"https:\/\/ortopediagot.net\/Inicio\/wp-json\/wp\/v2\/product_cat?post=3702"},{"taxonomy":"product_tag","embeddable":true,"href":"https:\/\/ortopediagot.net\/Inicio\/wp-json\/wp\/v2\/product_tag?post=3702"}],"curies":[{"name":"wp","href":"https:\/\/api.w.org\/{rel}","templated":true}]}}