{"id":3705,"date":"2024-06-12T12:13:17","date_gmt":"2024-06-12T11:13:17","guid":{"rendered":"https:\/\/ortopediagot.net\/?post_type=product&#038;p=3705"},"modified":"2024-06-12T12:13:18","modified_gmt":"2024-06-12T11:13:18","slug":"slip-impermeable-para-hombre","status":"publish","type":"product","link":"https:\/\/ortopediagot.net\/Inicio\/producto\/slip-impermeable-para-hombre\/","title":{"rendered":"SLIP IMPERMEABLE PARA HOMBRE"},"content":{"rendered":"<p>SLIP IMPERMEABLE PARA HOMBRE (801075.T2, 801075.T3, 801075.T4, 801075.T5, 801075.T6, 801075.T7)<\/p>\n<div class=\"tsf-campo-acf-titulo tsf-campo-acf-titulo-caracteristicas tsf_campo-acf tsf_caracteristicas\"><strong>Caracteristicas<\/strong><\/div>\n<div><\/div>\n<div class=\"tsf-campo-acf-valores tsf-campo-acf-valores-caracteristicas tsf_campo-acf tsf_caracteristicas\">Los calzoncillos se pueden combinar con todas las formas de protecci\u00f3n, lavables o desechables, cortas o largas.<br \/>\nComposici\u00f3n: 83% poli\u00e9ster, 17% poliuretano.<br \/>\n7 tallas disponibles.<\/div>\n<div class=\"tsf-campo-acf-titulo tsf-campo-acf-titulo-pa_tallas tsf_campo-acf tsf_pa_tallas\"><\/div>\n<div><strong>Tallas<\/strong><\/div>\n<div><\/div>\n<div class=\"tsf-campo-acf-valores tsf-campo-acf-valores-pa_tallas tsf_campo-acf tsf_pa_tallas\">T.2, T.3, T.4, T.5, T.6, T.7<\/div>\n","protected":false},"excerpt":{"rendered":"<p>SLIP IMPERMEABLE PARA HOMBRE (801075.T2, 801075.T3, 801075.T4, 801075.T5, 801075.T6, 801075.T7) Caracteristicas Los calzoncillos se pueden combinar con todas las formas de protecci\u00f3n, lavables o desechables, cortas o largas. Composici\u00f3n: 83% poli\u00e9ster, 17% poliuretano. 7 tallas disponibles. Tallas T.2, T.3, T.4, T.5, T.6, T.7<\/p>\n","protected":false},"featured_media":3706,"comment_status":"open","ping_status":"closed","template":"","meta":{"saved_in_kubio":false},"product_brand":[],"product_cat":[67],"product_tag":[118],"class_list":{"0":"post-3705","1":"product","2":"type-product","3":"status-publish","4":"has-post-thumbnail","6":"product_cat-incontinencia-urinaria","7":"product_tag-emo","9":"first","10":"instock","11":"shipping-taxable","12":"product-type-simple"},"_links":{"self":[{"href":"https:\/\/ortopediagot.net\/Inicio\/wp-json\/wp\/v2\/product\/3705"}],"collection":[{"href":"https:\/\/ortopediagot.net\/Inicio\/wp-json\/wp\/v2\/product"}],"about":[{"href":"https:\/\/ortopediagot.net\/Inicio\/wp-json\/wp\/v2\/types\/product"}],"replies":[{"embeddable":true,"href":"https:\/\/ortopediagot.net\/Inicio\/wp-json\/wp\/v2\/comments?post=3705"}],"wp:featuredmedia":[{"embeddable":true,"href":"https:\/\/ortopediagot.net\/Inicio\/wp-json\/wp\/v2\/media\/3706"}],"wp:attachment":[{"href":"https:\/\/ortopediagot.net\/Inicio\/wp-json\/wp\/v2\/media?parent=3705"}],"wp:term":[{"taxonomy":"product_brand","embeddable":true,"href":"https:\/\/ortopediagot.net\/Inicio\/wp-json\/wp\/v2\/product_brand?post=3705"},{"taxonomy":"product_cat","embeddable":true,"href":"https:\/\/ortopediagot.net\/Inicio\/wp-json\/wp\/v2\/product_cat?post=3705"},{"taxonomy":"product_tag","embeddable":true,"href":"https:\/\/ortopediagot.net\/Inicio\/wp-json\/wp\/v2\/product_tag?post=3705"}],"curies":[{"name":"wp","href":"https:\/\/api.w.org\/{rel}","templated":true}]}}