{"id":3712,"date":"2024-06-12T12:17:19","date_gmt":"2024-06-12T11:17:19","guid":{"rendered":"https:\/\/ortopediagot.net\/?post_type=product&#038;p=3712"},"modified":"2024-06-12T12:17:40","modified_gmt":"2024-06-12T11:17:40","slug":"braguitas-2-caras-impermeables","status":"publish","type":"product","link":"https:\/\/ortopediagot.net\/Inicio\/producto\/braguitas-2-caras-impermeables\/","title":{"rendered":"BRAGUITAS 2 CARAS IMPERMEABLES"},"content":{"rendered":"<p>BRAGUITAS 2 CARAS IMPERMEABLES (801067.T1, 801067.T2, 801067.T3, 801067.T4, 801067.T5, 801067.T6)<\/p>\n<div class=\"tsf-campo-acf-titulo tsf-campo-acf-titulo-caracteristicas tsf_campo-acf tsf_caracteristicas\"><strong>Caracter\u00edsticas<\/strong><\/div>\n<div><\/div>\n<div class=\"tsf-campo-acf-valores tsf-campo-acf-valores-caracteristicas tsf_campo-acf tsf_caracteristicas\">Parte frontal e inferior impermeable, invisible.<br \/>\nTratamiento antimicrobiano y antiolor.<br \/>\n94% algod\u00f3n peinado, 6% elastano.<br \/>\nPiezas impermeables 83% poli\u00e9ster, 17% poliuretano.<br \/>\nTallas 1 a 6.<\/div>\n<div class=\"tsf-campo-acf-titulo tsf-campo-acf-titulo-pa_tallas tsf_campo-acf tsf_pa_tallas\"><\/div>\n<div><strong>Tallas<\/strong><\/div>\n<div><\/div>\n<div class=\"tsf-campo-acf-valores tsf-campo-acf-valores-pa_tallas tsf_campo-acf tsf_pa_tallas\">T.1, T.2, T.3, T.4, T.5, T.6<\/div>\n","protected":false},"excerpt":{"rendered":"<p>BRAGUITAS 2 CARAS IMPERMEABLES (801067.T1, 801067.T2, 801067.T3, 801067.T4, 801067.T5, 801067.T6) Caracter\u00edsticas Parte frontal e inferior impermeable, invisible. Tratamiento antimicrobiano y antiolor. 94% algod\u00f3n peinado, 6% elastano. Piezas impermeables 83% poli\u00e9ster, 17% poliuretano. Tallas 1 a 6. Tallas T.1, T.2, T.3, T.4, T.5, T.6<\/p>\n","protected":false},"featured_media":3713,"comment_status":"open","ping_status":"closed","template":"","meta":{"saved_in_kubio":false},"product_brand":[],"product_cat":[67],"product_tag":[118],"class_list":{"0":"post-3712","1":"product","2":"type-product","3":"status-publish","4":"has-post-thumbnail","6":"product_cat-incontinencia-urinaria","7":"product_tag-emo","9":"first","10":"instock","11":"shipping-taxable","12":"product-type-simple"},"_links":{"self":[{"href":"https:\/\/ortopediagot.net\/Inicio\/wp-json\/wp\/v2\/product\/3712"}],"collection":[{"href":"https:\/\/ortopediagot.net\/Inicio\/wp-json\/wp\/v2\/product"}],"about":[{"href":"https:\/\/ortopediagot.net\/Inicio\/wp-json\/wp\/v2\/types\/product"}],"replies":[{"embeddable":true,"href":"https:\/\/ortopediagot.net\/Inicio\/wp-json\/wp\/v2\/comments?post=3712"}],"wp:featuredmedia":[{"embeddable":true,"href":"https:\/\/ortopediagot.net\/Inicio\/wp-json\/wp\/v2\/media\/3713"}],"wp:attachment":[{"href":"https:\/\/ortopediagot.net\/Inicio\/wp-json\/wp\/v2\/media?parent=3712"}],"wp:term":[{"taxonomy":"product_brand","embeddable":true,"href":"https:\/\/ortopediagot.net\/Inicio\/wp-json\/wp\/v2\/product_brand?post=3712"},{"taxonomy":"product_cat","embeddable":true,"href":"https:\/\/ortopediagot.net\/Inicio\/wp-json\/wp\/v2\/product_cat?post=3712"},{"taxonomy":"product_tag","embeddable":true,"href":"https:\/\/ortopediagot.net\/Inicio\/wp-json\/wp\/v2\/product_tag?post=3712"}],"curies":[{"name":"wp","href":"https:\/\/api.w.org\/{rel}","templated":true}]}}