{"id":3718,"date":"2024-06-12T12:21:06","date_gmt":"2024-06-12T11:21:06","guid":{"rendered":"https:\/\/ortopediagot.net\/?post_type=product&#038;p=3718"},"modified":"2024-06-12T12:21:07","modified_gmt":"2024-06-12T11:21:07","slug":"slip-hombre-blanco-talla-2","status":"publish","type":"product","link":"https:\/\/ortopediagot.net\/Inicio\/producto\/slip-hombre-blanco-talla-2\/","title":{"rendered":"SLIP HOMBRE BLANCO TALLA 2"},"content":{"rendered":"<p>SLIP HOMBRE BLANCO TALLA 2 (801089.T2, 801089.T3, 801089.T4, 801089.T5, 801089.T6, 801089.T7)<\/p>\n<div class=\"tsf-campo-acf-titulo tsf-campo-acf-titulo-caracteristicas tsf_campo-acf tsf_caracteristicas\"><strong>Caracter\u00edsticas<\/strong><\/div>\n<div><\/div>\n<div class=\"tsf-campo-acf-valores tsf-campo-acf-valores-caracteristicas tsf_campo-acf tsf_caracteristicas\">Parte frontal, inferior y reverso impermeable, invisible.<br \/>\nTratamiento antimicrobiano y antiolor.<br \/>\n94% algod\u00f3n peinado, 6% elastano. Forro 83% poli\u00e9ster, 17% poliuretano.<br \/>\nTallas 2 a 7.<br \/>\nColor gris o negro a elegir.<\/div>\n<div class=\"tsf-campo-acf-titulo tsf-campo-acf-titulo-pa_tallas tsf_campo-acf tsf_pa_tallas\"><\/div>\n<div><strong>Tallas<\/strong><\/div>\n<div><\/div>\n<div class=\"tsf-campo-acf-valores tsf-campo-acf-valores-pa_tallas tsf_campo-acf tsf_pa_tallas\">T.2, T.3, T.4, T.5, T.6, T.7<\/div>\n","protected":false},"excerpt":{"rendered":"<p>SLIP HOMBRE BLANCO TALLA 2 (801089.T2, 801089.T3, 801089.T4, 801089.T5, 801089.T6, 801089.T7) Caracter\u00edsticas Parte frontal, inferior y reverso impermeable, invisible. Tratamiento antimicrobiano y antiolor. 94% algod\u00f3n peinado, 6% elastano. Forro 83% poli\u00e9ster, 17% poliuretano. Tallas 2 a 7. Color gris o negro a elegir. Tallas T.2, T.3, T.4, T.5, T.6, T.7<\/p>\n","protected":false},"featured_media":3719,"comment_status":"open","ping_status":"closed","template":"","meta":{"saved_in_kubio":false},"product_brand":[],"product_cat":[67],"product_tag":[118],"class_list":{"0":"post-3718","1":"product","2":"type-product","3":"status-publish","4":"has-post-thumbnail","6":"product_cat-incontinencia-urinaria","7":"product_tag-emo","9":"first","10":"instock","11":"shipping-taxable","12":"product-type-simple"},"_links":{"self":[{"href":"https:\/\/ortopediagot.net\/Inicio\/wp-json\/wp\/v2\/product\/3718"}],"collection":[{"href":"https:\/\/ortopediagot.net\/Inicio\/wp-json\/wp\/v2\/product"}],"about":[{"href":"https:\/\/ortopediagot.net\/Inicio\/wp-json\/wp\/v2\/types\/product"}],"replies":[{"embeddable":true,"href":"https:\/\/ortopediagot.net\/Inicio\/wp-json\/wp\/v2\/comments?post=3718"}],"wp:featuredmedia":[{"embeddable":true,"href":"https:\/\/ortopediagot.net\/Inicio\/wp-json\/wp\/v2\/media\/3719"}],"wp:attachment":[{"href":"https:\/\/ortopediagot.net\/Inicio\/wp-json\/wp\/v2\/media?parent=3718"}],"wp:term":[{"taxonomy":"product_brand","embeddable":true,"href":"https:\/\/ortopediagot.net\/Inicio\/wp-json\/wp\/v2\/product_brand?post=3718"},{"taxonomy":"product_cat","embeddable":true,"href":"https:\/\/ortopediagot.net\/Inicio\/wp-json\/wp\/v2\/product_cat?post=3718"},{"taxonomy":"product_tag","embeddable":true,"href":"https:\/\/ortopediagot.net\/Inicio\/wp-json\/wp\/v2\/product_tag?post=3718"}],"curies":[{"name":"wp","href":"https:\/\/api.w.org\/{rel}","templated":true}]}}