{"id":3720,"date":"2024-06-12T12:22:18","date_gmt":"2024-06-12T11:22:18","guid":{"rendered":"https:\/\/ortopediagot.net\/?post_type=product&#038;p=3720"},"modified":"2024-06-12T12:22:19","modified_gmt":"2024-06-12T11:22:19","slug":"empapador-lavable-75x85-cm","status":"publish","type":"product","link":"https:\/\/ortopediagot.net\/Inicio\/producto\/empapador-lavable-75x85-cm\/","title":{"rendered":"EMPAPADOR LAVABLE 75X85 CM"},"content":{"rendered":"<p>EMPAPADOR LAVABLE 75X85 CM (801097)<\/p>\n<div class=\"tsf-campo-acf-titulo tsf-campo-acf-titulo-caracteristicas tsf_campo-acf tsf_caracteristicas\"><strong>Caracteristicas<\/strong><\/div>\n<div><\/div>\n<div class=\"tsf-campo-acf-valores tsf-campo-acf-valores-caracteristicas tsf_campo-acf tsf_caracteristicas\">Reutilizable Para la protecci\u00f3n de camas, colchones y\/o sillas.<br \/>\nIdeal para una protecci\u00f3n extra contra las fugas. Empapador lavable (hasta 95\u00b0) para un uso prolongado y repetido.<br \/>\nMuy c\u00f3modo, sin arrugas gracias a una superficie s\u00f3lida \u00fanica.<\/div>\n","protected":false},"excerpt":{"rendered":"<p>EMPAPADOR LAVABLE 75X85 CM (801097) Caracteristicas Reutilizable Para la protecci\u00f3n de camas, colchones y\/o sillas. Ideal para una protecci\u00f3n extra contra las fugas. Empapador lavable (hasta 95\u00b0) para un uso prolongado y repetido. Muy c\u00f3modo, sin arrugas gracias a una superficie s\u00f3lida \u00fanica.<\/p>\n","protected":false},"featured_media":3721,"comment_status":"open","ping_status":"closed","template":"","meta":{"saved_in_kubio":false},"product_brand":[],"product_cat":[67],"product_tag":[118],"class_list":{"0":"post-3720","1":"product","2":"type-product","3":"status-publish","4":"has-post-thumbnail","6":"product_cat-incontinencia-urinaria","7":"product_tag-emo","9":"first","10":"instock","11":"shipping-taxable","12":"product-type-simple"},"_links":{"self":[{"href":"https:\/\/ortopediagot.net\/Inicio\/wp-json\/wp\/v2\/product\/3720"}],"collection":[{"href":"https:\/\/ortopediagot.net\/Inicio\/wp-json\/wp\/v2\/product"}],"about":[{"href":"https:\/\/ortopediagot.net\/Inicio\/wp-json\/wp\/v2\/types\/product"}],"replies":[{"embeddable":true,"href":"https:\/\/ortopediagot.net\/Inicio\/wp-json\/wp\/v2\/comments?post=3720"}],"wp:featuredmedia":[{"embeddable":true,"href":"https:\/\/ortopediagot.net\/Inicio\/wp-json\/wp\/v2\/media\/3721"}],"wp:attachment":[{"href":"https:\/\/ortopediagot.net\/Inicio\/wp-json\/wp\/v2\/media?parent=3720"}],"wp:term":[{"taxonomy":"product_brand","embeddable":true,"href":"https:\/\/ortopediagot.net\/Inicio\/wp-json\/wp\/v2\/product_brand?post=3720"},{"taxonomy":"product_cat","embeddable":true,"href":"https:\/\/ortopediagot.net\/Inicio\/wp-json\/wp\/v2\/product_cat?post=3720"},{"taxonomy":"product_tag","embeddable":true,"href":"https:\/\/ortopediagot.net\/Inicio\/wp-json\/wp\/v2\/product_tag?post=3720"}],"curies":[{"name":"wp","href":"https:\/\/api.w.org\/{rel}","templated":true}]}}