{"id":3741,"date":"2024-06-12T12:35:30","date_gmt":"2024-06-12T11:35:30","guid":{"rendered":"https:\/\/ortopediagot.net\/?post_type=product&#038;p=3741"},"modified":"2024-06-12T12:35:31","modified_gmt":"2024-06-12T11:35:31","slug":"bragas-menstruales-agathe","status":"publish","type":"product","link":"https:\/\/ortopediagot.net\/Inicio\/producto\/bragas-menstruales-agathe\/","title":{"rendered":"BRAGAS MENSTRUALES AGATHE"},"content":{"rendered":"<p>BRAGAS MENSTRUALES AGATHE (801173.S, 801173.M, 801173.L, 801173.XL, 801173.XXL)<\/p>\n<div class=\"tsf-campo-acf-titulo tsf-campo-acf-titulo-caracteristicas tsf_campo-acf tsf_caracteristicas\"><strong>Caracter\u00edsticas<\/strong><\/div>\n<div><\/div>\n<div class=\"tsf-campo-acf-valores tsf-campo-acf-valores-caracteristicas tsf_campo-acf tsf_caracteristicas\">Braguitas lavables y reutilizables. Protecci\u00f3n para flujo medio. C\u00f3modas y absorbentes. Forrada con Lyocell y algod\u00f3n org\u00e1nico elastano. Lavar a 30\u00b0C. No secar en secadora. Color negro.<\/div>\n<div class=\"tsf-campo-acf-titulo tsf-campo-acf-titulo-pa_tallas tsf_campo-acf tsf_pa_tallas\"><\/div>\n<div><strong>Tallas<\/strong><\/div>\n<div><\/div>\n<div class=\"tsf-campo-acf-valores tsf-campo-acf-valores-pa_tallas tsf_campo-acf tsf_pa_tallas\">34\/36, 38\/40, 42\/44, 46\/48, 50\/52<\/div>\n","protected":false},"excerpt":{"rendered":"<p>BRAGAS MENSTRUALES AGATHE (801173.S, 801173.M, 801173.L, 801173.XL, 801173.XXL) Caracter\u00edsticas Braguitas lavables y reutilizables. Protecci\u00f3n para flujo medio. C\u00f3modas y absorbentes. Forrada con Lyocell y algod\u00f3n org\u00e1nico elastano. Lavar a 30\u00b0C. No secar en secadora. Color negro. Tallas 34\/36, 38\/40, 42\/44, 46\/48, 50\/52<\/p>\n","protected":false},"featured_media":3742,"comment_status":"open","ping_status":"closed","template":"","meta":{"saved_in_kubio":false},"product_brand":[],"product_cat":[67],"product_tag":[118],"class_list":{"0":"post-3741","1":"product","2":"type-product","3":"status-publish","4":"has-post-thumbnail","6":"product_cat-incontinencia-urinaria","7":"product_tag-emo","9":"first","10":"instock","11":"shipping-taxable","12":"product-type-simple"},"_links":{"self":[{"href":"https:\/\/ortopediagot.net\/Inicio\/wp-json\/wp\/v2\/product\/3741"}],"collection":[{"href":"https:\/\/ortopediagot.net\/Inicio\/wp-json\/wp\/v2\/product"}],"about":[{"href":"https:\/\/ortopediagot.net\/Inicio\/wp-json\/wp\/v2\/types\/product"}],"replies":[{"embeddable":true,"href":"https:\/\/ortopediagot.net\/Inicio\/wp-json\/wp\/v2\/comments?post=3741"}],"wp:featuredmedia":[{"embeddable":true,"href":"https:\/\/ortopediagot.net\/Inicio\/wp-json\/wp\/v2\/media\/3742"}],"wp:attachment":[{"href":"https:\/\/ortopediagot.net\/Inicio\/wp-json\/wp\/v2\/media?parent=3741"}],"wp:term":[{"taxonomy":"product_brand","embeddable":true,"href":"https:\/\/ortopediagot.net\/Inicio\/wp-json\/wp\/v2\/product_brand?post=3741"},{"taxonomy":"product_cat","embeddable":true,"href":"https:\/\/ortopediagot.net\/Inicio\/wp-json\/wp\/v2\/product_cat?post=3741"},{"taxonomy":"product_tag","embeddable":true,"href":"https:\/\/ortopediagot.net\/Inicio\/wp-json\/wp\/v2\/product_tag?post=3741"}],"curies":[{"name":"wp","href":"https:\/\/api.w.org\/{rel}","templated":true}]}}