{"id":3745,"date":"2024-06-12T16:25:11","date_gmt":"2024-06-12T15:25:11","guid":{"rendered":"https:\/\/ortopediagot.net\/?post_type=product&#038;p=3745"},"modified":"2024-06-12T16:25:11","modified_gmt":"2024-06-12T15:25:11","slug":"pa20-silicoplant-silicona-para-podologia-20-a","status":"publish","type":"product","link":"https:\/\/ortopediagot.net\/Inicio\/producto\/pa20-silicoplant-silicona-para-podologia-20-a\/","title":{"rendered":"PA20 SILICOPLANT SILICONA PARA PODOLOGIA 20 A"},"content":{"rendered":"<p>Dise\u00f1o y elaboraci\u00f3n de ortesis para:<br \/>\nHelomas o callosidades<br \/>\nHallux Valgus<br \/>\nDedos en garra y martillo<br \/>\nQuintus varus ( juanete de sastre )<br \/>\nSobrepresiones y rozaduras<\/p>\n<div class=\"tsf-campo-acf-titulo tsf-campo-acf-titulo-caracteristicas tsf_campo-acf tsf_caracteristicas\"><strong>Caracter\u00edsticas<\/strong><\/div>\n<div><\/div>\n<div class=\"tsf-campo-acf-valores tsf-campo-acf-valores-caracteristicas tsf_campo-acf tsf_caracteristicas\">Pasta m\u00e9dica modelable al 50% de A y B a temperatura ambiente.<br \/>\nDureza Shore A 20, blanda.<br \/>\nIdeal para la elaboraci\u00f3n de ortesis podol\u00f3gicas a medida.<br \/>\nDe tacto suave y agradable.<br \/>\nSe adapta a la temperatura corporal.<br \/>\nEs lavable.<\/div>\n","protected":false},"excerpt":{"rendered":"<p>Dise\u00f1o y elaboraci\u00f3n de ortesis para: Helomas o callosidades Hallux Valgus Dedos en garra y martillo Quintus varus ( juanete de sastre ) Sobrepresiones y rozaduras Caracter\u00edsticas Pasta m\u00e9dica modelable al 50% de A y B a temperatura ambiente. Dureza Shore A 20, blanda. Ideal para la elaboraci\u00f3n de ortesis podol\u00f3gicas a medida. De tacto [&hellip;]<\/p>\n","protected":false},"featured_media":3746,"comment_status":"open","ping_status":"closed","template":"","meta":{"saved_in_kubio":false},"product_brand":[],"product_cat":[126],"product_tag":[118],"class_list":{"0":"post-3745","1":"product","2":"type-product","3":"status-publish","4":"has-post-thumbnail","6":"product_cat-protectores","7":"product_tag-emo","9":"first","10":"instock","11":"shipping-taxable","12":"product-type-simple"},"_links":{"self":[{"href":"https:\/\/ortopediagot.net\/Inicio\/wp-json\/wp\/v2\/product\/3745"}],"collection":[{"href":"https:\/\/ortopediagot.net\/Inicio\/wp-json\/wp\/v2\/product"}],"about":[{"href":"https:\/\/ortopediagot.net\/Inicio\/wp-json\/wp\/v2\/types\/product"}],"replies":[{"embeddable":true,"href":"https:\/\/ortopediagot.net\/Inicio\/wp-json\/wp\/v2\/comments?post=3745"}],"wp:featuredmedia":[{"embeddable":true,"href":"https:\/\/ortopediagot.net\/Inicio\/wp-json\/wp\/v2\/media\/3746"}],"wp:attachment":[{"href":"https:\/\/ortopediagot.net\/Inicio\/wp-json\/wp\/v2\/media?parent=3745"}],"wp:term":[{"taxonomy":"product_brand","embeddable":true,"href":"https:\/\/ortopediagot.net\/Inicio\/wp-json\/wp\/v2\/product_brand?post=3745"},{"taxonomy":"product_cat","embeddable":true,"href":"https:\/\/ortopediagot.net\/Inicio\/wp-json\/wp\/v2\/product_cat?post=3745"},{"taxonomy":"product_tag","embeddable":true,"href":"https:\/\/ortopediagot.net\/Inicio\/wp-json\/wp\/v2\/product_tag?post=3745"}],"curies":[{"name":"wp","href":"https:\/\/api.w.org\/{rel}","templated":true}]}}