{"id":3751,"date":"2024-06-12T16:29:47","date_gmt":"2024-06-12T15:29:47","guid":{"rendered":"https:\/\/ortopediagot.net\/?post_type=product&#038;p=3751"},"modified":"2024-06-12T16:29:48","modified_gmt":"2024-06-12T15:29:48","slug":"pg112-silicoplant-dedil-protector-de-gel-cubierto-de-tejido-elastico","status":"publish","type":"product","link":"https:\/\/ortopediagot.net\/Inicio\/producto\/pg112-silicoplant-dedil-protector-de-gel-cubierto-de-tejido-elastico\/","title":{"rendered":"PG112 SILICOPLANT DEDIL PROTECTOR DE GEL CUBIERTO DE TEJIDO EL\u00c1STICO"},"content":{"rendered":"<p>Protecci\u00f3n en lesiones de la superficie del dedo del pie.<br \/>\nCallosidades interdigitales ( ojos de gallo o helomas)<br \/>\nDedos en martillo<br \/>\nDedos superpuestos o infrapuestos.<br \/>\nLesiones querat\u00f3sicas<br \/>\nDedos parcialmente amputados.<br \/>\nProblemas cut\u00e1neos o ungulares debidos a sequedad.<br \/>\nU\u00f1as encarnadas<\/p>\n<div class=\"tsf-campo-acf-titulo tsf-campo-acf-titulo-caracteristicas tsf_campo-acf tsf_caracteristicas\"><strong>Caracter\u00edsticas<\/strong><\/div>\n<div><\/div>\n<div class=\"tsf-campo-acf-valores tsf-campo-acf-valores-caracteristicas tsf_campo-acf tsf_caracteristicas\">Dedil protrctor de gel forrado de tejido<br \/>\nLongitud de 60 mm.<br \/>\nLavable y reutilizable.<br \/>\n1 unidad<\/p>\n<\/div>\n<div class=\"tsf-campo-acf-titulo tsf-campo-acf-titulo-pa_tallas tsf_campo-acf tsf_pa_tallas\"><b><i>Tallas<\/i><\/b><\/div>\n<div><\/div>\n<div class=\"tsf-campo-acf-valores tsf-campo-acf-valores-pa_tallas tsf_campo-acf tsf_pa_tallas\">S, L<\/div>\n<div class=\"tsf-campo-acf-valores tsf-campo-acf-valores-tallas_medidas tsf_campo-acf tsf_pa_tallas_medidas\">DI\u00c1METRO<br \/>\nS (15 MM) , L (20 MM).<\/div>\n","protected":false},"excerpt":{"rendered":"<p>Protecci\u00f3n en lesiones de la superficie del dedo del pie. Callosidades interdigitales ( ojos de gallo o helomas) Dedos en martillo Dedos superpuestos o infrapuestos. Lesiones querat\u00f3sicas Dedos parcialmente amputados. Problemas cut\u00e1neos o ungulares debidos a sequedad. U\u00f1as encarnadas Caracter\u00edsticas Dedil protrctor de gel forrado de tejido Longitud de 60 mm. Lavable y reutilizable. 1 [&hellip;]<\/p>\n","protected":false},"featured_media":3752,"comment_status":"open","ping_status":"closed","template":"","meta":{"saved_in_kubio":false},"product_brand":[],"product_cat":[126],"product_tag":[118],"class_list":{"0":"post-3751","1":"product","2":"type-product","3":"status-publish","4":"has-post-thumbnail","6":"product_cat-protectores","7":"product_tag-emo","9":"first","10":"instock","11":"shipping-taxable","12":"product-type-simple"},"_links":{"self":[{"href":"https:\/\/ortopediagot.net\/Inicio\/wp-json\/wp\/v2\/product\/3751"}],"collection":[{"href":"https:\/\/ortopediagot.net\/Inicio\/wp-json\/wp\/v2\/product"}],"about":[{"href":"https:\/\/ortopediagot.net\/Inicio\/wp-json\/wp\/v2\/types\/product"}],"replies":[{"embeddable":true,"href":"https:\/\/ortopediagot.net\/Inicio\/wp-json\/wp\/v2\/comments?post=3751"}],"wp:featuredmedia":[{"embeddable":true,"href":"https:\/\/ortopediagot.net\/Inicio\/wp-json\/wp\/v2\/media\/3752"}],"wp:attachment":[{"href":"https:\/\/ortopediagot.net\/Inicio\/wp-json\/wp\/v2\/media?parent=3751"}],"wp:term":[{"taxonomy":"product_brand","embeddable":true,"href":"https:\/\/ortopediagot.net\/Inicio\/wp-json\/wp\/v2\/product_brand?post=3751"},{"taxonomy":"product_cat","embeddable":true,"href":"https:\/\/ortopediagot.net\/Inicio\/wp-json\/wp\/v2\/product_cat?post=3751"},{"taxonomy":"product_tag","embeddable":true,"href":"https:\/\/ortopediagot.net\/Inicio\/wp-json\/wp\/v2\/product_tag?post=3751"}],"curies":[{"name":"wp","href":"https:\/\/api.w.org\/{rel}","templated":true}]}}