{"id":3757,"date":"2024-06-13T09:20:01","date_gmt":"2024-06-13T08:20:01","guid":{"rendered":"https:\/\/ortopediagot.net\/?post_type=product&#038;p=3757"},"modified":"2024-06-13T09:20:02","modified_gmt":"2024-06-13T08:20:02","slug":"pg421-silicoplant-almohadilla-metatarsal-de-gel-recubierta-de-tejido","status":"publish","type":"product","link":"https:\/\/ortopediagot.net\/Inicio\/producto\/pg421-silicoplant-almohadilla-metatarsal-de-gel-recubierta-de-tejido\/","title":{"rendered":"PG421 SILICOPLANT ALMOHADILLA METATARSAL DE GEL RECUBIERTA DE TEJIDO"},"content":{"rendered":"<p>Sobrecargas metatarsales.<br \/>\nCallosidades metatarsales.<br \/>\nHelomas<br \/>\nRozaduras<\/p>\n<div class=\"tsf-campo-acf-titulo tsf-campo-acf-titulo-caracteristicas tsf_campo-acf tsf_caracteristicas\"><strong>Caracter\u00edsticas<\/strong><\/div>\n<div><\/div>\n<div class=\"tsf-campo-acf-valores tsf-campo-acf-valores-caracteristicas tsf_campo-acf tsf_caracteristicas\">Protector metatarsal fabricado en tejido bicapa con una capa de 2mm de gel en su interior.<br \/>\nEl gel se ajusta a las prominencias \u00f3seas y fluye en todas las direcciones cuando se somete a peso o presi\u00f3n minimizando las fuerzas de choque y vibraci\u00f3n.<br \/>\nNo se nota dentro del calzado.<br \/>\nPar<\/div>\n<div class=\"tsf-campo-acf-titulo tsf-campo-acf-titulo-pa_tallas tsf_campo-acf tsf_pa_tallas\"><\/div>\n<div><strong>Tallas<\/strong><\/div>\n<div><\/div>\n<div class=\"tsf-campo-acf-valores tsf-campo-acf-valores-pa_tallas tsf_campo-acf tsf_pa_tallas\">S, L<\/div>\n<div class=\"tsf-campo-acf-valores tsf-campo-acf-valores-tallas_medidas tsf_campo-acf tsf_pa_tallas_medidas\">LARGO \/ ANCHO \/ ALTURA (CM)<br \/>\nS (9,3 \/ 10 \/ 0,3) , L (10,4 \/10,4 \/ 0,3 )<\/div>\n","protected":false},"excerpt":{"rendered":"<p>Sobrecargas metatarsales. Callosidades metatarsales. Helomas Rozaduras Caracter\u00edsticas Protector metatarsal fabricado en tejido bicapa con una capa de 2mm de gel en su interior. El gel se ajusta a las prominencias \u00f3seas y fluye en todas las direcciones cuando se somete a peso o presi\u00f3n minimizando las fuerzas de choque y vibraci\u00f3n. No se nota dentro [&hellip;]<\/p>\n","protected":false},"featured_media":3758,"comment_status":"open","ping_status":"closed","template":"","meta":{"saved_in_kubio":false},"product_brand":[],"product_cat":[126],"product_tag":[118],"class_list":{"0":"post-3757","1":"product","2":"type-product","3":"status-publish","4":"has-post-thumbnail","6":"product_cat-protectores","7":"product_tag-emo","9":"first","10":"instock","11":"shipping-taxable","12":"product-type-simple"},"_links":{"self":[{"href":"https:\/\/ortopediagot.net\/Inicio\/wp-json\/wp\/v2\/product\/3757"}],"collection":[{"href":"https:\/\/ortopediagot.net\/Inicio\/wp-json\/wp\/v2\/product"}],"about":[{"href":"https:\/\/ortopediagot.net\/Inicio\/wp-json\/wp\/v2\/types\/product"}],"replies":[{"embeddable":true,"href":"https:\/\/ortopediagot.net\/Inicio\/wp-json\/wp\/v2\/comments?post=3757"}],"wp:featuredmedia":[{"embeddable":true,"href":"https:\/\/ortopediagot.net\/Inicio\/wp-json\/wp\/v2\/media\/3758"}],"wp:attachment":[{"href":"https:\/\/ortopediagot.net\/Inicio\/wp-json\/wp\/v2\/media?parent=3757"}],"wp:term":[{"taxonomy":"product_brand","embeddable":true,"href":"https:\/\/ortopediagot.net\/Inicio\/wp-json\/wp\/v2\/product_brand?post=3757"},{"taxonomy":"product_cat","embeddable":true,"href":"https:\/\/ortopediagot.net\/Inicio\/wp-json\/wp\/v2\/product_cat?post=3757"},{"taxonomy":"product_tag","embeddable":true,"href":"https:\/\/ortopediagot.net\/Inicio\/wp-json\/wp\/v2\/product_tag?post=3757"}],"curies":[{"name":"wp","href":"https:\/\/api.w.org\/{rel}","templated":true}]}}